{"id":13,"date":"2012-12-15T13:31:45","date_gmt":"2012-12-15T12:31:45","guid":{"rendered":"http:\/\/thinkingafrica.org\/V2\/?page_id=13"},"modified":"2014-10-12T19:08:49","modified_gmt":"2014-10-12T17:08:49","slug":"equipe-de-recherche","status":"publish","type":"page","link":"https:\/\/www.thinkingafrica.org\/V2\/thinking-africa\/equipe-de-recherche\/","title":{"rendered":"Equipe de recherche"},"content":{"rendered":"<p><a title=\"Hassatou Bald\u00e9\" href=\"http:\/\/www.thinkingafrica.org\/V2\/thinking-africa\/equipe-de-recherche\/hassatou-balde\/\"><strong>Hassatou BALDE<\/strong><\/a><br \/>\n<strong>Experte\/Analyste<\/strong><br \/>\n<em>Qualifications\/ Dipl\u00f4mes:<\/em> Docteur en droit international<br \/>\n<em>Expertise:<\/em> Paix et s\u00e9curit\u00e9; armes l\u00e9g\u00e8res; d\u00e9sarmement; enfants soldats; Etat de droit; organisations africaines; union africaine, CEDEAO.<br \/>\n<em>Sp\u00e9cialit\u00e9:<\/em> Afrique<br \/>\n<em>Contact:<\/em> hassbal@gmail.com<\/p>\n<p><a title=\"Samia chabouni\" href=\"http:\/\/www.thinkingafrica.org\/V2\/thinking-africa\/equipe-de-recherche\/samia-chabouni\/\"><strong>Samia CHABOUNI<\/strong><\/a><br \/>\n<strong>Experte\/Analyste<\/strong><br \/>\n<em>Qualifications\/ Dipl\u00f4mes:<\/em> Magist\u00e8re en sciences politiques et relations internationales, option relations internationales: Strat\u00e9gie et prospectives (doctorante).<br \/>\n<em>Expertise:<\/em> l\u2019Etat en Afrique et transitions d\u00e9mocratiques, conflits intra-\u00e9tatique, s\u00e9curit\u00e9.<br \/>\n<em>Sp\u00e9cialit\u00e9:<\/em> Rwanda, Afrique Centrale<br \/>\n<em>Contact:<\/em> samia.chabouni@yahoo.fr<\/p>\n<p><a title=\"Netton Prince Tawa\" href=\"http:\/\/www.thinkingafrica.org\/V2\/thinking-africa\/experts-affilies\/netton-prince-tawa\/\"><strong>Netton Prince TAWA<\/strong><\/a><br \/>\n<em>Qualifications\/Dipl\u00f4mes:<\/em> DEA en gestion et pr\u00e9vention des conflits, DEA en droit international public, Doctorant en sciences politiques (Paris 2) et chercheur au centre Thucydide<br \/>\n<em>Expertise:<\/em> Justice p\u00e9nale internationale, relations des anciennes puissances coloniales dans leurs rapports aux conflits arm\u00e9s en Afrique apr\u00e8s 1994<br \/>\n<em>Sp\u00e9cialit\u00e9:<\/em> Sierra Leone et C\u00f4te d&rsquo;Ivoire<br \/>\n<em>Contact:<\/em> nettonprince@yahoo.fr<\/p>\n<p><a title=\"Alphonse Zozime Tamekamta\" href=\"http:\/\/www.thinkingafrica.org\/V2\/thinking-africa\/equipe-de-recherche\/alphonse-zozime-tamekamta\/\"><strong>Alphonse ZOZIME TAMEKAMTA<\/strong><\/a><br \/>\n<em>Qualification\/dipl\u00f4mes:<\/em> DIPES I &amp; II en Histoire, \u00c9tudes de Ma\u00eetrise en Science politique, DEA en Histoire des relations internationales, Doctorant terminal<br \/>\n<em>Expertise:<\/em> Conflits, s\u00e9curit\u00e9, int\u00e9gration, gouvernance et d\u00e9veloppement en Afrique<br \/>\n<em>Sp\u00e9cialit\u00e9:<\/em> Afrique centrale (CEMAC)<br \/>\n<em>Contact:<\/em> tzozime@yahoo.fr<\/p>\n<p><a title=\"Roger NGUEMA-OBAME\" href=\"http:\/\/www.thinkingafrica.org\/V2\/thinking-africa\/equipe-de-recherche\/roger-nguema-obame\/\"><strong>Roger NGUEMA-OBAME<\/strong><\/a><br \/>\n<em>Qualifications\/ Dipl\u00f4mes:<\/em> Docteur en sociologie<br \/>\n<em>Expertise:<\/em> Politique, Religion<br \/>\n<em>Sp\u00e9cialit\u00e9:<\/em> Politiques publiques, D\u00e9veloppement rural, Pauvret\u00e9 et paup\u00e9risation, Pentec\u00f4tisme.<br \/>\n<em>Contact<\/em>: rnguemaobame@gmail.com<\/p>\n","protected":false},"excerpt":{"rendered":"<p>Hassatou BALDE Experte\/Analyste Qualifications\/ Dipl\u00f4mes: Docteur en droit international Expertise: Paix et s\u00e9curit\u00e9; armes l\u00e9g\u00e8res; d\u00e9sarmement; enfants soldats; Etat de droit; organisations africaines; union africaine, CEDEAO. Sp\u00e9cialit\u00e9: Afrique Contact: hassbal@gmail.com Samia CHABOUNI Experte\/Analyste Qualifications\/ Dipl\u00f4mes: Magist\u00e8re en sciences politiques et relations internationales, option relations internationales: Strat\u00e9gie et prospectives (doctorante). Expertise: l\u2019Etat en Afrique et transitions [&hellip;]<\/p>\n","protected":false},"author":1,"featured_media":0,"parent":5,"menu_order":0,"comment_status":"open","ping_status":"open","template":"","meta":{"_acf_changed":false,"rs_blank_template":"","rs_page_bg_color":"","slide_template_v7":"","footnotes":""},"class_list":["post-13","page","type-page","status-publish","hentry"],"acf":[],"yoast_head":"<!-- This site is optimized with the Yoast SEO plugin v27.5 - https:\/\/yoast.com\/product\/yoast-seo-wordpress\/ -->\n<title>Equipe de recherche - Thinking Africa<\/title>\n<meta name=\"robots\" content=\"index, follow, max-snippet:-1, max-image-preview:large, max-video-preview:-1\" \/>\n<link rel=\"canonical\" href=\"https:\/\/www.thinkingafrica.org\/V2\/thinking-africa\/equipe-de-recherche\/\" \/>\n<meta property=\"og:locale\" content=\"fr_FR\" \/>\n<meta property=\"og:type\" content=\"article\" \/>\n<meta property=\"og:title\" content=\"Equipe de recherche - Thinking Africa\" \/>\n<meta property=\"og:description\" content=\"Hassatou BALDE Experte\/Analyste Qualifications\/ Dipl\u00f4mes: Docteur en droit international Expertise: Paix et s\u00e9curit\u00e9; armes l\u00e9g\u00e8res; d\u00e9sarmement; enfants soldats; Etat de droit; organisations africaines; union africaine, CEDEAO. Sp\u00e9cialit\u00e9: Afrique Contact: hassbal@gmail.com Samia CHABOUNI Experte\/Analyste Qualifications\/ Dipl\u00f4mes: Magist\u00e8re en sciences politiques et relations internationales, option relations internationales: Strat\u00e9gie et prospectives (doctorante). Expertise: l\u2019Etat en Afrique et transitions [&hellip;]\" \/>\n<meta property=\"og:url\" content=\"https:\/\/www.thinkingafrica.org\/V2\/thinking-africa\/equipe-de-recherche\/\" \/>\n<meta property=\"og:site_name\" content=\"Thinking Africa\" \/>\n<meta property=\"article:modified_time\" content=\"2014-10-12T17:08:49+00:00\" \/>\n<meta property=\"og:image\" content=\"https:\/\/www.thinkingafrica.org\/V2\/wp-content\/uploads\/2020\/05\/TA-Logo-transparent.png\" \/>\n\t<meta property=\"og:image:width\" content=\"512\" \/>\n\t<meta property=\"og:image:height\" content=\"512\" \/>\n\t<meta property=\"og:image:type\" content=\"image\/png\" \/>\n<meta name=\"twitter:card\" content=\"summary_large_image\" \/>\n<meta name=\"twitter:label1\" content=\"Dur\u00e9e de lecture estim\u00e9e\" \/>\n\t<meta name=\"twitter:data1\" content=\"1 minute\" \/>\n<script type=\"application\/ld+json\" class=\"yoast-schema-graph\">{\"@context\":\"https:\\\/\\\/schema.org\",\"@graph\":[{\"@type\":\"WebPage\",\"@id\":\"https:\\\/\\\/www.thinkingafrica.org\\\/V2\\\/thinking-africa\\\/equipe-de-recherche\\\/\",\"url\":\"https:\\\/\\\/www.thinkingafrica.org\\\/V2\\\/thinking-africa\\\/equipe-de-recherche\\\/\",\"name\":\"Equipe de recherche - Thinking Africa\",\"isPartOf\":{\"@id\":\"https:\\\/\\\/www.thinkingafrica.org\\\/V2\\\/#website\"},\"datePublished\":\"2012-12-15T12:31:45+00:00\",\"dateModified\":\"2014-10-12T17:08:49+00:00\",\"breadcrumb\":{\"@id\":\"https:\\\/\\\/www.thinkingafrica.org\\\/V2\\\/thinking-africa\\\/equipe-de-recherche\\\/#breadcrumb\"},\"inLanguage\":\"fr-FR\",\"potentialAction\":[{\"@type\":\"ReadAction\",\"target\":[\"https:\\\/\\\/www.thinkingafrica.org\\\/V2\\\/thinking-africa\\\/equipe-de-recherche\\\/\"]}]},{\"@type\":\"BreadcrumbList\",\"@id\":\"https:\\\/\\\/www.thinkingafrica.org\\\/V2\\\/thinking-africa\\\/equipe-de-recherche\\\/#breadcrumb\",\"itemListElement\":[{\"@type\":\"ListItem\",\"position\":1,\"name\":\"Accueil\",\"item\":\"https:\\\/\\\/www.thinkingafrica.org\\\/V2\\\/\"},{\"@type\":\"ListItem\",\"position\":2,\"name\":\"Thinking Africa\",\"item\":\"https:\\\/\\\/www.thinkingafrica.org\\\/V2\\\/thinking-africa\\\/\"},{\"@type\":\"ListItem\",\"position\":3,\"name\":\"Equipe de recherche\"}]},{\"@type\":\"WebSite\",\"@id\":\"https:\\\/\\\/www.thinkingafrica.org\\\/V2\\\/#website\",\"url\":\"https:\\\/\\\/www.thinkingafrica.org\\\/V2\\\/\",\"name\":\"Thinking Africa\",\"description\":\"Recherche, r\u00e9flexions et ressources pour r\u00e9inventer le leadership africain\",\"potentialAction\":[{\"@type\":\"SearchAction\",\"target\":{\"@type\":\"EntryPoint\",\"urlTemplate\":\"https:\\\/\\\/www.thinkingafrica.org\\\/V2\\\/?s={search_term_string}\"},\"query-input\":{\"@type\":\"PropertyValueSpecification\",\"valueRequired\":true,\"valueName\":\"search_term_string\"}}],\"inLanguage\":\"fr-FR\"}]}<\/script>\n<!-- \/ Yoast SEO plugin. -->","yoast_head_json":{"title":"Equipe de recherche - Thinking Africa","robots":{"index":"index","follow":"follow","max-snippet":"max-snippet:-1","max-image-preview":"max-image-preview:large","max-video-preview":"max-video-preview:-1"},"canonical":"https:\/\/www.thinkingafrica.org\/V2\/thinking-africa\/equipe-de-recherche\/","og_locale":"fr_FR","og_type":"article","og_title":"Equipe de recherche - Thinking Africa","og_description":"Hassatou BALDE Experte\/Analyste Qualifications\/ Dipl\u00f4mes: Docteur en droit international Expertise: Paix et s\u00e9curit\u00e9; armes l\u00e9g\u00e8res; d\u00e9sarmement; enfants soldats; Etat de droit; organisations africaines; union africaine, CEDEAO. Sp\u00e9cialit\u00e9: Afrique Contact: hassbal@gmail.com Samia CHABOUNI Experte\/Analyste Qualifications\/ Dipl\u00f4mes: Magist\u00e8re en sciences politiques et relations internationales, option relations internationales: Strat\u00e9gie et prospectives (doctorante). Expertise: l\u2019Etat en Afrique et transitions [&hellip;]","og_url":"https:\/\/www.thinkingafrica.org\/V2\/thinking-africa\/equipe-de-recherche\/","og_site_name":"Thinking Africa","article_modified_time":"2014-10-12T17:08:49+00:00","og_image":[{"width":512,"height":512,"url":"https:\/\/www.thinkingafrica.org\/V2\/wp-content\/uploads\/2020\/05\/TA-Logo-transparent.png","type":"image\/png"}],"twitter_card":"summary_large_image","twitter_misc":{"Dur\u00e9e de lecture estim\u00e9e":"1 minute"},"schema":{"@context":"https:\/\/schema.org","@graph":[{"@type":"WebPage","@id":"https:\/\/www.thinkingafrica.org\/V2\/thinking-africa\/equipe-de-recherche\/","url":"https:\/\/www.thinkingafrica.org\/V2\/thinking-africa\/equipe-de-recherche\/","name":"Equipe de recherche - Thinking Africa","isPartOf":{"@id":"https:\/\/www.thinkingafrica.org\/V2\/#website"},"datePublished":"2012-12-15T12:31:45+00:00","dateModified":"2014-10-12T17:08:49+00:00","breadcrumb":{"@id":"https:\/\/www.thinkingafrica.org\/V2\/thinking-africa\/equipe-de-recherche\/#breadcrumb"},"inLanguage":"fr-FR","potentialAction":[{"@type":"ReadAction","target":["https:\/\/www.thinkingafrica.org\/V2\/thinking-africa\/equipe-de-recherche\/"]}]},{"@type":"BreadcrumbList","@id":"https:\/\/www.thinkingafrica.org\/V2\/thinking-africa\/equipe-de-recherche\/#breadcrumb","itemListElement":[{"@type":"ListItem","position":1,"name":"Accueil","item":"https:\/\/www.thinkingafrica.org\/V2\/"},{"@type":"ListItem","position":2,"name":"Thinking Africa","item":"https:\/\/www.thinkingafrica.org\/V2\/thinking-africa\/"},{"@type":"ListItem","position":3,"name":"Equipe de recherche"}]},{"@type":"WebSite","@id":"https:\/\/www.thinkingafrica.org\/V2\/#website","url":"https:\/\/www.thinkingafrica.org\/V2\/","name":"Thinking Africa","description":"Recherche, r\u00e9flexions et ressources pour r\u00e9inventer le leadership africain","potentialAction":[{"@type":"SearchAction","target":{"@type":"EntryPoint","urlTemplate":"https:\/\/www.thinkingafrica.org\/V2\/?s={search_term_string}"},"query-input":{"@type":"PropertyValueSpecification","valueRequired":true,"valueName":"search_term_string"}}],"inLanguage":"fr-FR"}]}},"_links":{"self":[{"href":"https:\/\/www.thinkingafrica.org\/V2\/wp-json\/wp\/v2\/pages\/13","targetHints":{"allow":["GET"]}}],"collection":[{"href":"https:\/\/www.thinkingafrica.org\/V2\/wp-json\/wp\/v2\/pages"}],"about":[{"href":"https:\/\/www.thinkingafrica.org\/V2\/wp-json\/wp\/v2\/types\/page"}],"author":[{"embeddable":true,"href":"https:\/\/www.thinkingafrica.org\/V2\/wp-json\/wp\/v2\/users\/1"}],"replies":[{"embeddable":true,"href":"https:\/\/www.thinkingafrica.org\/V2\/wp-json\/wp\/v2\/comments?post=13"}],"version-history":[{"count":50,"href":"https:\/\/www.thinkingafrica.org\/V2\/wp-json\/wp\/v2\/pages\/13\/revisions"}],"predecessor-version":[{"id":3395,"href":"https:\/\/www.thinkingafrica.org\/V2\/wp-json\/wp\/v2\/pages\/13\/revisions\/3395"}],"up":[{"embeddable":true,"href":"https:\/\/www.thinkingafrica.org\/V2\/wp-json\/wp\/v2\/pages\/5"}],"wp:attachment":[{"href":"https:\/\/www.thinkingafrica.org\/V2\/wp-json\/wp\/v2\/media?parent=13"}],"curies":[{"name":"wp","href":"https:\/\/api.w.org\/{rel}","templated":true}]}}