{"id":3393,"date":"2014-10-12T18:43:42","date_gmt":"2014-10-12T16:43:42","guid":{"rendered":"http:\/\/www.thinkingafrica.org\/V2\/?page_id=3393"},"modified":"2014-10-12T18:50:45","modified_gmt":"2014-10-12T16:50:45","slug":"roger-nguema-obame","status":"publish","type":"page","link":"https:\/\/www.thinkingafrica.org\/V2\/thinking-africa\/equipe-de-recherche\/roger-nguema-obame\/","title":{"rendered":"Roger NGUEMA-OBAME"},"content":{"rendered":"<p><strong>Expert\/Analyste<\/strong><\/p>\n<p><em>Qualifications\/ Dipl\u00f4mes:<\/em> Docteur en sociologie<br \/>\n<em>Expertise:<\/em> Politique, Religion<br \/>\n<em>Sp\u00e9cialit\u00e9:<\/em> Politiques publiques, D\u00e9veloppement rural, Pauvret\u00e9 et paup\u00e9risation, Pentec\u00f4tisme.<\/p>\n<p>Contact: rnguemaobame@gmail.com<\/p>\n<p><strong>Roger Nguema Obame<\/strong> est enseignant-chercheur permanent \u00e0 l\u2019Universit\u00e9 Omar Bongo de Libreville et Chercheur au Laboratoire DySoLa de l\u2019Universit\u00e9 de Rouen. I l a \u00e9galement enseign\u00e9 la sociologie aux Universit\u00e9s de Rouen  et du Havre et \u00e0 Rouen Businees School (Ecole de Commerce de Rouen) devenue NEOMA Business School. Roger est \u00e9galement pr\u00e9sident et fondateur de l\u2019Institut Africain d\u2019Ing\u00e9nierie Rurale et de D\u00e9veloppement Social domicili\u00e9 \u00e0 l\u2019Universit\u00e9. Cette association est promotrice et porteuse du projet Eco\u00b2Ruralit\u00e9 : Accompagnement, innovation et r\u00e9habilitation de la paysannerie : \u00e9conomie verte et d\u00e9veloppement rural dans le d\u00e9partement du Komo-Oc\u00e9an (Gabon).<\/p>\n<p>Partenaires : GeoSud (IDEES, UMR 6266- CNRS) et DySoLa (Dynamiques Socio Langagi\u00e8res) de l\u2019Universit\u00e9 de Rouen ; R\u00e9gion Haute-Normandie (service Relations Internationales), Lyc\u00e9e agricole d\u2019Yvetot (France), CENAREST (Centre National pour la Recherche Scientifique et Technologique, Gabon), Chaire UNESCO en Afrique Central pour le D\u00e9veloppement social et la D\u00e9mocratie (Universit\u00e9 Omar Bongo, Libreville, Gabon), Direction G\u00e9n\u00e9rale de l&rsquo;Agriculture du Gabon ; Direction G\u00e9n\u00e9rale du Commerce du Gabon, D\u00e9partement du Komo-Oc\u00e9an de la Province de l&rsquo;Estuaire du Gabon, ADN (Association pour le D\u00e9veloppement de Nyoni\u00e9) du D\u00e9partement du Komo-Oc\u00e9an, l&rsquo;ONG AGRIDeD (Agriculture pour le D\u00e9veloppement Durable), la COOPAP-GA (Coop\u00e9rative Agropastorale du Gabon), la C.O.PA.G. (Coop\u00e9rative des Agriculteurs Gabonais), des soci\u00e9t\u00e9s comme l&rsquo;E.G.P.A. (Entreprise Gabonaise de Prestations Agricoles).<\/p>\n<p>Ce projet a \u00e9t\u00e9 valid\u00e9 et financ\u00e9 dans sa premi\u00e8re phase par l&rsquo;IRIHS (Institut de Recherche Interdisciplinaire Homme et Soci\u00e9t\u00e9s) de la R\u00e9gion Haute-Normandie.<\/p>\n<p>La convention de partenariat a \u00e9t\u00e9 sign\u00e9e d&rsquo;une part, entre l&rsquo;Universit\u00e9 de Rouen et l&rsquo;Universit\u00e9 Omar BONGO de Libreville et d&rsquo;autre part, entre l&rsquo;Universit\u00e9 de Rouen et le CENAREST-Gabon (Centre National pour la Recherche Scientifique et Technologique), le jeudi 2 f\u00e9vrier 2012 \u00e0 l&rsquo;Universit\u00e9 de Rouen.<\/p>\n<p>De 2008 \u00e0 2012 : Vice-pr\u00e9sident de l\u2019Association Fikira qui co-publie la Revue Africaine avec les Editions L\u2019Harmattan (www.revueafricaine.com) et membre du comit\u00e9 de r\u00e9daction de la revue.<\/p>\n<p>Du 1er Juillet 2007 au 30 juin 2008 : D\u00e9l\u00e9gu\u00e9 Repr\u00e9sentant, \u00e0 titre b\u00e9n\u00e9vole, de l\u2019Observatoire International Pour la Non Violence, \u00ab Communes des Nations pour la Paix. \u00bb \u00e0 Rouen et r\u00e9gion. Organisme associ\u00e9 au D\u00e9partement Pour l\u2019Information (DPI) des Nations Unies.<br \/>\nRoger m\u00e8ne actuellement une r\u00e9flexion sur les marges, sous la direction de Fid\u00e8le-Pierre Nze-Nguema au sein de la Chaire UNESCO en Sciences Sociales \u00ab D\u00e9veloppement Social et D\u00e9mocratie \u00bb.<\/p>\n<p><strong>Publications:<\/strong><br \/>\n&#8211; Juin 2013 : Coordinateur du n\u00b06 de la Revue Africaine, co-\u00e9dit\u00e9e et publi\u00e9e par l\u2019association Fikira et les \u00e9ditions L\u2019Harmattan.<br \/>\n&#8211; Octobre 2011 : Contribution \u00e0 un volume multiple de l\u2019Encyclop\u00e9dia global religion,  SAGE PUBLICATION. Sous la direction de Mark Juergensmeyer (University of California, Santa Barbara) et Wade Clark Roof (University of California, Santa Barbara).<br \/>\n&#8211; Juillet 2008 : Publication dans la \u00ab Revue africaine d\u2019art, de litt\u00e9rature et de philosophie \u00bb Fikira, publi\u00e9e par l\u2019Harmattan-Fikira au mois de juillet 2008. Th\u00e8me : Christianisme, colonisation et acculturation en Afrique : l\u2019exemple du Gabon.<\/p>\n<p><strong>En cours de lecture pour publication:<\/strong><br \/>\n&#8211; Annales de l\u2019Universit\u00e9 Omar Bongo \/ Presses Universitaires du Gabon (PUG), \u00ab\u00a0Religion et production de l\u2019historicit\u00e9 en Afrique : vers une surpolitisation du pentec\u00f4tisme au Gabon?\u00a0\u00bb<br \/>\n&#8211; Thinking Africa, \u00ab\u00a0Crise agricole et paup\u00e9risation de la paysannerie au Gabon\u00a0\u00bb<\/p>\n","protected":false},"excerpt":{"rendered":"<p>Expert\/Analyste Qualifications\/ Dipl\u00f4mes: Docteur en sociologie Expertise: Politique, Religion Sp\u00e9cialit\u00e9: Politiques publiques, D\u00e9veloppement rural, Pauvret\u00e9 et paup\u00e9risation, Pentec\u00f4tisme. Contact: rnguemaobame@gmail.com Roger Nguema Obame est enseignant-chercheur permanent \u00e0 l\u2019Universit\u00e9 Omar Bongo de Libreville et Chercheur au Laboratoire DySoLa de l\u2019Universit\u00e9 de Rouen. I l a \u00e9galement enseign\u00e9 la sociologie aux Universit\u00e9s de Rouen et du Havre [&hellip;]<\/p>\n","protected":false},"author":1,"featured_media":0,"parent":13,"menu_order":0,"comment_status":"open","ping_status":"closed","template":"","meta":{"_acf_changed":false,"rs_blank_template":"","rs_page_bg_color":"","slide_template_v7":"","footnotes":""},"class_list":["post-3393","page","type-page","status-publish","hentry"],"acf":[],"yoast_head":"<!-- This site is optimized with the Yoast SEO plugin v27.5 - https:\/\/yoast.com\/product\/yoast-seo-wordpress\/ -->\n<title>Roger NGUEMA-OBAME - Thinking Africa<\/title>\n<meta name=\"robots\" content=\"index, follow, max-snippet:-1, max-image-preview:large, max-video-preview:-1\" \/>\n<link rel=\"canonical\" href=\"https:\/\/www.thinkingafrica.org\/V2\/thinking-africa\/equipe-de-recherche\/roger-nguema-obame\/\" \/>\n<meta property=\"og:locale\" content=\"fr_FR\" \/>\n<meta property=\"og:type\" content=\"article\" \/>\n<meta property=\"og:title\" content=\"Roger NGUEMA-OBAME - Thinking Africa\" \/>\n<meta property=\"og:description\" content=\"Expert\/Analyste Qualifications\/ Dipl\u00f4mes: Docteur en sociologie Expertise: Politique, Religion Sp\u00e9cialit\u00e9: Politiques publiques, D\u00e9veloppement rural, Pauvret\u00e9 et paup\u00e9risation, Pentec\u00f4tisme. Contact: rnguemaobame@gmail.com Roger Nguema Obame est enseignant-chercheur permanent \u00e0 l\u2019Universit\u00e9 Omar Bongo de Libreville et Chercheur au Laboratoire DySoLa de l\u2019Universit\u00e9 de Rouen. I l a \u00e9galement enseign\u00e9 la sociologie aux Universit\u00e9s de Rouen et du Havre [&hellip;]\" \/>\n<meta property=\"og:url\" content=\"https:\/\/www.thinkingafrica.org\/V2\/thinking-africa\/equipe-de-recherche\/roger-nguema-obame\/\" \/>\n<meta property=\"og:site_name\" content=\"Thinking Africa\" \/>\n<meta property=\"article:modified_time\" content=\"2014-10-12T16:50:45+00:00\" \/>\n<meta property=\"og:image\" content=\"https:\/\/www.thinkingafrica.org\/V2\/wp-content\/uploads\/2020\/05\/TA-Logo-transparent.png\" \/>\n\t<meta property=\"og:image:width\" content=\"512\" \/>\n\t<meta property=\"og:image:height\" content=\"512\" \/>\n\t<meta property=\"og:image:type\" content=\"image\/png\" \/>\n<meta name=\"twitter:card\" content=\"summary_large_image\" \/>\n<meta name=\"twitter:label1\" content=\"Dur\u00e9e de lecture estim\u00e9e\" \/>\n\t<meta name=\"twitter:data1\" content=\"3 minutes\" \/>\n<script type=\"application\/ld+json\" class=\"yoast-schema-graph\">{\"@context\":\"https:\\\/\\\/schema.org\",\"@graph\":[{\"@type\":\"WebPage\",\"@id\":\"https:\\\/\\\/www.thinkingafrica.org\\\/V2\\\/thinking-africa\\\/equipe-de-recherche\\\/roger-nguema-obame\\\/\",\"url\":\"https:\\\/\\\/www.thinkingafrica.org\\\/V2\\\/thinking-africa\\\/equipe-de-recherche\\\/roger-nguema-obame\\\/\",\"name\":\"Roger NGUEMA-OBAME - Thinking Africa\",\"isPartOf\":{\"@id\":\"https:\\\/\\\/www.thinkingafrica.org\\\/V2\\\/#website\"},\"datePublished\":\"2014-10-12T16:43:42+00:00\",\"dateModified\":\"2014-10-12T16:50:45+00:00\",\"breadcrumb\":{\"@id\":\"https:\\\/\\\/www.thinkingafrica.org\\\/V2\\\/thinking-africa\\\/equipe-de-recherche\\\/roger-nguema-obame\\\/#breadcrumb\"},\"inLanguage\":\"fr-FR\",\"potentialAction\":[{\"@type\":\"ReadAction\",\"target\":[\"https:\\\/\\\/www.thinkingafrica.org\\\/V2\\\/thinking-africa\\\/equipe-de-recherche\\\/roger-nguema-obame\\\/\"]}]},{\"@type\":\"BreadcrumbList\",\"@id\":\"https:\\\/\\\/www.thinkingafrica.org\\\/V2\\\/thinking-africa\\\/equipe-de-recherche\\\/roger-nguema-obame\\\/#breadcrumb\",\"itemListElement\":[{\"@type\":\"ListItem\",\"position\":1,\"name\":\"Accueil\",\"item\":\"https:\\\/\\\/www.thinkingafrica.org\\\/V2\\\/\"},{\"@type\":\"ListItem\",\"position\":2,\"name\":\"Thinking Africa\",\"item\":\"https:\\\/\\\/www.thinkingafrica.org\\\/V2\\\/thinking-africa\\\/\"},{\"@type\":\"ListItem\",\"position\":3,\"name\":\"Equipe de recherche\",\"item\":\"https:\\\/\\\/www.thinkingafrica.org\\\/V2\\\/thinking-africa\\\/equipe-de-recherche\\\/\"},{\"@type\":\"ListItem\",\"position\":4,\"name\":\"Roger NGUEMA-OBAME\"}]},{\"@type\":\"WebSite\",\"@id\":\"https:\\\/\\\/www.thinkingafrica.org\\\/V2\\\/#website\",\"url\":\"https:\\\/\\\/www.thinkingafrica.org\\\/V2\\\/\",\"name\":\"Thinking Africa\",\"description\":\"Recherche, r\u00e9flexions et ressources pour r\u00e9inventer le leadership africain\",\"potentialAction\":[{\"@type\":\"SearchAction\",\"target\":{\"@type\":\"EntryPoint\",\"urlTemplate\":\"https:\\\/\\\/www.thinkingafrica.org\\\/V2\\\/?s={search_term_string}\"},\"query-input\":{\"@type\":\"PropertyValueSpecification\",\"valueRequired\":true,\"valueName\":\"search_term_string\"}}],\"inLanguage\":\"fr-FR\"}]}<\/script>\n<!-- \/ Yoast SEO plugin. -->","yoast_head_json":{"title":"Roger NGUEMA-OBAME - Thinking Africa","robots":{"index":"index","follow":"follow","max-snippet":"max-snippet:-1","max-image-preview":"max-image-preview:large","max-video-preview":"max-video-preview:-1"},"canonical":"https:\/\/www.thinkingafrica.org\/V2\/thinking-africa\/equipe-de-recherche\/roger-nguema-obame\/","og_locale":"fr_FR","og_type":"article","og_title":"Roger NGUEMA-OBAME - Thinking Africa","og_description":"Expert\/Analyste Qualifications\/ Dipl\u00f4mes: Docteur en sociologie Expertise: Politique, Religion Sp\u00e9cialit\u00e9: Politiques publiques, D\u00e9veloppement rural, Pauvret\u00e9 et paup\u00e9risation, Pentec\u00f4tisme. Contact: rnguemaobame@gmail.com Roger Nguema Obame est enseignant-chercheur permanent \u00e0 l\u2019Universit\u00e9 Omar Bongo de Libreville et Chercheur au Laboratoire DySoLa de l\u2019Universit\u00e9 de Rouen. I l a \u00e9galement enseign\u00e9 la sociologie aux Universit\u00e9s de Rouen et du Havre [&hellip;]","og_url":"https:\/\/www.thinkingafrica.org\/V2\/thinking-africa\/equipe-de-recherche\/roger-nguema-obame\/","og_site_name":"Thinking Africa","article_modified_time":"2014-10-12T16:50:45+00:00","og_image":[{"width":512,"height":512,"url":"https:\/\/www.thinkingafrica.org\/V2\/wp-content\/uploads\/2020\/05\/TA-Logo-transparent.png","type":"image\/png"}],"twitter_card":"summary_large_image","twitter_misc":{"Dur\u00e9e de lecture estim\u00e9e":"3 minutes"},"schema":{"@context":"https:\/\/schema.org","@graph":[{"@type":"WebPage","@id":"https:\/\/www.thinkingafrica.org\/V2\/thinking-africa\/equipe-de-recherche\/roger-nguema-obame\/","url":"https:\/\/www.thinkingafrica.org\/V2\/thinking-africa\/equipe-de-recherche\/roger-nguema-obame\/","name":"Roger NGUEMA-OBAME - Thinking Africa","isPartOf":{"@id":"https:\/\/www.thinkingafrica.org\/V2\/#website"},"datePublished":"2014-10-12T16:43:42+00:00","dateModified":"2014-10-12T16:50:45+00:00","breadcrumb":{"@id":"https:\/\/www.thinkingafrica.org\/V2\/thinking-africa\/equipe-de-recherche\/roger-nguema-obame\/#breadcrumb"},"inLanguage":"fr-FR","potentialAction":[{"@type":"ReadAction","target":["https:\/\/www.thinkingafrica.org\/V2\/thinking-africa\/equipe-de-recherche\/roger-nguema-obame\/"]}]},{"@type":"BreadcrumbList","@id":"https:\/\/www.thinkingafrica.org\/V2\/thinking-africa\/equipe-de-recherche\/roger-nguema-obame\/#breadcrumb","itemListElement":[{"@type":"ListItem","position":1,"name":"Accueil","item":"https:\/\/www.thinkingafrica.org\/V2\/"},{"@type":"ListItem","position":2,"name":"Thinking Africa","item":"https:\/\/www.thinkingafrica.org\/V2\/thinking-africa\/"},{"@type":"ListItem","position":3,"name":"Equipe de recherche","item":"https:\/\/www.thinkingafrica.org\/V2\/thinking-africa\/equipe-de-recherche\/"},{"@type":"ListItem","position":4,"name":"Roger NGUEMA-OBAME"}]},{"@type":"WebSite","@id":"https:\/\/www.thinkingafrica.org\/V2\/#website","url":"https:\/\/www.thinkingafrica.org\/V2\/","name":"Thinking Africa","description":"Recherche, r\u00e9flexions et ressources pour r\u00e9inventer le leadership africain","potentialAction":[{"@type":"SearchAction","target":{"@type":"EntryPoint","urlTemplate":"https:\/\/www.thinkingafrica.org\/V2\/?s={search_term_string}"},"query-input":{"@type":"PropertyValueSpecification","valueRequired":true,"valueName":"search_term_string"}}],"inLanguage":"fr-FR"}]}},"_links":{"self":[{"href":"https:\/\/www.thinkingafrica.org\/V2\/wp-json\/wp\/v2\/pages\/3393","targetHints":{"allow":["GET"]}}],"collection":[{"href":"https:\/\/www.thinkingafrica.org\/V2\/wp-json\/wp\/v2\/pages"}],"about":[{"href":"https:\/\/www.thinkingafrica.org\/V2\/wp-json\/wp\/v2\/types\/page"}],"author":[{"embeddable":true,"href":"https:\/\/www.thinkingafrica.org\/V2\/wp-json\/wp\/v2\/users\/1"}],"replies":[{"embeddable":true,"href":"https:\/\/www.thinkingafrica.org\/V2\/wp-json\/wp\/v2\/comments?post=3393"}],"version-history":[{"count":1,"href":"https:\/\/www.thinkingafrica.org\/V2\/wp-json\/wp\/v2\/pages\/3393\/revisions"}],"predecessor-version":[{"id":3394,"href":"https:\/\/www.thinkingafrica.org\/V2\/wp-json\/wp\/v2\/pages\/3393\/revisions\/3394"}],"up":[{"embeddable":true,"href":"https:\/\/www.thinkingafrica.org\/V2\/wp-json\/wp\/v2\/pages\/13"}],"wp:attachment":[{"href":"https:\/\/www.thinkingafrica.org\/V2\/wp-json\/wp\/v2\/media?parent=3393"}],"curies":[{"name":"wp","href":"https:\/\/api.w.org\/{rel}","templated":true}]}}