{"id":3458,"date":"2014-11-13T01:41:47","date_gmt":"2014-11-13T00:41:47","guid":{"rendered":"http:\/\/www.thinkingafrica.org\/V2\/?page_id=3458"},"modified":"2014-11-13T01:46:20","modified_gmt":"2014-11-13T00:46:20","slug":"fweley-diangitukwa","status":"publish","type":"page","link":"https:\/\/www.thinkingafrica.org\/V2\/thinking-africa\/experts-affilies\/fweley-diangitukwa\/","title":{"rendered":"Fweley Diangitukwa"},"content":{"rendered":"<p><strong>Fweley Diangitukwa<\/strong><\/p>\n<p><em>Qualifications\/ Dipl\u00f4mes:<\/em> Docteur en sciences \u00e9conomiques et sociales<br \/>\n<em>Expertise:<\/em> Pouvoir, Gouvernance, Leadership, Comportement organisationnel, Migrations internationales, G\u00e9opolitique, Int\u00e9gration r\u00e9gionale, l\u2019Etat en Afrique, Relations Nord-Sud, les ressources \u00e9nerg\u00e9tique (p\u00e9trole), question genre.<br \/>\n<em>Sp\u00e9cialit\u00e9:<\/em> Politique africaine, D\u00e9mocratie et d\u00e9veloppement, s\u00e9curit\u00e9 dans le Golfe de Guin\u00e9e, Fraudes \u00e9lectorales, l\u2019exemple suisse de management.<\/p>\n<p><em>Contact:<\/em> f.diangitukwa@bluewin.ch<\/p>\n","protected":false},"excerpt":{"rendered":"<p>Fweley Diangitukwa Qualifications\/ Dipl\u00f4mes: Docteur en sciences \u00e9conomiques et sociales Expertise: Pouvoir, Gouvernance, Leadership, Comportement organisationnel, Migrations internationales, G\u00e9opolitique, Int\u00e9gration r\u00e9gionale, l\u2019Etat en Afrique, Relations Nord-Sud, les ressources \u00e9nerg\u00e9tique (p\u00e9trole), question genre. Sp\u00e9cialit\u00e9: Politique africaine, D\u00e9mocratie et d\u00e9veloppement, s\u00e9curit\u00e9 dans le Golfe de Guin\u00e9e, Fraudes \u00e9lectorales, l\u2019exemple suisse de management. Contact: f.diangitukwa@bluewin.ch<\/p>\n","protected":false},"author":1,"featured_media":0,"parent":637,"menu_order":0,"comment_status":"open","ping_status":"open","template":"","meta":{"_acf_changed":false,"footnotes":""},"class_list":["post-3458","page","type-page","status-publish","hentry"],"acf":[],"yoast_head":"<!-- This site is optimized with the Yoast SEO plugin v27.6 - https:\/\/yoast.com\/product\/yoast-seo-wordpress\/ -->\n<title>Fweley Diangitukwa - Thinking Africa<\/title>\n<meta name=\"robots\" content=\"index, follow, max-snippet:-1, max-image-preview:large, max-video-preview:-1\" \/>\n<link rel=\"canonical\" href=\"https:\/\/www.thinkingafrica.org\/V2\/thinking-africa\/experts-affilies\/fweley-diangitukwa\/\" \/>\n<meta property=\"og:locale\" content=\"fr_FR\" \/>\n<meta property=\"og:type\" content=\"article\" \/>\n<meta property=\"og:title\" content=\"Fweley Diangitukwa - Thinking Africa\" \/>\n<meta property=\"og:description\" content=\"Fweley Diangitukwa Qualifications\/ Dipl\u00f4mes: Docteur en sciences \u00e9conomiques et sociales Expertise: Pouvoir, Gouvernance, Leadership, Comportement organisationnel, Migrations internationales, G\u00e9opolitique, Int\u00e9gration r\u00e9gionale, l\u2019Etat en Afrique, Relations Nord-Sud, les ressources \u00e9nerg\u00e9tique (p\u00e9trole), question genre. Sp\u00e9cialit\u00e9: Politique africaine, D\u00e9mocratie et d\u00e9veloppement, s\u00e9curit\u00e9 dans le Golfe de Guin\u00e9e, Fraudes \u00e9lectorales, l\u2019exemple suisse de management. Contact: f.diangitukwa@bluewin.ch\" \/>\n<meta property=\"og:url\" content=\"https:\/\/www.thinkingafrica.org\/V2\/thinking-africa\/experts-affilies\/fweley-diangitukwa\/\" \/>\n<meta property=\"og:site_name\" content=\"Thinking Africa\" \/>\n<meta property=\"article:modified_time\" content=\"2014-11-13T00:46:20+00:00\" \/>\n<meta property=\"og:image\" content=\"https:\/\/www.thinkingafrica.org\/V2\/wp-content\/uploads\/2020\/05\/TA-Logo-transparent.png\" \/>\n\t<meta property=\"og:image:width\" content=\"512\" \/>\n\t<meta property=\"og:image:height\" content=\"512\" \/>\n\t<meta property=\"og:image:type\" content=\"image\/png\" \/>\n<meta name=\"twitter:card\" content=\"summary_large_image\" \/>\n<script type=\"application\/ld+json\" class=\"yoast-schema-graph\">{\"@context\":\"https:\\\/\\\/schema.org\",\"@graph\":[{\"@type\":\"WebPage\",\"@id\":\"https:\\\/\\\/www.thinkingafrica.org\\\/V2\\\/thinking-africa\\\/experts-affilies\\\/fweley-diangitukwa\\\/\",\"url\":\"https:\\\/\\\/www.thinkingafrica.org\\\/V2\\\/thinking-africa\\\/experts-affilies\\\/fweley-diangitukwa\\\/\",\"name\":\"Fweley Diangitukwa - Thinking Africa\",\"isPartOf\":{\"@id\":\"https:\\\/\\\/www.thinkingafrica.org\\\/V2\\\/#website\"},\"datePublished\":\"2014-11-13T00:41:47+00:00\",\"dateModified\":\"2014-11-13T00:46:20+00:00\",\"breadcrumb\":{\"@id\":\"https:\\\/\\\/www.thinkingafrica.org\\\/V2\\\/thinking-africa\\\/experts-affilies\\\/fweley-diangitukwa\\\/#breadcrumb\"},\"inLanguage\":\"fr-FR\",\"potentialAction\":[{\"@type\":\"ReadAction\",\"target\":[\"https:\\\/\\\/www.thinkingafrica.org\\\/V2\\\/thinking-africa\\\/experts-affilies\\\/fweley-diangitukwa\\\/\"]}]},{\"@type\":\"BreadcrumbList\",\"@id\":\"https:\\\/\\\/www.thinkingafrica.org\\\/V2\\\/thinking-africa\\\/experts-affilies\\\/fweley-diangitukwa\\\/#breadcrumb\",\"itemListElement\":[{\"@type\":\"ListItem\",\"position\":1,\"name\":\"Accueil\",\"item\":\"https:\\\/\\\/www.thinkingafrica.org\\\/V2\\\/\"},{\"@type\":\"ListItem\",\"position\":2,\"name\":\"Thinking Africa\",\"item\":\"https:\\\/\\\/www.thinkingafrica.org\\\/V2\\\/thinking-africa\\\/\"},{\"@type\":\"ListItem\",\"position\":3,\"name\":\"Experts affili\u00e9s\",\"item\":\"https:\\\/\\\/www.thinkingafrica.org\\\/V2\\\/thinking-africa\\\/experts-affilies\\\/\"},{\"@type\":\"ListItem\",\"position\":4,\"name\":\"Fweley Diangitukwa\"}]},{\"@type\":\"WebSite\",\"@id\":\"https:\\\/\\\/www.thinkingafrica.org\\\/V2\\\/#website\",\"url\":\"https:\\\/\\\/www.thinkingafrica.org\\\/V2\\\/\",\"name\":\"Thinking Africa\",\"description\":\"Recherche, r\u00e9flexions et ressources pour r\u00e9inventer le leadership africain\",\"potentialAction\":[{\"@type\":\"SearchAction\",\"target\":{\"@type\":\"EntryPoint\",\"urlTemplate\":\"https:\\\/\\\/www.thinkingafrica.org\\\/V2\\\/?s={search_term_string}\"},\"query-input\":{\"@type\":\"PropertyValueSpecification\",\"valueRequired\":true,\"valueName\":\"search_term_string\"}}],\"inLanguage\":\"fr-FR\"}]}<\/script>\n<!-- \/ Yoast SEO plugin. -->","yoast_head_json":{"title":"Fweley Diangitukwa - Thinking Africa","robots":{"index":"index","follow":"follow","max-snippet":"max-snippet:-1","max-image-preview":"max-image-preview:large","max-video-preview":"max-video-preview:-1"},"canonical":"https:\/\/www.thinkingafrica.org\/V2\/thinking-africa\/experts-affilies\/fweley-diangitukwa\/","og_locale":"fr_FR","og_type":"article","og_title":"Fweley Diangitukwa - Thinking Africa","og_description":"Fweley Diangitukwa Qualifications\/ Dipl\u00f4mes: Docteur en sciences \u00e9conomiques et sociales Expertise: Pouvoir, Gouvernance, Leadership, Comportement organisationnel, Migrations internationales, G\u00e9opolitique, Int\u00e9gration r\u00e9gionale, l\u2019Etat en Afrique, Relations Nord-Sud, les ressources \u00e9nerg\u00e9tique (p\u00e9trole), question genre. Sp\u00e9cialit\u00e9: Politique africaine, D\u00e9mocratie et d\u00e9veloppement, s\u00e9curit\u00e9 dans le Golfe de Guin\u00e9e, Fraudes \u00e9lectorales, l\u2019exemple suisse de management. Contact: f.diangitukwa@bluewin.ch","og_url":"https:\/\/www.thinkingafrica.org\/V2\/thinking-africa\/experts-affilies\/fweley-diangitukwa\/","og_site_name":"Thinking Africa","article_modified_time":"2014-11-13T00:46:20+00:00","og_image":[{"width":512,"height":512,"url":"https:\/\/www.thinkingafrica.org\/V2\/wp-content\/uploads\/2020\/05\/TA-Logo-transparent.png","type":"image\/png"}],"twitter_card":"summary_large_image","schema":{"@context":"https:\/\/schema.org","@graph":[{"@type":"WebPage","@id":"https:\/\/www.thinkingafrica.org\/V2\/thinking-africa\/experts-affilies\/fweley-diangitukwa\/","url":"https:\/\/www.thinkingafrica.org\/V2\/thinking-africa\/experts-affilies\/fweley-diangitukwa\/","name":"Fweley Diangitukwa - Thinking Africa","isPartOf":{"@id":"https:\/\/www.thinkingafrica.org\/V2\/#website"},"datePublished":"2014-11-13T00:41:47+00:00","dateModified":"2014-11-13T00:46:20+00:00","breadcrumb":{"@id":"https:\/\/www.thinkingafrica.org\/V2\/thinking-africa\/experts-affilies\/fweley-diangitukwa\/#breadcrumb"},"inLanguage":"fr-FR","potentialAction":[{"@type":"ReadAction","target":["https:\/\/www.thinkingafrica.org\/V2\/thinking-africa\/experts-affilies\/fweley-diangitukwa\/"]}]},{"@type":"BreadcrumbList","@id":"https:\/\/www.thinkingafrica.org\/V2\/thinking-africa\/experts-affilies\/fweley-diangitukwa\/#breadcrumb","itemListElement":[{"@type":"ListItem","position":1,"name":"Accueil","item":"https:\/\/www.thinkingafrica.org\/V2\/"},{"@type":"ListItem","position":2,"name":"Thinking Africa","item":"https:\/\/www.thinkingafrica.org\/V2\/thinking-africa\/"},{"@type":"ListItem","position":3,"name":"Experts affili\u00e9s","item":"https:\/\/www.thinkingafrica.org\/V2\/thinking-africa\/experts-affilies\/"},{"@type":"ListItem","position":4,"name":"Fweley Diangitukwa"}]},{"@type":"WebSite","@id":"https:\/\/www.thinkingafrica.org\/V2\/#website","url":"https:\/\/www.thinkingafrica.org\/V2\/","name":"Thinking Africa","description":"Recherche, r\u00e9flexions et ressources pour r\u00e9inventer le leadership africain","potentialAction":[{"@type":"SearchAction","target":{"@type":"EntryPoint","urlTemplate":"https:\/\/www.thinkingafrica.org\/V2\/?s={search_term_string}"},"query-input":{"@type":"PropertyValueSpecification","valueRequired":true,"valueName":"search_term_string"}}],"inLanguage":"fr-FR"}]}},"_links":{"self":[{"href":"https:\/\/www.thinkingafrica.org\/V2\/wp-json\/wp\/v2\/pages\/3458","targetHints":{"allow":["GET"]}}],"collection":[{"href":"https:\/\/www.thinkingafrica.org\/V2\/wp-json\/wp\/v2\/pages"}],"about":[{"href":"https:\/\/www.thinkingafrica.org\/V2\/wp-json\/wp\/v2\/types\/page"}],"author":[{"embeddable":true,"href":"https:\/\/www.thinkingafrica.org\/V2\/wp-json\/wp\/v2\/users\/1"}],"replies":[{"embeddable":true,"href":"https:\/\/www.thinkingafrica.org\/V2\/wp-json\/wp\/v2\/comments?post=3458"}],"version-history":[{"count":3,"href":"https:\/\/www.thinkingafrica.org\/V2\/wp-json\/wp\/v2\/pages\/3458\/revisions"}],"predecessor-version":[{"id":3461,"href":"https:\/\/www.thinkingafrica.org\/V2\/wp-json\/wp\/v2\/pages\/3458\/revisions\/3461"}],"up":[{"embeddable":true,"href":"https:\/\/www.thinkingafrica.org\/V2\/wp-json\/wp\/v2\/pages\/637"}],"wp:attachment":[{"href":"https:\/\/www.thinkingafrica.org\/V2\/wp-json\/wp\/v2\/media?parent=3458"}],"curies":[{"name":"wp","href":"https:\/\/api.w.org\/{rel}","templated":true}]}}