{"id":4177,"date":"2015-07-07T22:46:13","date_gmt":"2015-07-07T20:46:13","guid":{"rendered":"http:\/\/www.thinkingafrica.org\/V2\/?page_id=4177"},"modified":"2016-05-20T00:22:11","modified_gmt":"2016-05-19T22:22:11","slug":"think-tank","status":"publish","type":"page","link":"https:\/\/www.thinkingafrica.org\/V2\/ta\/think-tank\/","title":{"rendered":"Think Tank"},"content":{"rendered":"[vc_row fullwidth=\u00a0\u00bbtrue\u00a0\u00bb attached=\u00a0\u00bbfalse\u00a0\u00bb padding=\u00a0\u00bb0&Prime;][vc_column border_color=\u00a0\u00bb\u00a0\u00bb visibility=\u00a0\u00bb\u00a0\u00bb width=\u00a0\u00bb1\/1&Prime;][mk_page_title_box page_title=\u00a0\u00bbTHINKING AFRICA\u00a0\u00bb page_subtitle=\u00a0\u00bbR\u00e9inventer le leadership Africain.\u00a0\u00bb section_height=\u00a0\u00bb120&Prime; bg_type=\u00a0\u00bbcolor\u00a0\u00bb bg_color=\u00a0\u00bb#d84a3a\u00a0\u00bb bg_position=\u00a0\u00bbleft top\u00a0\u00bb bg_stretch=\u00a0\u00bbfalse\u00a0\u00bb attachment=\u00a0\u00bbscroll\u00a0\u00bb text_align=\u00a0\u00bbcenter\u00a0\u00bb font_size=\u00a0\u00bb30&Prime; title_letter_spacing=\u00a0\u00bb3&Prime; font_color=\u00a0\u00bb#ffffff\u00a0\u00bb font_weight=\u00a0\u00bbinherit\u00a0\u00bb underline=\u00a0\u00bbtrue\u00a0\u00bb padding=\u00a0\u00bb20&Prime; sub_font_size=\u00a0\u00bb20&Prime; sub_font_color=\u00a0\u00bb#ffffff\u00a0\u00bb sub_font_weight=\u00a0\u00bbinherit\u00a0\u00bb][\/vc_column][\/vc_row][vc_row][vc_column][vc_empty_space height=\u00a0\u00bb20px\u00a0\u00bb][vc_column_text disable_pattern=\u00a0\u00bbtrue\u00a0\u00bb align=\u00a0\u00bbleft\u00a0\u00bb margin_bottom=\u00a0\u00bb0&Prime;]\n<h5><span style=\"color: #f2825d;\">Institut de recherche et d\u2019enseignement sur la paix en Afrique, Thinking Africa publie des analyses sur les enjeux politiques, g\u00e9ostrat\u00e9giques, \u00e9conomiques et soci\u00e9taux en Afrique, forme des hauts fonctionnaires, officiers et d\u00e9cideurs africains au leadership, \u00e0 la m\u00e9diation et \u00e0 la n\u00e9gociation, et organise des conf\u00e9rences scientifiques et d\u00e9bats sur les enjeux n\u00e9vralgiques africains.<\/span><\/h5>\n[\/vc_column_text][vc_separator color=\u00a0\u00bbcustom\u00a0\u00bb align=\u00a0\u00bbalign_center\u00a0\u00bb style=\u00a0\u00bbdotted\u00a0\u00bb accent_color=\u00a0\u00bb#f2825d\u00a0\u00bb][vc_empty_space height=\u00a0\u00bb10px\u00a0\u00bb][\/vc_column][\/vc_row][vc_row fullwidth=\u00a0\u00bbfalse\u00a0\u00bb attached=\u00a0\u00bbfalse\u00a0\u00bb padding=\u00a0\u00bb0&Prime; visibility=\u00a0\u00bb\u00a0\u00bb animation=\u00a0\u00bb\u00a0\u00bb][vc_column border_color=\u00a0\u00bb\u00a0\u00bb visibility=\u00a0\u00bb\u00a0\u00bb width=\u00a0\u00bb1\/1&Prime;][vc_tabs heading_title=\u00a0\u00bb\u00a0\u00bb style=\u00a0\u00bbdefault\u00a0\u00bb orientation=\u00a0\u00bbhorizental\u00a0\u00bb tab_location=\u00a0\u00bbleft\u00a0\u00bb responsive=\u00a0\u00bbtrue\u00a0\u00bb container_bg_color=\u00a0\u00bb#fff\u00a0\u00bb el_class=\u00a0\u00bb\u00a0\u00bb][vc_tab title=\u00a0\u00bbQUI NOUS SOMMES\u00a0\u00bb tab_id=\u00a0\u00bb1434397252-1-19&Prime;][vc_column_text disable_pattern=\u00a0\u00bbtrue\u00a0\u00bb align=\u00a0\u00bbleft\u00a0\u00bb margin_bottom=\u00a0\u00bb0&Prime;]<strong>Think-tank<\/strong><br \/>\nCr\u00e9e en janvier 2013 par une \u00e9quipe de chercheurs et d\u2019experts africains, Thinking Africa est un institut de recherche et d&rsquo;enseignement sur la paix. R\u00e9seau de jeunes chercheurs, d\u2019universitaires confirm\u00e9s et d\u2019experts, Thinking Africa offre, aux institutions, aux gouvernements, aux soci\u00e9t\u00e9s civiles, et aux organisations, des analyses, recommandations et formations pour vivre la paix sur le continent africain.<\/p>\n<p><strong>Panafricain<\/strong><br \/>\nThinking Africa tend \u00e0 contribuer \u00e0 la construction d&rsquo;un continent o\u00f9 les conflits meurtriers sont mieux compris, r\u00e9solus et emp\u00each\u00e9s par les d\u00e9cideurs aux niveaux continental, r\u00e9gional et local. Il s\u2019agit in fine de permettre aux populations civiles dans les pays touch\u00e9s, de b\u00e9n\u00e9ficier de la paix, d\u2019une s\u00e9curit\u00e9 et d\u2019un d\u00e9veloppement \u00e0 m\u00eame de sortir le continent de sa situation actuelle. Produire des id\u00e9es nouvelles, les communiquer et organiser un plaidoyer pour qu\u2019elles soient mises en \u0153uvre peut contribuer \u00e0 notre vision panafricaine d\u2019un continent pacifi\u00e9 et d\u00e9velopp\u00e9.<\/p>\n<p><strong>Innovant<\/strong><br \/>\nThinking Africa a \u00e9t\u00e9 cr\u00e9\u00e9 dans le but de produire du savoir sur la paix transversale sur le continent africain et de le diffuser. Par cons\u00e9quent, l\u2019objectif demeure d\u2019\u00e9largir et d\u2019approfondir les connaissances et la compr\u00e9hension du continent africain en faisant entendre de nouvelles voix en offrant une visibilit\u00e9 aux analyses innovantes et non-partisanes sur des enjeux globaux africains, en influen\u00e7ant les d\u00e9cisions des d\u00e9cideurs et des autres acteurs cl\u00e9s du continent.[\/vc_column_text][\/vc_tab][vc_tab title=\u00a0\u00bbCE QUE NOUS FAISONS\u00a0\u00bb tab_id=\u00a0\u00bb1434397252-2-42&Prime;][vc_column_text disable_pattern=\u00a0\u00bbtrue\u00a0\u00bb align=\u00a0\u00bbleft\u00a0\u00bb margin_bottom=\u00a0\u00bb0&Prime;]<strong>Notes strat\u00e9giques<\/strong><br \/>\nNotes d\u2019analyse politique, notes de recherche, notes de terrain, notes occasionnelle et info flash, Thinking Africa produit et formule des id\u00e9es et des recommandations, appuy\u00e9es par des faits et des recherches rigoureuses, pour les gouvernements africains, l\u2019Union africaine et les organisations internationales, les analystes, les professionnels, les d\u00e9cideurs et les m\u00e9dias. Tout en offrant une visibilit\u00e9 aux travaux de nos chercheurs.<\/p>\n<p><strong>Ev\u00e9nements scientifiques<\/strong><br \/>\nColloques, conf\u00e9rences, forums et tables rondes, Thinking Africa organise des \u00e9v\u00e8nements scientifiques, seul ou en partenariat avec d\u2019autres institutions afin de faire avancer l\u2019agenda de l\u2019institut sur des th\u00e8mes importants. L\u2019objectif de ces \u00e9changes est d\u2019associer le grand public aux \u00e9changes portant sur le devenir du continent.<\/p>\n<p><strong>Formations<\/strong><br \/>\nThinking Africa propose des modules qui visent \u00e0 b\u00e2tir, \u00e0 partir des besoins des responsables que nous rencontrons, des curriculums de formation dont la finalit\u00e9 est d\u2019accro\u00eetre les comp\u00e9tences en leadership, m\u00e9diation, communication strat\u00e9gique ou n\u00e9gociation et une meilleure organisation des services existant en vue de s\u2019acquitter de mani\u00e8re efficiente des t\u00e2ches confi\u00e9s.<\/p>\n<p><strong>Entretiens<\/strong><br \/>\nVia sa web TV, Thinking Africa produit et diffuse des entretiens avec des intellectuels et experts influents sur les enjeux africains.<br \/>\n[\/vc_column_text][\/vc_tab][vc_tab title=\u00a0\u00bbPOURQUOI TRAVAILLER AVEC NOUS\u00a0\u00bb tab_id=\u00a0\u00bb1434398807396-2-9&Prime;][vc_column_text disable_pattern=\u00a0\u00bbtrue\u00a0\u00bb align=\u00a0\u00bbleft\u00a0\u00bb margin_bottom=\u00a0\u00bb0&Prime;]<strong>Pour notre d\u00e9marche <\/strong><br \/>\n<em>Informer, influencer, impacter. <\/em><br \/>\nThinking Africa associe exp\u00e9riences sur le terrain et analyses, productions intellectuelles et partages de connaissances, recommandations et formation des acteurs de terrain.<\/p>\n<p><strong>Pour notre comp\u00e9tence <\/strong><br \/>\n<em>La paix durable en Afrique.<\/em><br \/>\nThinking Africa regroupe des experts, universitaires et praticiens sp\u00e9cialis\u00e9s dans les enjeux de construction et de d\u00e9veloppement d\u2019une paix durable en Afrique.<\/p>\n<p><strong>Pour notre ambition<\/strong><br \/>\n<em>Construire l\u2019Afrique des Africains. <\/em><br \/>\nFace \u00e0 l\u2019Afrique des ressources naturelles et mati\u00e8res premi\u00e8res, Thinking Africa met l\u2018accent sur les Hommes et la mati\u00e8re grise, afin de contribuer \u00e0 la cr\u00e9ation d\u2019un vivre ensemble partag\u00e9 dans la paix.<\/p>\n<p><strong>Pour notre exp\u00e9rience<\/strong><br \/>\n<em>Nous sommes des facilitateurs.<\/em><br \/>\nDepuis plus de 10 ans, les membres de Thinking Africa, forment, \u00e0 travers le continent, des officiers sup\u00e9rieurs, des hauts fonctionnaires et des membres de la soci\u00e9t\u00e9 civile.[\/vc_column_text][\/vc_tab][vc_tab title=\u00a0\u00bbLEADERSHIP\u00a0\u00bb tab_id=\u00a0\u00bb1434400301894-3-7&Prime;][vc_column_text disable_pattern=\u00a0\u00bbtrue\u00a0\u00bb align=\u00a0\u00bbleft\u00a0\u00bb margin_bottom=\u00a0\u00bb0&Prime;]<strong>Dr Yacouba Konate <\/strong><br \/>\nPr\u00e9sident<\/p>\n<p><strong>Dr Sa\u00efd Abass Ahamed <\/strong><br \/>\nDirecteur ex\u00e9cutif<br \/>\n<em>En charge de la strat\u00e9gie, de la gestion et de la production intellectuelle<\/em><\/p>\n<p><strong>Mounoubai Madnodje <\/strong><br \/>\nDirecteur<br \/>\n<em>En charge du d\u00e9veloppement et des relations publiques<\/em><\/p>\n<p><strong>Dr Samuel Nguembock<\/strong><br \/>\nManager<br \/>\n<em>En charge des formations et projets de recherche<\/em><\/p>\n<p><strong>Patrick Ifonge<\/strong><br \/>\nFacilitateur<br \/>\n<em>En charge de la strat\u00e9gie de communication et des contenus<\/em><\/p>\n<p><strong>Dr Cristina Barrios<\/strong><br \/>\nConsultante<br \/>\n<em>En charge des orientations strat\u00e9giques de l&rsquo;institut <\/em><br \/>\n[\/vc_column_text][\/vc_tab][\/vc_tabs][\/vc_column][\/vc_row][vc_row fullwidth=\u00a0\u00bbfalse\u00a0\u00bb attached=\u00a0\u00bbfalse\u00a0\u00bb padding=\u00a0\u00bb0&Prime; visibility=\u00a0\u00bb\u00a0\u00bb animation=\u00a0\u00bb\u00a0\u00bb][vc_column border_color=\u00a0\u00bb\u00a0\u00bb visibility=\u00a0\u00bb\u00a0\u00bb width=\u00a0\u00bb1\/1&Prime;][mk_gallery title=\u00a0\u00bbCOMMUNICATION\u00a0\u00bb images=\u00a0\u00bb4061,4063,4049,4064,4062&Prime; style=\u00a0\u00bbstyle1&Prime; column=\u00a0\u00bb3&Prime; image_size=\u00a0\u00bbcrop\u00a0\u00bb height=\u00a0\u00bb500&Prime; hover_scenarios=\u00a0\u00bbfadebox\u00a0\u00bb item_spacing=\u00a0\u00bb8&Prime; margin_bottom=\u00a0\u00bb20&Prime; frame_style=\u00a0\u00bbsimple\u00a0\u00bb disable_title=\u00a0\u00bbfalse\u00a0\u00bb image_quality=\u00a0\u00bb1&Prime; pagination=\u00a0\u00bbfalse\u00a0\u00bb count=\u00a0\u00bb10&Prime; pagination_style=\u00a0\u00bb1&Prime; order=\u00a0\u00bbASC\u00a0\u00bb orderby=\u00a0\u00bbdate\u00a0\u00bb item_id=\u00a0\u00bb1434621779-558297533726b\u00a0\u00bb][\/vc_column][\/vc_row][mk_page_section layout_structure=\u00a0\u00bbfull\u00a0\u00bb bg_color=\u00a0\u00bb#f2825d\u00a0\u00bb attachment=\u00a0\u00bbscroll\u00a0\u00bb bg_position=\u00a0\u00bbleft top\u00a0\u00bb bg_repeat=\u00a0\u00bbrepeat\u00a0\u00bb bg_stretch=\u00a0\u00bbfalse\u00a0\u00bb enable_3d=\u00a0\u00bbfalse\u00a0\u00bb speed_factor=\u00a0\u00bb0.3&Prime; bg_video=\u00a0\u00bbno\u00a0\u00bb video_source=\u00a0\u00bbself\u00a0\u00bb stream_host_website=\u00a0\u00bbyoutube\u00a0\u00bb video_mask=\u00a0\u00bbfalse\u00a0\u00bb bg_gradient=\u00a0\u00bbfalse\u00a0\u00bb gr_end=\u00a0\u00bb#1e73be\u00a0\u00bb video_opacity=\u00a0\u00bb0.6&Prime; top_shadow=\u00a0\u00bbfalse\u00a0\u00bb section_layout=\u00a0\u00bbfull\u00a0\u00bb min_height=\u00a0\u00bb80&Prime; full_width=\u00a0\u00bbfalse\u00a0\u00bb full_height=\u00a0\u00bbfalse\u00a0\u00bb intro_effect=\u00a0\u00bbfalse\u00a0\u00bb padding_top=\u00a0\u00bb10&Prime; padding_bottom=\u00a0\u00bb10&Prime; margin_bottom=\u00a0\u00bb0&Prime; skip_arrow=\u00a0\u00bbfalse\u00a0\u00bb skip_arrow_skin=\u00a0\u00bblight\u00a0\u00bb first_page=\u00a0\u00bbfalse\u00a0\u00bb last_page=\u00a0\u00bbfalse\u00a0\u00bb sidebar=\u00a0\u00bbsidebar-1&Prime;][vc_column border_color=\u00a0\u00bb\u00a0\u00bb visibility=\u00a0\u00bb\u00a0\u00bb width=\u00a0\u00bb1\/1&Prime;][vc_row_inner attached=\u00a0\u00bbfalse\u00a0\u00bb padding=\u00a0\u00bb0&Prime; visibility=\u00a0\u00bb\u00a0\u00bb][vc_column_inner el_class=\u00a0\u00bb\u00a0\u00bb width=\u00a0\u00bb3\/4&Prime;][mk_fancy_title tag_name=\u00a0\u00bbh3&Prime; style=\u00a0\u00bbfalse\u00a0\u00bb color=\u00a0\u00bb#ffffff\u00a0\u00bb size=\u00a0\u00bb18&Prime; font_weight=\u00a0\u00bbbold\u00a0\u00bb font_style=\u00a0\u00bbinhert\u00a0\u00bb letter_spacing=\u00a0\u00bb0&Prime; margin_top=\u00a0\u00bb20&Prime; margin_bottom=\u00a0\u00bb18&Prime; font_family=\u00a0\u00bbnone\u00a0\u00bb align=\u00a0\u00bbcenter\u00a0\u00bb]\n<p>Vous souhaitez travailler avec Thinking Africa?<\/p>\n[\/mk_fancy_title][\/vc_column_inner][vc_column_inner el_class=\u00a0\u00bb\u00a0\u00bb width=\u00a0\u00bb1\/4&Prime;][mk_button dimension=\u00a0\u00bboutline\u00a0\u00bb corner_style=\u00a0\u00bbpointed\u00a0\u00bb size=\u00a0\u00bblarge\u00a0\u00bb outline_skin=\u00a0\u00bblight\u00a0\u00bb outline_active_color=\u00a0\u00bb#ffffff\u00a0\u00bb outline_hover_color=\u00a0\u00bb#333333&Prime; bg_color=\u00a0\u00bb#d84a3a\u00a0\u00bb btn_hover_bg=\u00a0\u00bb#252525&Prime; text_color=\u00a0\u00bblight\u00a0\u00bb icon_anim=\u00a0\u00bbnone\u00a0\u00bb url=\u00a0\u00bb#\u00a0\u00bb target=\u00a0\u00bb_self\u00a0\u00bb align=\u00a0\u00bbcenter\u00a0\u00bb fullwidth=\u00a0\u00bbfalse\u00a0\u00bb button_custom_width=\u00a0\u00bb0&Prime; margin_top=\u00a0\u00bb0&Prime; margin_bottom=\u00a0\u00bb15&Prime;]\n<p>Contactez-nous<\/p>\n[\/mk_button][\/vc_column_inner][\/vc_row_inner][\/vc_column][\/mk_page_section]\n","protected":false},"excerpt":{"rendered":"<p>[vc_row fullwidth=\u00a0\u00bbtrue\u00a0\u00bb attached=\u00a0\u00bbfalse\u00a0\u00bb padding=\u00a0\u00bb0&Prime;][vc_column border_color=\u00a0\u00bb\u00a0\u00bb visibility=\u00a0\u00bb\u00a0\u00bb width=\u00a0\u00bb1\/1&Prime;][mk_page_title_box page_title=\u00a0\u00bbTHINKING AFRICA\u00a0\u00bb page_subtitle=\u00a0\u00bbR\u00e9inventer le leadership Africain.\u00a0\u00bb section_height=\u00a0\u00bb120&Prime; bg_type=\u00a0\u00bbcolor\u00a0\u00bb bg_color=\u00a0\u00bb#d84a3a\u00a0\u00bb bg_position=\u00a0\u00bbleft top\u00a0\u00bb bg_stretch=\u00a0\u00bbfalse\u00a0\u00bb attachment=\u00a0\u00bbscroll\u00a0\u00bb text_align=\u00a0\u00bbcenter\u00a0\u00bb font_size=\u00a0\u00bb30&Prime; title_letter_spacing=\u00a0\u00bb3&Prime; font_color=\u00a0\u00bb#ffffff\u00a0\u00bb font_weight=\u00a0\u00bbinherit\u00a0\u00bb underline=\u00a0\u00bbtrue\u00a0\u00bb padding=\u00a0\u00bb20&Prime; sub_font_size=\u00a0\u00bb20&Prime; sub_font_color=\u00a0\u00bb#ffffff\u00a0\u00bb sub_font_weight=\u00a0\u00bbinherit\u00a0\u00bb][\/vc_column][\/vc_row][vc_row][vc_column][vc_empty_space height=\u00a0\u00bb20px\u00a0\u00bb][vc_column_text disable_pattern=\u00a0\u00bbtrue\u00a0\u00bb align=\u00a0\u00bbleft\u00a0\u00bb margin_bottom=\u00a0\u00bb0&Prime;] Institut de recherche et d\u2019enseignement sur la paix en Afrique, Thinking Africa publie des analyses sur les enjeux politiques, g\u00e9ostrat\u00e9giques, \u00e9conomiques [&hellip;]<\/p>\n","protected":false},"author":1,"featured_media":0,"parent":4169,"menu_order":0,"comment_status":"open","ping_status":"open","template":"","meta":{"footnotes":""},"class_list":["post-4177","page","type-page","status-publish","hentry"],"yoast_head":"<!-- This site is optimized with the Yoast SEO plugin v27.3 - https:\/\/yoast.com\/product\/yoast-seo-wordpress\/ -->\n<title>Think Tank - Thinking Africa<\/title>\n<meta name=\"robots\" content=\"index, follow, max-snippet:-1, max-image-preview:large, max-video-preview:-1\" \/>\n<link rel=\"canonical\" href=\"https:\/\/www.thinkingafrica.org\/V2\/ta\/think-tank\/\" \/>\n<meta property=\"og:locale\" content=\"fr_FR\" \/>\n<meta property=\"og:type\" content=\"article\" \/>\n<meta property=\"og:title\" content=\"Think Tank - Thinking Africa\" \/>\n<meta property=\"og:description\" content=\"[vc_row fullwidth=\u00a0\u00bbtrue\u00a0\u00bb attached=\u00a0\u00bbfalse\u00a0\u00bb padding=\u00a0\u00bb0&Prime;][vc_column border_color=\u00a0\u00bb\u00a0\u00bb visibility=\u00a0\u00bb\u00a0\u00bb width=\u00a0\u00bb1\/1&Prime;][mk_page_title_box page_title=\u00a0\u00bbTHINKING AFRICA\u00a0\u00bb page_subtitle=\u00a0\u00bbR\u00e9inventer le leadership Africain.\u00a0\u00bb section_height=\u00a0\u00bb120&Prime; bg_type=\u00a0\u00bbcolor\u00a0\u00bb bg_color=\u00a0\u00bb#d84a3a\u00a0\u00bb bg_position=\u00a0\u00bbleft top\u00a0\u00bb bg_stretch=\u00a0\u00bbfalse\u00a0\u00bb attachment=\u00a0\u00bbscroll\u00a0\u00bb text_align=\u00a0\u00bbcenter\u00a0\u00bb font_size=\u00a0\u00bb30&Prime; title_letter_spacing=\u00a0\u00bb3&Prime; font_color=\u00a0\u00bb#ffffff\u00a0\u00bb font_weight=\u00a0\u00bbinherit\u00a0\u00bb underline=\u00a0\u00bbtrue\u00a0\u00bb padding=\u00a0\u00bb20&Prime; sub_font_size=\u00a0\u00bb20&Prime; sub_font_color=\u00a0\u00bb#ffffff\u00a0\u00bb sub_font_weight=\u00a0\u00bbinherit\u00a0\u00bb][\/vc_column][\/vc_row][vc_row][vc_column][vc_empty_space height=\u00a0\u00bb20px\u00a0\u00bb][vc_column_text disable_pattern=\u00a0\u00bbtrue\u00a0\u00bb align=\u00a0\u00bbleft\u00a0\u00bb margin_bottom=\u00a0\u00bb0&Prime;] Institut de recherche et d\u2019enseignement sur la paix en Afrique, Thinking Africa publie des analyses sur les enjeux politiques, g\u00e9ostrat\u00e9giques, \u00e9conomiques [&hellip;]\" \/>\n<meta property=\"og:url\" content=\"https:\/\/www.thinkingafrica.org\/V2\/ta\/think-tank\/\" \/>\n<meta property=\"og:site_name\" content=\"Thinking Africa\" \/>\n<meta property=\"article:modified_time\" content=\"2016-05-19T22:22:11+00:00\" \/>\n<meta property=\"og:image\" content=\"https:\/\/www.thinkingafrica.org\/V2\/wp-content\/uploads\/2020\/05\/TA-Logo-transparent.png\" \/>\n\t<meta property=\"og:image:width\" content=\"512\" \/>\n\t<meta property=\"og:image:height\" content=\"512\" \/>\n\t<meta property=\"og:image:type\" content=\"image\/png\" \/>\n<meta name=\"twitter:card\" content=\"summary_large_image\" \/>\n<meta name=\"twitter:label1\" content=\"Dur\u00e9e de lecture estim\u00e9e\" \/>\n\t<meta name=\"twitter:data1\" content=\"6 minutes\" \/>\n<script type=\"application\/ld+json\" class=\"yoast-schema-graph\">{\"@context\":\"https:\\\/\\\/schema.org\",\"@graph\":[{\"@type\":\"WebPage\",\"@id\":\"https:\\\/\\\/www.thinkingafrica.org\\\/V2\\\/ta\\\/think-tank\\\/\",\"url\":\"https:\\\/\\\/www.thinkingafrica.org\\\/V2\\\/ta\\\/think-tank\\\/\",\"name\":\"Think Tank - Thinking Africa\",\"isPartOf\":{\"@id\":\"https:\\\/\\\/www.thinkingafrica.org\\\/V2\\\/#website\"},\"datePublished\":\"2015-07-07T20:46:13+00:00\",\"dateModified\":\"2016-05-19T22:22:11+00:00\",\"breadcrumb\":{\"@id\":\"https:\\\/\\\/www.thinkingafrica.org\\\/V2\\\/ta\\\/think-tank\\\/#breadcrumb\"},\"inLanguage\":\"fr-FR\",\"potentialAction\":[{\"@type\":\"ReadAction\",\"target\":[\"https:\\\/\\\/www.thinkingafrica.org\\\/V2\\\/ta\\\/think-tank\\\/\"]}]},{\"@type\":\"BreadcrumbList\",\"@id\":\"https:\\\/\\\/www.thinkingafrica.org\\\/V2\\\/ta\\\/think-tank\\\/#breadcrumb\",\"itemListElement\":[{\"@type\":\"ListItem\",\"position\":1,\"name\":\"Accueil\",\"item\":\"https:\\\/\\\/www.thinkingafrica.org\\\/V2\\\/\"},{\"@type\":\"ListItem\",\"position\":2,\"name\":\"Think-Tank\",\"item\":\"https:\\\/\\\/www.thinkingafrica.org\\\/V2\\\/ta\\\/\"},{\"@type\":\"ListItem\",\"position\":3,\"name\":\"Think Tank\"}]},{\"@type\":\"WebSite\",\"@id\":\"https:\\\/\\\/www.thinkingafrica.org\\\/V2\\\/#website\",\"url\":\"https:\\\/\\\/www.thinkingafrica.org\\\/V2\\\/\",\"name\":\"Thinking Africa\",\"description\":\"Recherche, r\u00e9flexions et ressources pour r\u00e9inventer le leadership africain\",\"potentialAction\":[{\"@type\":\"SearchAction\",\"target\":{\"@type\":\"EntryPoint\",\"urlTemplate\":\"https:\\\/\\\/www.thinkingafrica.org\\\/V2\\\/?s={search_term_string}\"},\"query-input\":{\"@type\":\"PropertyValueSpecification\",\"valueRequired\":true,\"valueName\":\"search_term_string\"}}],\"inLanguage\":\"fr-FR\"}]}<\/script>\n<!-- \/ Yoast SEO plugin. -->","yoast_head_json":{"title":"Think Tank - Thinking Africa","robots":{"index":"index","follow":"follow","max-snippet":"max-snippet:-1","max-image-preview":"max-image-preview:large","max-video-preview":"max-video-preview:-1"},"canonical":"https:\/\/www.thinkingafrica.org\/V2\/ta\/think-tank\/","og_locale":"fr_FR","og_type":"article","og_title":"Think Tank - Thinking Africa","og_description":"[vc_row fullwidth=\u00a0\u00bbtrue\u00a0\u00bb attached=\u00a0\u00bbfalse\u00a0\u00bb padding=\u00a0\u00bb0&Prime;][vc_column border_color=\u00a0\u00bb\u00a0\u00bb visibility=\u00a0\u00bb\u00a0\u00bb width=\u00a0\u00bb1\/1&Prime;][mk_page_title_box page_title=\u00a0\u00bbTHINKING AFRICA\u00a0\u00bb page_subtitle=\u00a0\u00bbR\u00e9inventer le leadership Africain.\u00a0\u00bb section_height=\u00a0\u00bb120&Prime; bg_type=\u00a0\u00bbcolor\u00a0\u00bb bg_color=\u00a0\u00bb#d84a3a\u00a0\u00bb bg_position=\u00a0\u00bbleft top\u00a0\u00bb bg_stretch=\u00a0\u00bbfalse\u00a0\u00bb attachment=\u00a0\u00bbscroll\u00a0\u00bb text_align=\u00a0\u00bbcenter\u00a0\u00bb font_size=\u00a0\u00bb30&Prime; title_letter_spacing=\u00a0\u00bb3&Prime; font_color=\u00a0\u00bb#ffffff\u00a0\u00bb font_weight=\u00a0\u00bbinherit\u00a0\u00bb underline=\u00a0\u00bbtrue\u00a0\u00bb padding=\u00a0\u00bb20&Prime; sub_font_size=\u00a0\u00bb20&Prime; sub_font_color=\u00a0\u00bb#ffffff\u00a0\u00bb sub_font_weight=\u00a0\u00bbinherit\u00a0\u00bb][\/vc_column][\/vc_row][vc_row][vc_column][vc_empty_space height=\u00a0\u00bb20px\u00a0\u00bb][vc_column_text disable_pattern=\u00a0\u00bbtrue\u00a0\u00bb align=\u00a0\u00bbleft\u00a0\u00bb margin_bottom=\u00a0\u00bb0&Prime;] Institut de recherche et d\u2019enseignement sur la paix en Afrique, Thinking Africa publie des analyses sur les enjeux politiques, g\u00e9ostrat\u00e9giques, \u00e9conomiques [&hellip;]","og_url":"https:\/\/www.thinkingafrica.org\/V2\/ta\/think-tank\/","og_site_name":"Thinking Africa","article_modified_time":"2016-05-19T22:22:11+00:00","og_image":[{"width":512,"height":512,"url":"https:\/\/www.thinkingafrica.org\/V2\/wp-content\/uploads\/2020\/05\/TA-Logo-transparent.png","type":"image\/png"}],"twitter_card":"summary_large_image","twitter_misc":{"Dur\u00e9e de lecture estim\u00e9e":"6 minutes"},"schema":{"@context":"https:\/\/schema.org","@graph":[{"@type":"WebPage","@id":"https:\/\/www.thinkingafrica.org\/V2\/ta\/think-tank\/","url":"https:\/\/www.thinkingafrica.org\/V2\/ta\/think-tank\/","name":"Think Tank - Thinking Africa","isPartOf":{"@id":"https:\/\/www.thinkingafrica.org\/V2\/#website"},"datePublished":"2015-07-07T20:46:13+00:00","dateModified":"2016-05-19T22:22:11+00:00","breadcrumb":{"@id":"https:\/\/www.thinkingafrica.org\/V2\/ta\/think-tank\/#breadcrumb"},"inLanguage":"fr-FR","potentialAction":[{"@type":"ReadAction","target":["https:\/\/www.thinkingafrica.org\/V2\/ta\/think-tank\/"]}]},{"@type":"BreadcrumbList","@id":"https:\/\/www.thinkingafrica.org\/V2\/ta\/think-tank\/#breadcrumb","itemListElement":[{"@type":"ListItem","position":1,"name":"Accueil","item":"https:\/\/www.thinkingafrica.org\/V2\/"},{"@type":"ListItem","position":2,"name":"Think-Tank","item":"https:\/\/www.thinkingafrica.org\/V2\/ta\/"},{"@type":"ListItem","position":3,"name":"Think Tank"}]},{"@type":"WebSite","@id":"https:\/\/www.thinkingafrica.org\/V2\/#website","url":"https:\/\/www.thinkingafrica.org\/V2\/","name":"Thinking Africa","description":"Recherche, r\u00e9flexions et ressources pour r\u00e9inventer le leadership africain","potentialAction":[{"@type":"SearchAction","target":{"@type":"EntryPoint","urlTemplate":"https:\/\/www.thinkingafrica.org\/V2\/?s={search_term_string}"},"query-input":{"@type":"PropertyValueSpecification","valueRequired":true,"valueName":"search_term_string"}}],"inLanguage":"fr-FR"}]}},"_links":{"self":[{"href":"https:\/\/www.thinkingafrica.org\/V2\/wp-json\/wp\/v2\/pages\/4177","targetHints":{"allow":["GET"]}}],"collection":[{"href":"https:\/\/www.thinkingafrica.org\/V2\/wp-json\/wp\/v2\/pages"}],"about":[{"href":"https:\/\/www.thinkingafrica.org\/V2\/wp-json\/wp\/v2\/types\/page"}],"author":[{"embeddable":true,"href":"https:\/\/www.thinkingafrica.org\/V2\/wp-json\/wp\/v2\/users\/1"}],"replies":[{"embeddable":true,"href":"https:\/\/www.thinkingafrica.org\/V2\/wp-json\/wp\/v2\/comments?post=4177"}],"version-history":[{"count":8,"href":"https:\/\/www.thinkingafrica.org\/V2\/wp-json\/wp\/v2\/pages\/4177\/revisions"}],"predecessor-version":[{"id":5696,"href":"https:\/\/www.thinkingafrica.org\/V2\/wp-json\/wp\/v2\/pages\/4177\/revisions\/5696"}],"up":[{"embeddable":true,"href":"https:\/\/www.thinkingafrica.org\/V2\/wp-json\/wp\/v2\/pages\/4169"}],"wp:attachment":[{"href":"https:\/\/www.thinkingafrica.org\/V2\/wp-json\/wp\/v2\/media?parent=4177"}],"curies":[{"name":"wp","href":"https:\/\/api.w.org\/{rel}","templated":true}]}}