{"id":4182,"date":"2015-07-07T23:05:31","date_gmt":"2015-07-07T21:05:31","guid":{"rendered":"http:\/\/www.thinkingafrica.org\/V2\/?page_id=4182"},"modified":"2021-04-07T12:09:01","modified_gmt":"2021-04-07T10:09:01","slug":"contribuer","status":"publish","type":"page","link":"https:\/\/www.thinkingafrica.org\/V2\/ta\/contribuer\/","title":{"rendered":"Contribuer"},"content":{"rendered":"[vc_row full_width=\u00a0\u00bbstretch_row_content\u00a0\u00bb fullwidth=\u00a0\u00bbtrue\u00a0\u00bb css=\u00a0\u00bb.vc_custom_1617745333239{padding-top: 0px !important;padding-right: 0px !important;padding-bottom: 0px !important;padding-left: 0px !important;background-color: #d84a3a !important;}\u00a0\u00bb][vc_column width=\u00a0\u00bb1\/12&Prime;][\/vc_column][vc_column width=\u00a0\u00bb10\/12&Prime;][vc_empty_space height=\u00a0\u00bb20px\u00a0\u00bb][vc_custom_heading text=\u00a0\u00bbContribuer &amp; Soutenir TA\u00a0\u00bb font_container=\u00a0\u00bbtag:h2|font_size:20px|text_align:center|color:%23ffffff\u00a0\u00bb text_transform=\u00a0\u00bbcesis_text_transform_uppercase\u00a0\u00bb use_theme_fonts=\u00a0\u00bbyes\u00a0\u00bb][vc_column_text css=\u00a0\u00bb.vc_custom_1588424922163{margin-bottom: 0px !important;}\u00a0\u00bb]\n<h5><span style=\"color: #f2825d;\">Si nous estimons que la production et la diffusion de nos id\u00e9es sont cruciales, notre raison d\u2019\u00eatre repose sur l\u2019am\u00e9lioration des politiques publiques, un meilleur leadership sur le continent et un impact positif sur les r\u00e9alit\u00e9s quotidiennes des africains.<\/span><\/h5>\n<h5><span style=\"color: #ffffff;\">Afin de p\u00e9renniser nos diff\u00e9rentes activit\u00e9s de recherche, publications, formations et conf\u00e9rences, assurer le bon fonctionnement de l\u2019institut, et renforcer notre ind\u00e9pendance et notre mission, Thinking Africa a besoin de votre contribution et soutien.<\/span><\/h5>\n[\/vc_column_text][vc_empty_space height=\u00a0\u00bb20px\u00a0\u00bb][\/vc_column][vc_column width=\u00a0\u00bb1\/12&Prime;][\/vc_column][\/vc_row][vc_row full_width=\u00a0\u00bbstretch_row_content\u00a0\u00bb][vc_column][vc_empty_space][vc_tabs][vc_tab title=\u00a0\u00bbPRODUIRE UNE NOTE\u00a0\u00bb tab_id=\u00a0\u00bb1434438687-1-43&Prime;][vc_column_text]\n<p>La note de recherche est une r\u00e9flexion ind\u00e9pendante sur le long terme. Elle pr\u00e9sente une opinion ou un argument d\u2019un auteur, appuy\u00e9e par la recherche. Il s\u2019agit d\u2019un article \u00e0 vocation universitaire. A la diff\u00e9rence d\u2019un rapport, il ne se contente pas de pr\u00e9senter des faits objectifs sans opinions personnelles. L\u2019auteur fait valoir une opinion argument\u00e9e et \u00e9tay\u00e9e sur le sujet.<\/p>\n[\/vc_column_text][vc_column_text css=\u00a0\u00bb.vc_custom_1588428171177{margin-bottom: 0px !important;}\u00a0\u00bb]Thinking Africa se veut \u00eatre une plate forme o\u00f9 les id\u00e9es se croisent et o\u00f9 les connaissances se partagent.<\/p>\n<p>Le groupe veut faire entendre les nouvelles voix et offrir une visibilit\u00e9 aux travaux de recherches innovants et cr\u00e9atifs sur l\u2019Afrique. Afin de contribuer aux publications de Thinking Africa, veuillez envoyer une br\u00e8ve description de votre projet de recherche ou de publication ainsi qu\u2019une tr\u00e8s courte biographie \u00e0 contact[a]thinkingafrica.org.<\/p>\n<p><strong><a href=\"http:\/\/www.thinkingafrica.org\/V2\/wp-content\/uploads\/2016\/04\/Guide2016.pdf\">TELECHARGEZ LE GUIDE DES PUBLICATIONS<\/a><\/strong><br \/>\n[\/vc_column_text][\/vc_tab][vc_tab title=\u00a0\u00bbPARTICIPER AU RESEAU THINKING AFRICA\u00a0\u00bb tab_id=\u00a0\u00bb1434438687-2-96&Prime;][vc_column_text]<strong>Les missions du R\u00e9seau Thinking Africa:<\/strong><br \/>\n&#8211; D\u00e9nicher et soutenir les \u00e9tudiants, intellectuels, penseurs (et leaders) de l\u2019Afrique.<br \/>\n&#8211; Dynamiser et relayer au niveau local les initiatives et projets de Thinking Africa.<br \/>\n&#8211; Faciliter le partage d&rsquo;exp\u00e9riences et la mutualisation de nos comp\u00e9tences.<br \/>\n&#8211; Rassembler et mettre en relation les individus actifs et d\u00e9termin\u00e9s \u00e0 mettre en place des actions et initiatives concr\u00e8tes, en phase avec le projet de construire l\u2019Afrique des africains.<\/p>\n<p><strong>Devenir un coordinateur local:<\/strong><br \/>\nLe coordinateur est en charge de la cr\u00e9ation, de l\u2019organisation et du d\u00e9veloppement d\u2019un r\u00e9seau local Thinking Africa. Le coordinateur, b\u00e9n\u00e9vole, sert de point de contact, d\u2019interface pour les nouveaux membres du r\u00e9seau local et l\u2019\u00e9quipe de Thinking Africa.<\/p>\n<p>Plus d&rsquo;informations sur notre r\u00e9seau, merci de nous contacter \u00e0 contact[a]thinkingafrica.org.[\/vc_column_text][\/vc_tab][vc_tab title=\u00a0\u00bbSOUTENIR THINKING AFRICA\u00a0\u00bb tab_id=\u00a0\u00bb1434441458941-2-7&Prime;][vc_column_text]<strong>Etre partenaire d\u2019un \u00e9v\u00e8nement TA <\/strong><br \/>\nThinking Africa organise r\u00e9guli\u00e8rement des conf\u00e9rences et rencontres scientifiques. Vous pouvez y contribuer en tant que partenaire.<br \/>\nComment ?<br \/>\n&#8211; Vous repr\u00e9sentez une universit\u00e9, un lieu de rencontre et de d\u00e9bats, en Afrique, en Europe, ou en Am\u00e9rique du Nord, vous pouvez accueillir une conf\u00e9rence Thinking Africa.<br \/>\n&#8211; Vous repr\u00e9sentez un m\u00e9dia national, r\u00e9gional, international, vous pouvez diffuser une partie ou l\u2019int\u00e9gralit\u00e9 d\u2019une conf\u00e9rence Thinking Africa.<br \/>\nPour \u00eatre partenaire d\u2019un \u00e9v\u00e8nement TA, merci de nous contacter \u00e0 contact[a]thinkingafrica.org ou via <a href=\"http:\/\/www.khelias.com\/V2\/thinking-africa\/nous-contacter\/\">le formulaire du site<\/a>.<\/p>\n<p><strong>Accueillir une interview Thinking Africa<\/strong><br \/>\nDans le cadre de sa Web TV, Thinking Africa produit et diffuse r\u00e9guli\u00e8rement des entretiens vid\u00e9os avec des intellectuels et experts influents sur les enjeux africains. Ces interviews ont lieu dans des endroits divers et vari\u00e9s. Elles peuvent avoir lieu dans \u00ab votre lieu \u00bb : Caf\u00e9, Universit\u00e9, Mus\u00e9e, centre culturel, m\u00e9diath\u00e8que, biblioth\u00e8que ou autre. <a href=\"http:\/\/www.khelias.com\/V2\/thinking-africa\/nous-contacter\/\">Discutons des opportunit\u00e9s de collaboration<\/a>.<\/p>\n<p><strong>Faire un don<\/strong><br \/>\nLe m\u00e9tier de Thinking Africa est de produire du savoir utile et prospectif dans une perspective d\u2019int\u00e9r\u00eat g\u00e9n\u00e9ral pour les populations africaines. Vous pourrez bient\u00f4t nous soutenir dans cette mission, en contribuant financi\u00e8rement \u00e0 la production de ce savoir.<\/p>\n[\/vc_column_text][\/vc_tab][\/vc_tabs][vc_empty_space][\/vc_column][\/vc_row][vc_row full_width=\u00a0\u00bbstretch_row_content\u00a0\u00bb css=\u00a0\u00bb.vc_custom_1617789952751{background-color: #f2825d !important;background-position: center !important;background-repeat: no-repeat !important;background-size: cover !important;}\u00a0\u00bb][vc_column][vc_empty_space][vc_column_text]\n<h5><span style=\"color: #ffffff;\">Devenez membre de Thinking Africa; Rejoignez notre r\u00e9seau africain et international de chercheurs, sp\u00e9cialistes et experts; Participez \u00e0 la production du savoir prospectif pour r\u00e9inventer le leadership africain.<\/span><\/h5>\n<h5><span style=\"color: #d84a3a;\">Afin de renforcer ses diff\u00e9rentes activit\u00e9s de recherche, publications, formations et conf\u00e9rences, Thinking Africa accueille r\u00e9guli\u00e8rement de nouveaux membres.<\/span><\/h5>\n[\/vc_column_text][vc_empty_space][\/vc_column][\/vc_row][vc_row full_width=\u00a0\u00bbstretch_row_content\u00a0\u00bb css=\u00a0\u00bb.vc_custom_1617790086007{background-color: #ffffff !important;background-position: center !important;background-repeat: no-repeat !important;background-size: cover !important;}\u00a0\u00bb][vc_column][vc_empty_space][vc_tabs][vc_tab title=\u00a0\u00bbDEVENIR MEMBRE, C\u2019EST LA POSSIBILITE DE :\u00a0\u00bb tab_id=\u00a0\u00bb1434438687-1-43&Prime;][vc_column_text]\u2022Publier des notes strat\u00e9giques.<\/p>\n<p>\u2022Animer des conf\u00e9rences Thinking Africa.<\/p>\n<p>\u2022Animer des groupes de r\u00e9flexion pour TA.<\/p>\n<p>\u2022Int\u00e9grer notre r\u00e9seau des experts (pour les projets d&rsquo;\u00e9tudes et de formation de TA).[\/vc_column_text][\/vc_tab][vc_tab title=\u00a0\u00bbDEVENIR MEMBRE, C\u2019EST L&rsquo;OPPORTUNITE DE :\u00a0\u00bb tab_id=\u00a0\u00bb1434438687-2-96&Prime;][vc_column_text]\u2022B\u00e9n\u00e9ficier d&rsquo;une vitrine internationale pour votre travail.<\/p>\n<p>\u2022D\u00e9velopper ses comp\u00e9tences cl\u00e9s et en acqu\u00e9rir de nouvelles.<\/p>\n<p>\u2022Se constituer un r\u00e9seau de contacts professionnels de haut niveau.[\/vc_column_text][\/vc_tab][\/vc_tabs][vc_column_text title=\u00a0\u00bbT\u00e9l\u00e9charger le bulletin de soutien\u00a0\u00bb]Devenir membre Thinking Africa, c\u2019est\u00a0 l&rsquo;obligation de\u00a0s&rsquo;acquitter des frais d&rsquo;adh\u00e9sion.<\/p>\n<p><strong><a href=\"http:\/\/www.thinkingafrica.org\/V2\/wp-content\/uploads\/2017\/03\/DevenirMembredeTA-1.pdf\">Cliquez ici pour t\u00e9l\u00e9charger le bulletin d&rsquo;adh\u00e9sion<\/a><\/strong><\/p>\n<div class=\"su-document su-u-responsive-media-yes\"><iframe loading=\"lazy\" src=\"\/\/docs.google.com\/viewer?embedded=true&url=http:\/\/www.thinkingafrica.org\/V2\/wp-content\/uploads\/2017\/03\/DevenirMembredeTA-1.pdf\" width=\"600\" height=\"400\" class=\"su-document\" title=\"\"><\/iframe><\/div>[\/vc_column_text][vc_empty_space][\/vc_column][\/vc_row]\n","protected":false},"excerpt":{"rendered":"<p>[vc_row full_width=\u00a0\u00bbstretch_row_content\u00a0\u00bb fullwidth=\u00a0\u00bbtrue\u00a0\u00bb css=\u00a0\u00bb.vc_custom_1617745333239{padding-top: 0px !important;padding-right: 0px !important;padding-bottom: 0px !important;padding-left: 0px !important;background-color: #d84a3a !important;}\u00a0\u00bb][vc_column width=\u00a0\u00bb1\/12&Prime;][\/vc_column][vc_column width=\u00a0\u00bb10\/12&Prime;][vc_empty_space height=\u00a0\u00bb20px\u00a0\u00bb][vc_custom_heading text=\u00a0\u00bbContribuer &amp; Soutenir TA\u00a0\u00bb font_container=\u00a0\u00bbtag:h2|font_size:20px|text_align:center|color:%23ffffff\u00a0\u00bb text_transform=\u00a0\u00bbcesis_text_transform_uppercase\u00a0\u00bb use_theme_fonts=\u00a0\u00bbyes\u00a0\u00bb][vc_column_text css=\u00a0\u00bb.vc_custom_1588424922163{margin-bottom: 0px !important;}\u00a0\u00bb] Si nous estimons que la production et la diffusion de nos id\u00e9es sont cruciales, notre raison d\u2019\u00eatre repose sur l\u2019am\u00e9lioration des politiques publiques, un meilleur leadership sur le [&hellip;]<\/p>\n","protected":false},"author":1,"featured_media":0,"parent":4169,"menu_order":1,"comment_status":"open","ping_status":"open","template":"","meta":{"footnotes":""},"class_list":["post-4182","page","type-page","status-publish","hentry"],"yoast_head":"<!-- This site is optimized with the Yoast SEO plugin v27.4 - https:\/\/yoast.com\/product\/yoast-seo-wordpress\/ -->\n<title>Contribuer - Thinking Africa<\/title>\n<meta name=\"robots\" content=\"index, follow, max-snippet:-1, max-image-preview:large, max-video-preview:-1\" \/>\n<link rel=\"canonical\" href=\"https:\/\/www.thinkingafrica.org\/V2\/ta\/contribuer\/\" \/>\n<meta property=\"og:locale\" content=\"fr_FR\" \/>\n<meta property=\"og:type\" content=\"article\" \/>\n<meta property=\"og:title\" content=\"Contribuer - Thinking Africa\" \/>\n<meta property=\"og:description\" content=\"[vc_row full_width=\u00a0\u00bbstretch_row_content\u00a0\u00bb fullwidth=\u00a0\u00bbtrue\u00a0\u00bb css=\u00a0\u00bb.vc_custom_1617745333239{padding-top: 0px !important;padding-right: 0px !important;padding-bottom: 0px !important;padding-left: 0px !important;background-color: #d84a3a !important;}\u00a0\u00bb][vc_column width=\u00a0\u00bb1\/12&Prime;][\/vc_column][vc_column width=\u00a0\u00bb10\/12&Prime;][vc_empty_space height=\u00a0\u00bb20px\u00a0\u00bb][vc_custom_heading text=\u00a0\u00bbContribuer &amp; Soutenir TA\u00a0\u00bb font_container=\u00a0\u00bbtag:h2|font_size:20px|text_align:center|color:%23ffffff\u00a0\u00bb text_transform=\u00a0\u00bbcesis_text_transform_uppercase\u00a0\u00bb use_theme_fonts=\u00a0\u00bbyes\u00a0\u00bb][vc_column_text css=\u00a0\u00bb.vc_custom_1588424922163{margin-bottom: 0px !important;}\u00a0\u00bb] Si nous estimons que la production et la diffusion de nos id\u00e9es sont cruciales, notre raison d\u2019\u00eatre repose sur l\u2019am\u00e9lioration des politiques publiques, un meilleur leadership sur le [&hellip;]\" \/>\n<meta property=\"og:url\" content=\"https:\/\/www.thinkingafrica.org\/V2\/ta\/contribuer\/\" \/>\n<meta property=\"og:site_name\" content=\"Thinking Africa\" \/>\n<meta property=\"article:modified_time\" content=\"2021-04-07T10:09:01+00:00\" \/>\n<meta property=\"og:image\" content=\"https:\/\/www.thinkingafrica.org\/V2\/wp-content\/uploads\/2020\/05\/TA-Logo-transparent.png\" \/>\n\t<meta property=\"og:image:width\" content=\"512\" \/>\n\t<meta property=\"og:image:height\" content=\"512\" \/>\n\t<meta property=\"og:image:type\" content=\"image\/png\" \/>\n<meta name=\"twitter:card\" content=\"summary_large_image\" \/>\n<meta name=\"twitter:label1\" content=\"Dur\u00e9e de lecture estim\u00e9e\" \/>\n\t<meta name=\"twitter:data1\" content=\"6 minutes\" \/>\n<script type=\"application\/ld+json\" class=\"yoast-schema-graph\">{\"@context\":\"https:\\\/\\\/schema.org\",\"@graph\":[{\"@type\":\"WebPage\",\"@id\":\"https:\\\/\\\/www.thinkingafrica.org\\\/V2\\\/ta\\\/contribuer\\\/\",\"url\":\"https:\\\/\\\/www.thinkingafrica.org\\\/V2\\\/ta\\\/contribuer\\\/\",\"name\":\"Contribuer - Thinking Africa\",\"isPartOf\":{\"@id\":\"https:\\\/\\\/www.thinkingafrica.org\\\/V2\\\/#website\"},\"datePublished\":\"2015-07-07T21:05:31+00:00\",\"dateModified\":\"2021-04-07T10:09:01+00:00\",\"breadcrumb\":{\"@id\":\"https:\\\/\\\/www.thinkingafrica.org\\\/V2\\\/ta\\\/contribuer\\\/#breadcrumb\"},\"inLanguage\":\"fr-FR\",\"potentialAction\":[{\"@type\":\"ReadAction\",\"target\":[\"https:\\\/\\\/www.thinkingafrica.org\\\/V2\\\/ta\\\/contribuer\\\/\"]}]},{\"@type\":\"BreadcrumbList\",\"@id\":\"https:\\\/\\\/www.thinkingafrica.org\\\/V2\\\/ta\\\/contribuer\\\/#breadcrumb\",\"itemListElement\":[{\"@type\":\"ListItem\",\"position\":1,\"name\":\"Accueil\",\"item\":\"https:\\\/\\\/www.thinkingafrica.org\\\/V2\\\/\"},{\"@type\":\"ListItem\",\"position\":2,\"name\":\"Think-Tank\",\"item\":\"https:\\\/\\\/www.thinkingafrica.org\\\/V2\\\/ta\\\/\"},{\"@type\":\"ListItem\",\"position\":3,\"name\":\"Contribuer\"}]},{\"@type\":\"WebSite\",\"@id\":\"https:\\\/\\\/www.thinkingafrica.org\\\/V2\\\/#website\",\"url\":\"https:\\\/\\\/www.thinkingafrica.org\\\/V2\\\/\",\"name\":\"Thinking Africa\",\"description\":\"Recherche, r\u00e9flexions et ressources pour r\u00e9inventer le leadership africain\",\"potentialAction\":[{\"@type\":\"SearchAction\",\"target\":{\"@type\":\"EntryPoint\",\"urlTemplate\":\"https:\\\/\\\/www.thinkingafrica.org\\\/V2\\\/?s={search_term_string}\"},\"query-input\":{\"@type\":\"PropertyValueSpecification\",\"valueRequired\":true,\"valueName\":\"search_term_string\"}}],\"inLanguage\":\"fr-FR\"}]}<\/script>\n<!-- \/ Yoast SEO plugin. -->","yoast_head_json":{"title":"Contribuer - Thinking Africa","robots":{"index":"index","follow":"follow","max-snippet":"max-snippet:-1","max-image-preview":"max-image-preview:large","max-video-preview":"max-video-preview:-1"},"canonical":"https:\/\/www.thinkingafrica.org\/V2\/ta\/contribuer\/","og_locale":"fr_FR","og_type":"article","og_title":"Contribuer - Thinking Africa","og_description":"[vc_row full_width=\u00a0\u00bbstretch_row_content\u00a0\u00bb fullwidth=\u00a0\u00bbtrue\u00a0\u00bb css=\u00a0\u00bb.vc_custom_1617745333239{padding-top: 0px !important;padding-right: 0px !important;padding-bottom: 0px !important;padding-left: 0px !important;background-color: #d84a3a !important;}\u00a0\u00bb][vc_column width=\u00a0\u00bb1\/12&Prime;][\/vc_column][vc_column width=\u00a0\u00bb10\/12&Prime;][vc_empty_space height=\u00a0\u00bb20px\u00a0\u00bb][vc_custom_heading text=\u00a0\u00bbContribuer &amp; Soutenir TA\u00a0\u00bb font_container=\u00a0\u00bbtag:h2|font_size:20px|text_align:center|color:%23ffffff\u00a0\u00bb text_transform=\u00a0\u00bbcesis_text_transform_uppercase\u00a0\u00bb use_theme_fonts=\u00a0\u00bbyes\u00a0\u00bb][vc_column_text css=\u00a0\u00bb.vc_custom_1588424922163{margin-bottom: 0px !important;}\u00a0\u00bb] Si nous estimons que la production et la diffusion de nos id\u00e9es sont cruciales, notre raison d\u2019\u00eatre repose sur l\u2019am\u00e9lioration des politiques publiques, un meilleur leadership sur le [&hellip;]","og_url":"https:\/\/www.thinkingafrica.org\/V2\/ta\/contribuer\/","og_site_name":"Thinking Africa","article_modified_time":"2021-04-07T10:09:01+00:00","og_image":[{"width":512,"height":512,"url":"https:\/\/www.thinkingafrica.org\/V2\/wp-content\/uploads\/2020\/05\/TA-Logo-transparent.png","type":"image\/png"}],"twitter_card":"summary_large_image","twitter_misc":{"Dur\u00e9e de lecture estim\u00e9e":"6 minutes"},"schema":{"@context":"https:\/\/schema.org","@graph":[{"@type":"WebPage","@id":"https:\/\/www.thinkingafrica.org\/V2\/ta\/contribuer\/","url":"https:\/\/www.thinkingafrica.org\/V2\/ta\/contribuer\/","name":"Contribuer - Thinking Africa","isPartOf":{"@id":"https:\/\/www.thinkingafrica.org\/V2\/#website"},"datePublished":"2015-07-07T21:05:31+00:00","dateModified":"2021-04-07T10:09:01+00:00","breadcrumb":{"@id":"https:\/\/www.thinkingafrica.org\/V2\/ta\/contribuer\/#breadcrumb"},"inLanguage":"fr-FR","potentialAction":[{"@type":"ReadAction","target":["https:\/\/www.thinkingafrica.org\/V2\/ta\/contribuer\/"]}]},{"@type":"BreadcrumbList","@id":"https:\/\/www.thinkingafrica.org\/V2\/ta\/contribuer\/#breadcrumb","itemListElement":[{"@type":"ListItem","position":1,"name":"Accueil","item":"https:\/\/www.thinkingafrica.org\/V2\/"},{"@type":"ListItem","position":2,"name":"Think-Tank","item":"https:\/\/www.thinkingafrica.org\/V2\/ta\/"},{"@type":"ListItem","position":3,"name":"Contribuer"}]},{"@type":"WebSite","@id":"https:\/\/www.thinkingafrica.org\/V2\/#website","url":"https:\/\/www.thinkingafrica.org\/V2\/","name":"Thinking Africa","description":"Recherche, r\u00e9flexions et ressources pour r\u00e9inventer le leadership africain","potentialAction":[{"@type":"SearchAction","target":{"@type":"EntryPoint","urlTemplate":"https:\/\/www.thinkingafrica.org\/V2\/?s={search_term_string}"},"query-input":{"@type":"PropertyValueSpecification","valueRequired":true,"valueName":"search_term_string"}}],"inLanguage":"fr-FR"}]}},"_links":{"self":[{"href":"https:\/\/www.thinkingafrica.org\/V2\/wp-json\/wp\/v2\/pages\/4182","targetHints":{"allow":["GET"]}}],"collection":[{"href":"https:\/\/www.thinkingafrica.org\/V2\/wp-json\/wp\/v2\/pages"}],"about":[{"href":"https:\/\/www.thinkingafrica.org\/V2\/wp-json\/wp\/v2\/types\/page"}],"author":[{"embeddable":true,"href":"https:\/\/www.thinkingafrica.org\/V2\/wp-json\/wp\/v2\/users\/1"}],"replies":[{"embeddable":true,"href":"https:\/\/www.thinkingafrica.org\/V2\/wp-json\/wp\/v2\/comments?post=4182"}],"version-history":[{"count":11,"href":"https:\/\/www.thinkingafrica.org\/V2\/wp-json\/wp\/v2\/pages\/4182\/revisions"}],"predecessor-version":[{"id":4185,"href":"https:\/\/www.thinkingafrica.org\/V2\/wp-json\/wp\/v2\/pages\/4182\/revisions\/4185"}],"up":[{"embeddable":true,"href":"https:\/\/www.thinkingafrica.org\/V2\/wp-json\/wp\/v2\/pages\/4169"}],"wp:attachment":[{"href":"https:\/\/www.thinkingafrica.org\/V2\/wp-json\/wp\/v2\/media?parent=4182"}],"curies":[{"name":"wp","href":"https:\/\/api.w.org\/{rel}","templated":true}]}}