{"id":442,"date":"2013-05-19T18:38:06","date_gmt":"2013-05-19T16:38:06","guid":{"rendered":"http:\/\/www.thinkingafrica.org\/V2\/?page_id=442"},"modified":"2022-10-11T15:02:34","modified_gmt":"2022-10-11T13:02:34","slug":"samia-chabouni","status":"publish","type":"page","link":"https:\/\/www.thinkingafrica.org\/V2\/thinking-africa\/equipe-de-recherche\/samia-chabouni\/","title":{"rendered":"Samia chabouni"},"content":{"rendered":"<p><strong>Experte\/Analyste<\/strong><\/p>\n<p><em>Qualifications\/ Dipl\u00f4mes :<\/em>\u00a0Doctorat en Sciences Politiques, option relations internationales:).<br \/>\n<em>Expertise :<\/em>\u00a0La politique \u00e9trang\u00e8re du Rwanda, conflits et s\u00e9curit\u00e9 en Afrique.<br \/>\n<em>Sp\u00e9cialit\u00e9 :<\/em>\u00a0Rwanda, Afrique des Grands Lacs, Maghreb.<\/p>\n<p><strong><em>Samia Chabouni<\/em><\/strong> : est docteure en sciences politiques et relations internationales (Universit\u00e9 d\u2019Alger III-LAM-IEP-Bordeaux). Elle est actuellement maitresse de conf\u00e9rences HDR en sciences politiques, \u00e0 la Facult\u00e9 de Droit et des Sciences Politiques, \u00e0 <em>l\u2019Universit\u00e9 de Jijel<\/em> (<em>Alg\u00e9rie<\/em>). Elle est \u00e9galement membre chercheure au sein du r\u00e9seau de <em>Thinking Africa et chercheure associ\u00e9e \u00e0 ACSUS (African centre for the study of the United States) de l\u2019universit\u00e9 de Witwatersrand en Afrique du Sud<\/em>.<\/p>\n<p>Ses travaux de recherche portent sur : le Rwanda, la r\u00e9gion des Grands Lacs, l\u2019Afrique, les conflits, la diplomatie et la politique \u00e9trang\u00e8re, la m\u00e9moire, le pardon et la reconnaissance en relations internationales. Ses recherches postdoctorales se concentrent sur l\u2019activisme diplomatique du Maroc en Afrique subsaharienne, les rapports sud-sud, le Hirak et la diplomatie africaine de l\u2019Alg\u00e9rie et plus g\u00e9n\u00e9ralement la politique \u00e9trang\u00e8re et la diplomatie des pays africains.<\/p>\n<p>Elle a fait plusieurs s\u00e9jours scientifiques en Europe et en Afrique et elle a \u00e9galement men\u00e9 des enqu\u00eates de terrain au Rwanda (IFRA-Nairobi), en Afrique du Sud (University of Witwatersrand-School of social sciences-Centre for Africa\u2019s International Relations -CAIR) et au Maroc (Centre Jacques Berque). Aujourd\u2019hui, elle est laur\u00e9ate de la bourse Andr\u00e9 Mandouze 2022 o\u00f9 elle m\u00e8ne un projet de recherche sur\u00a0: \u00ab\u00a0la question des archives en France et les relations avec l\u2019Alg\u00e9rie et le Rwanda\u00a0\u00bb.<\/p>\n<p><strong>Contact\u00a0:<\/strong><\/p>\n<p><a href=\"mailto:samia.chabouni@yahoo.fr\">samia.chabouni@yahoo.fr<\/a><\/p>\n<p><a href=\"mailto:samia.chabouni@univ-jijel.dz\">samia.chabouni@univ-jijel.dz<\/a><\/p>\n<p><a href=\"mailto:sam.chabouni@gmail.com\">sam.chabouni@gmail.com<\/a><\/p>\n<p><a href=\"https:\/\/www.linkedin.com\/in\/samia-chabouni-79bb5736\/\">https:\/\/www.linkedin.com\/in\/samia-chabouni-79bb5736\/<\/a><\/p>\n","protected":false},"excerpt":{"rendered":"<p>Experte\/Analyste Qualifications\/ Dipl\u00f4mes :\u00a0Doctorat en Sciences Politiques, option relations internationales:). Expertise :\u00a0La politique \u00e9trang\u00e8re du Rwanda, conflits et s\u00e9curit\u00e9 en Afrique. Sp\u00e9cialit\u00e9 :\u00a0Rwanda, Afrique des Grands Lacs, Maghreb. Samia Chabouni : est docteure en sciences politiques et relations internationales (Universit\u00e9 d\u2019Alger III-LAM-IEP-Bordeaux). Elle est actuellement maitresse de conf\u00e9rences HDR en sciences politiques, \u00e0 la Facult\u00e9 [&hellip;]<\/p>\n","protected":false},"author":1,"featured_media":0,"parent":13,"menu_order":0,"comment_status":"open","ping_status":"open","template":"","meta":{"footnotes":""},"class_list":["post-442","page","type-page","status-publish","hentry"],"yoast_head":"<!-- This site is optimized with the Yoast SEO plugin v27.3 - https:\/\/yoast.com\/product\/yoast-seo-wordpress\/ -->\n<title>Samia chabouni - Thinking Africa<\/title>\n<meta name=\"robots\" content=\"index, follow, max-snippet:-1, max-image-preview:large, max-video-preview:-1\" \/>\n<link rel=\"canonical\" href=\"https:\/\/www.thinkingafrica.org\/V2\/thinking-africa\/equipe-de-recherche\/samia-chabouni\/\" \/>\n<meta property=\"og:locale\" content=\"fr_FR\" \/>\n<meta property=\"og:type\" content=\"article\" \/>\n<meta property=\"og:title\" content=\"Samia chabouni - Thinking Africa\" \/>\n<meta property=\"og:description\" content=\"Experte\/Analyste Qualifications\/ Dipl\u00f4mes :\u00a0Doctorat en Sciences Politiques, option relations internationales:). Expertise :\u00a0La politique \u00e9trang\u00e8re du Rwanda, conflits et s\u00e9curit\u00e9 en Afrique. Sp\u00e9cialit\u00e9 :\u00a0Rwanda, Afrique des Grands Lacs, Maghreb. Samia Chabouni : est docteure en sciences politiques et relations internationales (Universit\u00e9 d\u2019Alger III-LAM-IEP-Bordeaux). Elle est actuellement maitresse de conf\u00e9rences HDR en sciences politiques, \u00e0 la Facult\u00e9 [&hellip;]\" \/>\n<meta property=\"og:url\" content=\"https:\/\/www.thinkingafrica.org\/V2\/thinking-africa\/equipe-de-recherche\/samia-chabouni\/\" \/>\n<meta property=\"og:site_name\" content=\"Thinking Africa\" \/>\n<meta property=\"article:modified_time\" content=\"2022-10-11T13:02:34+00:00\" \/>\n<meta property=\"og:image\" content=\"https:\/\/www.thinkingafrica.org\/V2\/wp-content\/uploads\/2020\/05\/TA-Logo-transparent.png\" \/>\n\t<meta property=\"og:image:width\" content=\"512\" \/>\n\t<meta property=\"og:image:height\" content=\"512\" \/>\n\t<meta property=\"og:image:type\" content=\"image\/png\" \/>\n<meta name=\"twitter:card\" content=\"summary_large_image\" \/>\n<meta name=\"twitter:label1\" content=\"Dur\u00e9e de lecture estim\u00e9e\" \/>\n\t<meta name=\"twitter:data1\" content=\"1 minute\" \/>\n<script type=\"application\/ld+json\" class=\"yoast-schema-graph\">{\"@context\":\"https:\\\/\\\/schema.org\",\"@graph\":[{\"@type\":\"WebPage\",\"@id\":\"https:\\\/\\\/www.thinkingafrica.org\\\/V2\\\/thinking-africa\\\/equipe-de-recherche\\\/samia-chabouni\\\/\",\"url\":\"https:\\\/\\\/www.thinkingafrica.org\\\/V2\\\/thinking-africa\\\/equipe-de-recherche\\\/samia-chabouni\\\/\",\"name\":\"Samia chabouni - Thinking Africa\",\"isPartOf\":{\"@id\":\"https:\\\/\\\/www.thinkingafrica.org\\\/V2\\\/#website\"},\"datePublished\":\"2013-05-19T16:38:06+00:00\",\"dateModified\":\"2022-10-11T13:02:34+00:00\",\"breadcrumb\":{\"@id\":\"https:\\\/\\\/www.thinkingafrica.org\\\/V2\\\/thinking-africa\\\/equipe-de-recherche\\\/samia-chabouni\\\/#breadcrumb\"},\"inLanguage\":\"fr-FR\",\"potentialAction\":[{\"@type\":\"ReadAction\",\"target\":[\"https:\\\/\\\/www.thinkingafrica.org\\\/V2\\\/thinking-africa\\\/equipe-de-recherche\\\/samia-chabouni\\\/\"]}]},{\"@type\":\"BreadcrumbList\",\"@id\":\"https:\\\/\\\/www.thinkingafrica.org\\\/V2\\\/thinking-africa\\\/equipe-de-recherche\\\/samia-chabouni\\\/#breadcrumb\",\"itemListElement\":[{\"@type\":\"ListItem\",\"position\":1,\"name\":\"Accueil\",\"item\":\"https:\\\/\\\/www.thinkingafrica.org\\\/V2\\\/\"},{\"@type\":\"ListItem\",\"position\":2,\"name\":\"Thinking Africa\",\"item\":\"https:\\\/\\\/www.thinkingafrica.org\\\/V2\\\/thinking-africa\\\/\"},{\"@type\":\"ListItem\",\"position\":3,\"name\":\"Equipe de recherche\",\"item\":\"https:\\\/\\\/www.thinkingafrica.org\\\/V2\\\/thinking-africa\\\/equipe-de-recherche\\\/\"},{\"@type\":\"ListItem\",\"position\":4,\"name\":\"Samia chabouni\"}]},{\"@type\":\"WebSite\",\"@id\":\"https:\\\/\\\/www.thinkingafrica.org\\\/V2\\\/#website\",\"url\":\"https:\\\/\\\/www.thinkingafrica.org\\\/V2\\\/\",\"name\":\"Thinking Africa\",\"description\":\"Recherche, r\u00e9flexions et ressources pour r\u00e9inventer le leadership africain\",\"potentialAction\":[{\"@type\":\"SearchAction\",\"target\":{\"@type\":\"EntryPoint\",\"urlTemplate\":\"https:\\\/\\\/www.thinkingafrica.org\\\/V2\\\/?s={search_term_string}\"},\"query-input\":{\"@type\":\"PropertyValueSpecification\",\"valueRequired\":true,\"valueName\":\"search_term_string\"}}],\"inLanguage\":\"fr-FR\"}]}<\/script>\n<!-- \/ Yoast SEO plugin. -->","yoast_head_json":{"title":"Samia chabouni - Thinking Africa","robots":{"index":"index","follow":"follow","max-snippet":"max-snippet:-1","max-image-preview":"max-image-preview:large","max-video-preview":"max-video-preview:-1"},"canonical":"https:\/\/www.thinkingafrica.org\/V2\/thinking-africa\/equipe-de-recherche\/samia-chabouni\/","og_locale":"fr_FR","og_type":"article","og_title":"Samia chabouni - Thinking Africa","og_description":"Experte\/Analyste Qualifications\/ Dipl\u00f4mes :\u00a0Doctorat en Sciences Politiques, option relations internationales:). Expertise :\u00a0La politique \u00e9trang\u00e8re du Rwanda, conflits et s\u00e9curit\u00e9 en Afrique. Sp\u00e9cialit\u00e9 :\u00a0Rwanda, Afrique des Grands Lacs, Maghreb. Samia Chabouni : est docteure en sciences politiques et relations internationales (Universit\u00e9 d\u2019Alger III-LAM-IEP-Bordeaux). Elle est actuellement maitresse de conf\u00e9rences HDR en sciences politiques, \u00e0 la Facult\u00e9 [&hellip;]","og_url":"https:\/\/www.thinkingafrica.org\/V2\/thinking-africa\/equipe-de-recherche\/samia-chabouni\/","og_site_name":"Thinking Africa","article_modified_time":"2022-10-11T13:02:34+00:00","og_image":[{"width":512,"height":512,"url":"https:\/\/www.thinkingafrica.org\/V2\/wp-content\/uploads\/2020\/05\/TA-Logo-transparent.png","type":"image\/png"}],"twitter_card":"summary_large_image","twitter_misc":{"Dur\u00e9e de lecture estim\u00e9e":"1 minute"},"schema":{"@context":"https:\/\/schema.org","@graph":[{"@type":"WebPage","@id":"https:\/\/www.thinkingafrica.org\/V2\/thinking-africa\/equipe-de-recherche\/samia-chabouni\/","url":"https:\/\/www.thinkingafrica.org\/V2\/thinking-africa\/equipe-de-recherche\/samia-chabouni\/","name":"Samia chabouni - Thinking Africa","isPartOf":{"@id":"https:\/\/www.thinkingafrica.org\/V2\/#website"},"datePublished":"2013-05-19T16:38:06+00:00","dateModified":"2022-10-11T13:02:34+00:00","breadcrumb":{"@id":"https:\/\/www.thinkingafrica.org\/V2\/thinking-africa\/equipe-de-recherche\/samia-chabouni\/#breadcrumb"},"inLanguage":"fr-FR","potentialAction":[{"@type":"ReadAction","target":["https:\/\/www.thinkingafrica.org\/V2\/thinking-africa\/equipe-de-recherche\/samia-chabouni\/"]}]},{"@type":"BreadcrumbList","@id":"https:\/\/www.thinkingafrica.org\/V2\/thinking-africa\/equipe-de-recherche\/samia-chabouni\/#breadcrumb","itemListElement":[{"@type":"ListItem","position":1,"name":"Accueil","item":"https:\/\/www.thinkingafrica.org\/V2\/"},{"@type":"ListItem","position":2,"name":"Thinking Africa","item":"https:\/\/www.thinkingafrica.org\/V2\/thinking-africa\/"},{"@type":"ListItem","position":3,"name":"Equipe de recherche","item":"https:\/\/www.thinkingafrica.org\/V2\/thinking-africa\/equipe-de-recherche\/"},{"@type":"ListItem","position":4,"name":"Samia chabouni"}]},{"@type":"WebSite","@id":"https:\/\/www.thinkingafrica.org\/V2\/#website","url":"https:\/\/www.thinkingafrica.org\/V2\/","name":"Thinking Africa","description":"Recherche, r\u00e9flexions et ressources pour r\u00e9inventer le leadership africain","potentialAction":[{"@type":"SearchAction","target":{"@type":"EntryPoint","urlTemplate":"https:\/\/www.thinkingafrica.org\/V2\/?s={search_term_string}"},"query-input":{"@type":"PropertyValueSpecification","valueRequired":true,"valueName":"search_term_string"}}],"inLanguage":"fr-FR"}]}},"_links":{"self":[{"href":"https:\/\/www.thinkingafrica.org\/V2\/wp-json\/wp\/v2\/pages\/442","targetHints":{"allow":["GET"]}}],"collection":[{"href":"https:\/\/www.thinkingafrica.org\/V2\/wp-json\/wp\/v2\/pages"}],"about":[{"href":"https:\/\/www.thinkingafrica.org\/V2\/wp-json\/wp\/v2\/types\/page"}],"author":[{"embeddable":true,"href":"https:\/\/www.thinkingafrica.org\/V2\/wp-json\/wp\/v2\/users\/1"}],"replies":[{"embeddable":true,"href":"https:\/\/www.thinkingafrica.org\/V2\/wp-json\/wp\/v2\/comments?post=442"}],"version-history":[{"count":8,"href":"https:\/\/www.thinkingafrica.org\/V2\/wp-json\/wp\/v2\/pages\/442\/revisions"}],"predecessor-version":[{"id":9299,"href":"https:\/\/www.thinkingafrica.org\/V2\/wp-json\/wp\/v2\/pages\/442\/revisions\/9299"}],"up":[{"embeddable":true,"href":"https:\/\/www.thinkingafrica.org\/V2\/wp-json\/wp\/v2\/pages\/13"}],"wp:attachment":[{"href":"https:\/\/www.thinkingafrica.org\/V2\/wp-json\/wp\/v2\/media?parent=442"}],"curies":[{"name":"wp","href":"https:\/\/api.w.org\/{rel}","templated":true}]}}