{"id":4479,"date":"2015-07-08T01:06:24","date_gmt":"2015-07-07T23:06:24","guid":{"rendered":"http:\/\/www.thinkingafrica.org\/V2\/?page_id=4479"},"modified":"2020-05-02T18:35:01","modified_gmt":"2020-05-02T16:35:01","slug":"ua","status":"publish","type":"page","link":"https:\/\/www.thinkingafrica.org\/V2\/ua\/","title":{"rendered":"Union Africaine"},"content":{"rendered":"[vc_row fullwidth=\u00a0\u00bbtrue\u00a0\u00bb padding=\u00a0\u00bb0&Prime;][vc_column][mk_page_title_box page_title=\u00a0\u00bbUNION AFRICAINE\u00a0\u00bb page_subtitle=\u00a0\u00bbObservation. Analyses. Recommandations.\u00a0\u00bb section_height=\u00a0\u00bb250&Prime; bg_type=\u00a0\u00bbcolor\u00a0\u00bb bg_color=\u00a0\u00bb#d84a3a\u00a0\u00bb font_size=\u00a0\u00bb30&Prime; font_color=\u00a0\u00bb#ffffff\u00a0\u00bb sub_font_size=\u00a0\u00bb20&Prime; sub_font_color=\u00a0\u00bb#ffffff\u00a0\u00bb][vc_empty_space height=\u00a0\u00bb20px\u00a0\u00bb][\/vc_column][\/vc_row][vc_row][vc_column][vc_column_text]Panafricaniste, Thinking Africa, veut prendre \u00e0 bras le corps les questions n\u00e9vralgiques du continent. L\u2019Union Africaine demeure l\u2019acteur central pour la r\u00e9alisation des objectifs de paix et d\u00e9veloppement du continent africain.<\/p>\n<p>A cet effet, Thinking Africa propose de porter un regard ac\u00e9r\u00e9 et respectueux sur les pratiques et les acteurs de l\u2019Union Africaine. Notre objectif est de cr\u00e9er du savoir et de documenter les meilleures pratiques afin d\u2019am\u00e9liorer les prestations de l\u2019Institution continentale.<\/p>\n<p>Que vous soyez fonctionnaire \u00e0 l\u2019Union Africaine, universitaire ou \u00e9tudiant,vous trouverez dans ce dossier des analyses que nous voulons les plus pertinentes possibles sur l\u2019UA. Nous vous invitons \u00e9galement \u00e0 nous communiquer toutes informations pouvant alimenter nos analyses afin de soutenir notre d\u00e9marche de soutien \u00e0 l\u2019UA, dans l\u2019excellence.[\/vc_column_text][\/vc_column][\/vc_row][vc_row][vc_column][vc_separator color=\u00a0\u00bbcustom\u00a0\u00bb style=\u00a0\u00bbdotted\u00a0\u00bb accent_color=\u00a0\u00bb#d84a3a\u00a0\u00bb][\/vc_column][\/vc_row][vc_row][vc_column width=\u00a0\u00bb2\/3&Prime;][mk_blog grid_image_height=\u00a0\u00bb450&Prime; count=\u00a0\u00bb4&Prime; offset=\u00a0\u00bb0&Prime; cat=\u00a0\u00bb58&Prime; disable_lightbox=\u00a0\u00bbtrue\u00a0\u00bb disable_comments_share=\u00a0\u00bbtrue\u00a0\u00bb image_quality=\u00a0\u00bb1&Prime; item_id=\u00a0\u00bb1434535939-55814803d86de\u00a0\u00bb][\/vc_column][vc_column width=\u00a0\u00bb1\/3&Prime;][mk_custom_sidebar sidebar=\u00a0\u00bbsidebar-2&Prime;][\/vc_column][\/vc_row]\n","protected":false},"excerpt":{"rendered":"<p>[vc_row fullwidth=\u00a0\u00bbtrue\u00a0\u00bb padding=\u00a0\u00bb0&Prime;][vc_column][mk_page_title_box page_title=\u00a0\u00bbUNION AFRICAINE\u00a0\u00bb page_subtitle=\u00a0\u00bbObservation. Analyses. Recommandations.\u00a0\u00bb section_height=\u00a0\u00bb250&Prime; bg_type=\u00a0\u00bbcolor\u00a0\u00bb bg_color=\u00a0\u00bb#d84a3a\u00a0\u00bb font_size=\u00a0\u00bb30&Prime; font_color=\u00a0\u00bb#ffffff\u00a0\u00bb sub_font_size=\u00a0\u00bb20&Prime; sub_font_color=\u00a0\u00bb#ffffff\u00a0\u00bb][vc_empty_space height=\u00a0\u00bb20px\u00a0\u00bb][\/vc_column][\/vc_row][vc_row][vc_column][vc_column_text]Panafricaniste, Thinking Africa, veut prendre \u00e0 bras le corps les questions n\u00e9vralgiques du continent. L\u2019Union Africaine demeure l\u2019acteur central pour la r\u00e9alisation des objectifs de paix et d\u00e9veloppement du continent africain. A cet effet, Thinking Africa propose de porter un [&hellip;]<\/p>\n","protected":false},"author":1,"featured_media":0,"parent":0,"menu_order":0,"comment_status":"open","ping_status":"open","template":"full-width.php","meta":{"footnotes":""},"class_list":["post-4479","page","type-page","status-publish","hentry"],"yoast_head":"<!-- This site is optimized with the Yoast SEO plugin v27.3 - https:\/\/yoast.com\/product\/yoast-seo-wordpress\/ -->\n<title>Union Africaine - Thinking Africa<\/title>\n<meta name=\"robots\" content=\"index, follow, max-snippet:-1, max-image-preview:large, max-video-preview:-1\" \/>\n<link rel=\"canonical\" href=\"https:\/\/www.thinkingafrica.org\/V2\/ua\/\" \/>\n<meta property=\"og:locale\" content=\"fr_FR\" \/>\n<meta property=\"og:type\" content=\"article\" \/>\n<meta property=\"og:title\" content=\"Union Africaine - Thinking Africa\" \/>\n<meta property=\"og:description\" content=\"[vc_row fullwidth=\u00a0\u00bbtrue\u00a0\u00bb padding=\u00a0\u00bb0&Prime;][vc_column][mk_page_title_box page_title=\u00a0\u00bbUNION AFRICAINE\u00a0\u00bb page_subtitle=\u00a0\u00bbObservation. Analyses. Recommandations.\u00a0\u00bb section_height=\u00a0\u00bb250&Prime; bg_type=\u00a0\u00bbcolor\u00a0\u00bb bg_color=\u00a0\u00bb#d84a3a\u00a0\u00bb font_size=\u00a0\u00bb30&Prime; font_color=\u00a0\u00bb#ffffff\u00a0\u00bb sub_font_size=\u00a0\u00bb20&Prime; sub_font_color=\u00a0\u00bb#ffffff\u00a0\u00bb][vc_empty_space height=\u00a0\u00bb20px\u00a0\u00bb][\/vc_column][\/vc_row][vc_row][vc_column][vc_column_text]Panafricaniste, Thinking Africa, veut prendre \u00e0 bras le corps les questions n\u00e9vralgiques du continent. L\u2019Union Africaine demeure l\u2019acteur central pour la r\u00e9alisation des objectifs de paix et d\u00e9veloppement du continent africain. A cet effet, Thinking Africa propose de porter un [&hellip;]\" \/>\n<meta property=\"og:url\" content=\"https:\/\/www.thinkingafrica.org\/V2\/ua\/\" \/>\n<meta property=\"og:site_name\" content=\"Thinking Africa\" \/>\n<meta property=\"article:modified_time\" content=\"2020-05-02T16:35:01+00:00\" \/>\n<meta property=\"og:image\" content=\"https:\/\/www.thinkingafrica.org\/V2\/wp-content\/uploads\/2020\/05\/TA-Logo-transparent.png\" \/>\n\t<meta property=\"og:image:width\" content=\"512\" \/>\n\t<meta property=\"og:image:height\" content=\"512\" \/>\n\t<meta property=\"og:image:type\" content=\"image\/png\" \/>\n<meta name=\"twitter:card\" content=\"summary_large_image\" \/>\n<meta name=\"twitter:label1\" content=\"Dur\u00e9e de lecture estim\u00e9e\" \/>\n\t<meta name=\"twitter:data1\" content=\"1 minute\" \/>\n<script type=\"application\/ld+json\" class=\"yoast-schema-graph\">{\"@context\":\"https:\\\/\\\/schema.org\",\"@graph\":[{\"@type\":\"WebPage\",\"@id\":\"https:\\\/\\\/www.thinkingafrica.org\\\/V2\\\/ua\\\/\",\"url\":\"https:\\\/\\\/www.thinkingafrica.org\\\/V2\\\/ua\\\/\",\"name\":\"Union Africaine - Thinking Africa\",\"isPartOf\":{\"@id\":\"https:\\\/\\\/www.thinkingafrica.org\\\/V2\\\/#website\"},\"datePublished\":\"2015-07-07T23:06:24+00:00\",\"dateModified\":\"2020-05-02T16:35:01+00:00\",\"breadcrumb\":{\"@id\":\"https:\\\/\\\/www.thinkingafrica.org\\\/V2\\\/ua\\\/#breadcrumb\"},\"inLanguage\":\"fr-FR\",\"potentialAction\":[{\"@type\":\"ReadAction\",\"target\":[\"https:\\\/\\\/www.thinkingafrica.org\\\/V2\\\/ua\\\/\"]}]},{\"@type\":\"BreadcrumbList\",\"@id\":\"https:\\\/\\\/www.thinkingafrica.org\\\/V2\\\/ua\\\/#breadcrumb\",\"itemListElement\":[{\"@type\":\"ListItem\",\"position\":1,\"name\":\"Accueil\",\"item\":\"https:\\\/\\\/www.thinkingafrica.org\\\/V2\\\/\"},{\"@type\":\"ListItem\",\"position\":2,\"name\":\"Union Africaine\"}]},{\"@type\":\"WebSite\",\"@id\":\"https:\\\/\\\/www.thinkingafrica.org\\\/V2\\\/#website\",\"url\":\"https:\\\/\\\/www.thinkingafrica.org\\\/V2\\\/\",\"name\":\"Thinking Africa\",\"description\":\"Recherche, r\u00e9flexions et ressources pour r\u00e9inventer le leadership africain\",\"potentialAction\":[{\"@type\":\"SearchAction\",\"target\":{\"@type\":\"EntryPoint\",\"urlTemplate\":\"https:\\\/\\\/www.thinkingafrica.org\\\/V2\\\/?s={search_term_string}\"},\"query-input\":{\"@type\":\"PropertyValueSpecification\",\"valueRequired\":true,\"valueName\":\"search_term_string\"}}],\"inLanguage\":\"fr-FR\"}]}<\/script>\n<!-- \/ Yoast SEO plugin. -->","yoast_head_json":{"title":"Union Africaine - Thinking Africa","robots":{"index":"index","follow":"follow","max-snippet":"max-snippet:-1","max-image-preview":"max-image-preview:large","max-video-preview":"max-video-preview:-1"},"canonical":"https:\/\/www.thinkingafrica.org\/V2\/ua\/","og_locale":"fr_FR","og_type":"article","og_title":"Union Africaine - Thinking Africa","og_description":"[vc_row fullwidth=\u00a0\u00bbtrue\u00a0\u00bb padding=\u00a0\u00bb0&Prime;][vc_column][mk_page_title_box page_title=\u00a0\u00bbUNION AFRICAINE\u00a0\u00bb page_subtitle=\u00a0\u00bbObservation. Analyses. Recommandations.\u00a0\u00bb section_height=\u00a0\u00bb250&Prime; bg_type=\u00a0\u00bbcolor\u00a0\u00bb bg_color=\u00a0\u00bb#d84a3a\u00a0\u00bb font_size=\u00a0\u00bb30&Prime; font_color=\u00a0\u00bb#ffffff\u00a0\u00bb sub_font_size=\u00a0\u00bb20&Prime; sub_font_color=\u00a0\u00bb#ffffff\u00a0\u00bb][vc_empty_space height=\u00a0\u00bb20px\u00a0\u00bb][\/vc_column][\/vc_row][vc_row][vc_column][vc_column_text]Panafricaniste, Thinking Africa, veut prendre \u00e0 bras le corps les questions n\u00e9vralgiques du continent. L\u2019Union Africaine demeure l\u2019acteur central pour la r\u00e9alisation des objectifs de paix et d\u00e9veloppement du continent africain. A cet effet, Thinking Africa propose de porter un [&hellip;]","og_url":"https:\/\/www.thinkingafrica.org\/V2\/ua\/","og_site_name":"Thinking Africa","article_modified_time":"2020-05-02T16:35:01+00:00","og_image":[{"width":512,"height":512,"url":"https:\/\/www.thinkingafrica.org\/V2\/wp-content\/uploads\/2020\/05\/TA-Logo-transparent.png","type":"image\/png"}],"twitter_card":"summary_large_image","twitter_misc":{"Dur\u00e9e de lecture estim\u00e9e":"1 minute"},"schema":{"@context":"https:\/\/schema.org","@graph":[{"@type":"WebPage","@id":"https:\/\/www.thinkingafrica.org\/V2\/ua\/","url":"https:\/\/www.thinkingafrica.org\/V2\/ua\/","name":"Union Africaine - Thinking Africa","isPartOf":{"@id":"https:\/\/www.thinkingafrica.org\/V2\/#website"},"datePublished":"2015-07-07T23:06:24+00:00","dateModified":"2020-05-02T16:35:01+00:00","breadcrumb":{"@id":"https:\/\/www.thinkingafrica.org\/V2\/ua\/#breadcrumb"},"inLanguage":"fr-FR","potentialAction":[{"@type":"ReadAction","target":["https:\/\/www.thinkingafrica.org\/V2\/ua\/"]}]},{"@type":"BreadcrumbList","@id":"https:\/\/www.thinkingafrica.org\/V2\/ua\/#breadcrumb","itemListElement":[{"@type":"ListItem","position":1,"name":"Accueil","item":"https:\/\/www.thinkingafrica.org\/V2\/"},{"@type":"ListItem","position":2,"name":"Union Africaine"}]},{"@type":"WebSite","@id":"https:\/\/www.thinkingafrica.org\/V2\/#website","url":"https:\/\/www.thinkingafrica.org\/V2\/","name":"Thinking Africa","description":"Recherche, r\u00e9flexions et ressources pour r\u00e9inventer le leadership africain","potentialAction":[{"@type":"SearchAction","target":{"@type":"EntryPoint","urlTemplate":"https:\/\/www.thinkingafrica.org\/V2\/?s={search_term_string}"},"query-input":{"@type":"PropertyValueSpecification","valueRequired":true,"valueName":"search_term_string"}}],"inLanguage":"fr-FR"}]}},"_links":{"self":[{"href":"https:\/\/www.thinkingafrica.org\/V2\/wp-json\/wp\/v2\/pages\/4479","targetHints":{"allow":["GET"]}}],"collection":[{"href":"https:\/\/www.thinkingafrica.org\/V2\/wp-json\/wp\/v2\/pages"}],"about":[{"href":"https:\/\/www.thinkingafrica.org\/V2\/wp-json\/wp\/v2\/types\/page"}],"author":[{"embeddable":true,"href":"https:\/\/www.thinkingafrica.org\/V2\/wp-json\/wp\/v2\/users\/1"}],"replies":[{"embeddable":true,"href":"https:\/\/www.thinkingafrica.org\/V2\/wp-json\/wp\/v2\/comments?post=4479"}],"version-history":[{"count":4,"href":"https:\/\/www.thinkingafrica.org\/V2\/wp-json\/wp\/v2\/pages\/4479\/revisions"}],"predecessor-version":[{"id":7594,"href":"https:\/\/www.thinkingafrica.org\/V2\/wp-json\/wp\/v2\/pages\/4479\/revisions\/7594"}],"wp:attachment":[{"href":"https:\/\/www.thinkingafrica.org\/V2\/wp-json\/wp\/v2\/media?parent=4479"}],"curies":[{"name":"wp","href":"https:\/\/api.w.org\/{rel}","templated":true}]}}