{"id":4512,"date":"2015-07-08T01:52:15","date_gmt":"2015-07-07T23:52:15","guid":{"rendered":"http:\/\/www.thinkingafrica.org\/V2\/?page_id=4512"},"modified":"2021-04-06T23:45:37","modified_gmt":"2021-04-06T21:45:37","slug":"formations","status":"publish","type":"page","link":"https:\/\/www.thinkingafrica.org\/V2\/formations\/","title":{"rendered":"Formations"},"content":{"rendered":"[vc_row full_width=\u00a0\u00bbstretch_row_content\u00a0\u00bb fullwidth=\u00a0\u00bbtrue\u00a0\u00bb css=\u00a0\u00bb.vc_custom_1617745333239{padding-top: 0px !important;padding-right: 0px !important;padding-bottom: 0px !important;padding-left: 0px !important;background-color: #d84a3a !important;}\u00a0\u00bb][vc_column width=\u00a0\u00bb1\/12&Prime;][\/vc_column][vc_column width=\u00a0\u00bb10\/12&Prime;][vc_empty_space height=\u00a0\u00bb20px\u00a0\u00bb][vc_custom_heading text=\u00a0\u00bbFormations\u00a0\u00bb font_container=\u00a0\u00bbtag:h2|font_size:20px|text_align:center|color:%23ffffff\u00a0\u00bb text_transform=\u00a0\u00bbcesis_text_transform_uppercase\u00a0\u00bb use_theme_fonts=\u00a0\u00bbyes\u00a0\u00bb][vc_column_text css=\u00a0\u00bb.vc_custom_1532365460700{margin-bottom: 0px !important;}\u00a0\u00bb]\n<h5><span style=\"color: #f2825d;\">Thinking Africa propose des programmes de formation qui permettent de r\u00e9pondre aux challenges locaux, nationaux, r\u00e9gionaux et internationaux que l\u2019Afrique et les leaders africains doivent relever.<\/span><\/h5>\n<h5><span style=\"color: #ffffff;\">Leadership, communication, m\u00e9diation, n\u00e9gociation : Nous apportons des outils pratiques, des ressources pertinentes et des id\u00e9es innovantes pour non seulement dynamiser et transformer des carri\u00e8res, mais aussi transformer des organisations, et des pays. Pour r\u00e9inventer le leadership et transformer l\u2019Afrique.<\/span><\/h5>\n[\/vc_column_text][vc_empty_space height=\u00a0\u00bb20px\u00a0\u00bb][\/vc_column][vc_column width=\u00a0\u00bb1\/12&Prime;][\/vc_column][\/vc_row][vc_row padding=\u00a0\u00bb0&Prime;][vc_column width=\u00a0\u00bb2\/3&Prime;][vc_empty_space height=\u00a0\u00bb20px\u00a0\u00bb][vc_tabs][vc_tab title=\u00a0\u00bbPOURQUOI THINKING AFRICA\u00a0\u00bb tab_id=\u00a0\u00bb1434485772-1-61&Prime;][vc_column_text]<strong>Le contexte et les enjeux :<\/strong><br \/>\nFace aux enjeux de la mondialisation, aux d\u00e9fis de l\u2019int\u00e9gration politique et \u00e9conomique, aux menaces de la d\u00e9stabilisation, les africains &#8211; en tant que nations, groupes et individus &#8211; se doivent de fournir des r\u00e9ponses et des solutions qui leur permettent de se positionner efficacement, d\u2019imaginer leur devenir individuel et collectif et d\u2019avancer dans la paix et la stabilit\u00e9.<\/p>\n<p>Evoluer dans le monde globalis\u00e9, multipolaire et interconnect\u00e9 d\u2019aujourd\u2019hui exige des leaders, avec une vision, une strat\u00e9gie et de la confiance en soi, capables de g\u00e9rer le changement et produire des r\u00e9sultats tangibles\u2026<\/p>\n<p><strong>Ce que TA apporte dans ce contexte :<\/strong><br \/>\nThinking Africa propose des programmes de formation qui permettent de r\u00e9pondre aux challenges locaux, nationaux, r\u00e9gionaux et internationaux que l\u2019Afrique et les leaders africains doivent relever.<\/p>\n<p>Nous vous apportons des outils pratiques, des ressources pertinentes et des id\u00e9es innovantes pour non seulement dynamiser et transformer votre carri\u00e8re, mais aussi transformer votre organisation, et votre pays. Et parce que vous serez mieux arm\u00e9s pour conduire le changement, n\u00e9gocier des accords gagnant-gagnant, et communiquer efficacement, vous serez \u00e0 m\u00eame de transformer l\u2019Afrique.[\/vc_column_text][\/vc_tab][vc_tab title=\u00a0\u00bbNOTRE APPROCHE PEDAGOGIQUE\u00a0\u00bb tab_id=\u00a0\u00bb1434485772-2-72&Prime;][vc_column_text]Notre approche p\u00e9dagogique est bas\u00e9e en 4 points :<\/p>\n<p><strong>*Interaction :<\/strong><br \/>\nLes Programmes sont structur\u00e9s pour que les participants soient des acteurs actifs de la formation et non de simples observateurs passifs.<\/p>\n<p><strong>*Collaboration :<\/strong><br \/>\nNous favorisons le travail en groupe et multiplions les opportunit\u00e9s d\u2019\u00e9changes entre les participants. En tant qu\u2019africains, nous devons cesser d\u2019\u00eatre des machines \u00e0 gagner individuellement et \u00e0 perdre collectivement.<\/p>\n<p><strong>*Perspective africaine :<\/strong><br \/>\nNos programmes sont con\u00e7us dans une perspective africaine sur fonds de r\u00e9f\u00e9rences africaines. Parce que nous pensons qu\u2019il est important d\u2019apporter des solutions africaines aux enjeux africains.<\/p>\n<p><strong>*Recherche-Action :<\/strong><br \/>\nLes concepts th\u00e9oriques que nous exposons sont illustr\u00e9s et accompagn\u00e9s par des exp\u00e9riences de terrain en Afrique et dans le monde.[\/vc_column_text][\/vc_tab][vc_tab title=\u00a0\u00bbNOTRE METHODOLOGIE\u00a0\u00bb tab_id=\u00a0\u00bb1434487933327-2-9&Prime;][vc_column_text]Notre m\u00e9thodologie repose sur 5 \u00e9l\u00e9ments : Exp\u00e9rimenter, discuter, synth\u00e9tiser, appliquer, construire avec les participants.<\/p>\n<p><strong>*Exp\u00e9rimenter : <\/strong><br \/>\nSimulations, exercices<\/p>\n<p><strong>*Discuter :<\/strong><br \/>\nD\u00e9briefing des simulations<\/p>\n<p><strong>*Synth\u00e9tiser :<\/strong><br \/>\nConceptualisation des outils<\/p>\n<p><strong>*Appliquer: <\/strong><br \/>\nUtilisation des outils aux probl\u00e8mes rencontr\u00e9s<\/p>\n<p><strong>*Construire avec les participants: <\/strong><br \/>\nAgenda, plan d\u2019actions<br \/>\n[\/vc_column_text][\/vc_tab][\/vc_tabs][vc_accordion_tab title=\u00a0\u00bbMODALITES DE NOS FORMATIONS\u00a0\u00bb][vc_column_text]<strong>La proc\u00e9dure<\/strong>. Nous vous invitons \u00e0 prendre contact avec notre \u00e9quipe afin de v\u00e9rifier que la formation correspond \u00e0 vos objectifs. L\u2019inscription s\u2019effectue sur la validation de l\u2019ad\u00e9quation de vos attentes et\/ou de votre profil avec le contenu de la formation.<\/p>\n<p><strong>Le public<\/strong>. Nos formations s\u2019adressent principalement aux haut-fonctionnaires, officiers sup\u00e9rieurs, cadres et leaders de la soci\u00e9t\u00e9 civile.<\/p>\n<p><strong>Le d\u00e9roulement<\/strong>. Nos sessions de formations se d\u00e9roulent id\u00e9alement sur 5 jours. Nous pouvons \u00e9galement des modules sur 3 jours en fonction des besoins. Ces formations s\u2019organisent tout au long de l\u2019ann\u00e9e, en Afrique et en Europe.<\/p>\n<p><strong>Le tarif<\/strong>. Nous proposons des tarifs attractifs et modulables en fonction de la dur\u00e9e du programme (3 ou 5 jours).[\/vc_column_text][\/vc_accordion_tab][vc_accordion_tab title=\u00a0\u00bbNOUS CONTACTER\u00a0\u00bb][vc_column_text css=\u00a0\u00bb.vc_custom_1532382082224{margin-bottom: 0px !important;}\u00a0\u00bb]<strong>Thinking <\/strong><strong>Africa<\/strong><br \/>\nCocody Riviera Bonoumin<br \/>\n25 BP 1751 Abidjan 25<br \/>\nC\u00f4te d\u2019Ivoire<\/p>\n<p>Email: contact[a]thinkingafrica.org<br \/>\nWhatsApp: +33 6 14 72 02 34<\/p>\n<p>Nous vous invitons \u00e0 prendre contact avec\u00a0 notre \u00e9quipe afin de v\u00e9rifier que la formation correspond \u00e0 vos objectifs. L&rsquo;inscription s\u2019effectue sur\u00a0 la validation de l\u2019ad\u00e9quation de vos attentes et\/ou de votre profil avec le contenu de la formation.[\/vc_column_text][\/vc_accordion_tab][\/vc_column][vc_column width=\u00a0\u00bb1\/3&Prime;][vc_empty_space height=\u00a0\u00bb20px\u00a0\u00bb][vc_column_text title=\u00a0\u00bbLE CATALOGUE DES FORMATIONS\u00a0\u00bb]T\u00e9l\u00e9chargez le catalogue des formations.<\/p>\n[\/vc_column_text][vc_empty_space height=\u00a0\u00bb10px\u00a0\u00bb][vc_single_image image=\u00a0\u00bb7766&Prime; img_size=\u00a0\u00bbfull\u00a0\u00bb onclick=\u00a0\u00bbcustom_link\u00a0\u00bb img_link_target=\u00a0\u00bb_blank\u00a0\u00bb link=\u00a0\u00bbhttps:\/\/www.thinkingafrica.org\/V2\/wp-content\/uploads\/2020\/05\/Catalogue-Formations-TA.pdf\u00a0\u00bb][vc_empty_space height=\u00a0\u00bb20px\u00a0\u00bb][\/vc_column][\/vc_row]\n","protected":false},"excerpt":{"rendered":"<p>[vc_row full_width=\u00a0\u00bbstretch_row_content\u00a0\u00bb fullwidth=\u00a0\u00bbtrue\u00a0\u00bb css=\u00a0\u00bb.vc_custom_1617745333239{padding-top: 0px !important;padding-right: 0px !important;padding-bottom: 0px !important;padding-left: 0px !important;background-color: #d84a3a !important;}\u00a0\u00bb][vc_column width=\u00a0\u00bb1\/12&Prime;][\/vc_column][vc_column width=\u00a0\u00bb10\/12&Prime;][vc_empty_space height=\u00a0\u00bb20px\u00a0\u00bb][vc_custom_heading text=\u00a0\u00bbFormations\u00a0\u00bb font_container=\u00a0\u00bbtag:h2|font_size:20px|text_align:center|color:%23ffffff\u00a0\u00bb text_transform=\u00a0\u00bbcesis_text_transform_uppercase\u00a0\u00bb use_theme_fonts=\u00a0\u00bbyes\u00a0\u00bb][vc_column_text css=\u00a0\u00bb.vc_custom_1532365460700{margin-bottom: 0px !important;}\u00a0\u00bb] Thinking Africa propose des programmes de formation qui permettent de r\u00e9pondre aux challenges locaux, nationaux, r\u00e9gionaux et internationaux que l\u2019Afrique et les leaders africains doivent relever. Leadership, communication, m\u00e9diation, n\u00e9gociation : [&hellip;]<\/p>\n","protected":false},"author":1,"featured_media":0,"parent":0,"menu_order":0,"comment_status":"open","ping_status":"open","template":"","meta":{"footnotes":""},"class_list":["post-4512","page","type-page","status-publish","hentry"],"yoast_head":"<!-- This site is optimized with the Yoast SEO plugin v27.4 - https:\/\/yoast.com\/product\/yoast-seo-wordpress\/ -->\n<title>Formations - Thinking Africa<\/title>\n<meta name=\"robots\" content=\"index, follow, max-snippet:-1, max-image-preview:large, max-video-preview:-1\" \/>\n<link rel=\"canonical\" href=\"https:\/\/www.thinkingafrica.org\/V2\/formations\/\" \/>\n<meta property=\"og:locale\" content=\"fr_FR\" \/>\n<meta property=\"og:type\" content=\"article\" \/>\n<meta property=\"og:title\" content=\"Formations - Thinking Africa\" \/>\n<meta property=\"og:description\" content=\"[vc_row full_width=\u00a0\u00bbstretch_row_content\u00a0\u00bb fullwidth=\u00a0\u00bbtrue\u00a0\u00bb css=\u00a0\u00bb.vc_custom_1617745333239{padding-top: 0px !important;padding-right: 0px !important;padding-bottom: 0px !important;padding-left: 0px !important;background-color: #d84a3a !important;}\u00a0\u00bb][vc_column width=\u00a0\u00bb1\/12&Prime;][\/vc_column][vc_column width=\u00a0\u00bb10\/12&Prime;][vc_empty_space height=\u00a0\u00bb20px\u00a0\u00bb][vc_custom_heading text=\u00a0\u00bbFormations\u00a0\u00bb font_container=\u00a0\u00bbtag:h2|font_size:20px|text_align:center|color:%23ffffff\u00a0\u00bb text_transform=\u00a0\u00bbcesis_text_transform_uppercase\u00a0\u00bb use_theme_fonts=\u00a0\u00bbyes\u00a0\u00bb][vc_column_text css=\u00a0\u00bb.vc_custom_1532365460700{margin-bottom: 0px !important;}\u00a0\u00bb] Thinking Africa propose des programmes de formation qui permettent de r\u00e9pondre aux challenges locaux, nationaux, r\u00e9gionaux et internationaux que l\u2019Afrique et les leaders africains doivent relever. Leadership, communication, m\u00e9diation, n\u00e9gociation : [&hellip;]\" \/>\n<meta property=\"og:url\" content=\"https:\/\/www.thinkingafrica.org\/V2\/formations\/\" \/>\n<meta property=\"og:site_name\" content=\"Thinking Africa\" \/>\n<meta property=\"article:modified_time\" content=\"2021-04-06T21:45:37+00:00\" \/>\n<meta property=\"og:image\" content=\"https:\/\/www.thinkingafrica.org\/V2\/wp-content\/uploads\/2020\/05\/TA-Logo-transparent.png\" \/>\n\t<meta property=\"og:image:width\" content=\"512\" \/>\n\t<meta property=\"og:image:height\" content=\"512\" \/>\n\t<meta property=\"og:image:type\" content=\"image\/png\" \/>\n<meta name=\"twitter:card\" content=\"summary_large_image\" \/>\n<meta name=\"twitter:label1\" content=\"Dur\u00e9e de lecture estim\u00e9e\" \/>\n\t<meta name=\"twitter:data1\" content=\"5 minutes\" \/>\n<script type=\"application\/ld+json\" class=\"yoast-schema-graph\">{\"@context\":\"https:\\\/\\\/schema.org\",\"@graph\":[{\"@type\":\"WebPage\",\"@id\":\"https:\\\/\\\/www.thinkingafrica.org\\\/V2\\\/formations\\\/\",\"url\":\"https:\\\/\\\/www.thinkingafrica.org\\\/V2\\\/formations\\\/\",\"name\":\"Formations - Thinking Africa\",\"isPartOf\":{\"@id\":\"https:\\\/\\\/www.thinkingafrica.org\\\/V2\\\/#website\"},\"datePublished\":\"2015-07-07T23:52:15+00:00\",\"dateModified\":\"2021-04-06T21:45:37+00:00\",\"breadcrumb\":{\"@id\":\"https:\\\/\\\/www.thinkingafrica.org\\\/V2\\\/formations\\\/#breadcrumb\"},\"inLanguage\":\"fr-FR\",\"potentialAction\":[{\"@type\":\"ReadAction\",\"target\":[\"https:\\\/\\\/www.thinkingafrica.org\\\/V2\\\/formations\\\/\"]}]},{\"@type\":\"BreadcrumbList\",\"@id\":\"https:\\\/\\\/www.thinkingafrica.org\\\/V2\\\/formations\\\/#breadcrumb\",\"itemListElement\":[{\"@type\":\"ListItem\",\"position\":1,\"name\":\"Accueil\",\"item\":\"https:\\\/\\\/www.thinkingafrica.org\\\/V2\\\/\"},{\"@type\":\"ListItem\",\"position\":2,\"name\":\"Formations\"}]},{\"@type\":\"WebSite\",\"@id\":\"https:\\\/\\\/www.thinkingafrica.org\\\/V2\\\/#website\",\"url\":\"https:\\\/\\\/www.thinkingafrica.org\\\/V2\\\/\",\"name\":\"Thinking Africa\",\"description\":\"Recherche, r\u00e9flexions et ressources pour r\u00e9inventer le leadership africain\",\"potentialAction\":[{\"@type\":\"SearchAction\",\"target\":{\"@type\":\"EntryPoint\",\"urlTemplate\":\"https:\\\/\\\/www.thinkingafrica.org\\\/V2\\\/?s={search_term_string}\"},\"query-input\":{\"@type\":\"PropertyValueSpecification\",\"valueRequired\":true,\"valueName\":\"search_term_string\"}}],\"inLanguage\":\"fr-FR\"}]}<\/script>\n<!-- \/ Yoast SEO plugin. -->","yoast_head_json":{"title":"Formations - Thinking Africa","robots":{"index":"index","follow":"follow","max-snippet":"max-snippet:-1","max-image-preview":"max-image-preview:large","max-video-preview":"max-video-preview:-1"},"canonical":"https:\/\/www.thinkingafrica.org\/V2\/formations\/","og_locale":"fr_FR","og_type":"article","og_title":"Formations - Thinking Africa","og_description":"[vc_row full_width=\u00a0\u00bbstretch_row_content\u00a0\u00bb fullwidth=\u00a0\u00bbtrue\u00a0\u00bb css=\u00a0\u00bb.vc_custom_1617745333239{padding-top: 0px !important;padding-right: 0px !important;padding-bottom: 0px !important;padding-left: 0px !important;background-color: #d84a3a !important;}\u00a0\u00bb][vc_column width=\u00a0\u00bb1\/12&Prime;][\/vc_column][vc_column width=\u00a0\u00bb10\/12&Prime;][vc_empty_space height=\u00a0\u00bb20px\u00a0\u00bb][vc_custom_heading text=\u00a0\u00bbFormations\u00a0\u00bb font_container=\u00a0\u00bbtag:h2|font_size:20px|text_align:center|color:%23ffffff\u00a0\u00bb text_transform=\u00a0\u00bbcesis_text_transform_uppercase\u00a0\u00bb use_theme_fonts=\u00a0\u00bbyes\u00a0\u00bb][vc_column_text css=\u00a0\u00bb.vc_custom_1532365460700{margin-bottom: 0px !important;}\u00a0\u00bb] Thinking Africa propose des programmes de formation qui permettent de r\u00e9pondre aux challenges locaux, nationaux, r\u00e9gionaux et internationaux que l\u2019Afrique et les leaders africains doivent relever. Leadership, communication, m\u00e9diation, n\u00e9gociation : [&hellip;]","og_url":"https:\/\/www.thinkingafrica.org\/V2\/formations\/","og_site_name":"Thinking Africa","article_modified_time":"2021-04-06T21:45:37+00:00","og_image":[{"width":512,"height":512,"url":"https:\/\/www.thinkingafrica.org\/V2\/wp-content\/uploads\/2020\/05\/TA-Logo-transparent.png","type":"image\/png"}],"twitter_card":"summary_large_image","twitter_misc":{"Dur\u00e9e de lecture estim\u00e9e":"5 minutes"},"schema":{"@context":"https:\/\/schema.org","@graph":[{"@type":"WebPage","@id":"https:\/\/www.thinkingafrica.org\/V2\/formations\/","url":"https:\/\/www.thinkingafrica.org\/V2\/formations\/","name":"Formations - Thinking Africa","isPartOf":{"@id":"https:\/\/www.thinkingafrica.org\/V2\/#website"},"datePublished":"2015-07-07T23:52:15+00:00","dateModified":"2021-04-06T21:45:37+00:00","breadcrumb":{"@id":"https:\/\/www.thinkingafrica.org\/V2\/formations\/#breadcrumb"},"inLanguage":"fr-FR","potentialAction":[{"@type":"ReadAction","target":["https:\/\/www.thinkingafrica.org\/V2\/formations\/"]}]},{"@type":"BreadcrumbList","@id":"https:\/\/www.thinkingafrica.org\/V2\/formations\/#breadcrumb","itemListElement":[{"@type":"ListItem","position":1,"name":"Accueil","item":"https:\/\/www.thinkingafrica.org\/V2\/"},{"@type":"ListItem","position":2,"name":"Formations"}]},{"@type":"WebSite","@id":"https:\/\/www.thinkingafrica.org\/V2\/#website","url":"https:\/\/www.thinkingafrica.org\/V2\/","name":"Thinking Africa","description":"Recherche, r\u00e9flexions et ressources pour r\u00e9inventer le leadership africain","potentialAction":[{"@type":"SearchAction","target":{"@type":"EntryPoint","urlTemplate":"https:\/\/www.thinkingafrica.org\/V2\/?s={search_term_string}"},"query-input":{"@type":"PropertyValueSpecification","valueRequired":true,"valueName":"search_term_string"}}],"inLanguage":"fr-FR"}]}},"_links":{"self":[{"href":"https:\/\/www.thinkingafrica.org\/V2\/wp-json\/wp\/v2\/pages\/4512","targetHints":{"allow":["GET"]}}],"collection":[{"href":"https:\/\/www.thinkingafrica.org\/V2\/wp-json\/wp\/v2\/pages"}],"about":[{"href":"https:\/\/www.thinkingafrica.org\/V2\/wp-json\/wp\/v2\/types\/page"}],"author":[{"embeddable":true,"href":"https:\/\/www.thinkingafrica.org\/V2\/wp-json\/wp\/v2\/users\/1"}],"replies":[{"embeddable":true,"href":"https:\/\/www.thinkingafrica.org\/V2\/wp-json\/wp\/v2\/comments?post=4512"}],"version-history":[{"count":21,"href":"https:\/\/www.thinkingafrica.org\/V2\/wp-json\/wp\/v2\/pages\/4512\/revisions"}],"predecessor-version":[{"id":8514,"href":"https:\/\/www.thinkingafrica.org\/V2\/wp-json\/wp\/v2\/pages\/4512\/revisions\/8514"}],"wp:attachment":[{"href":"https:\/\/www.thinkingafrica.org\/V2\/wp-json\/wp\/v2\/media?parent=4512"}],"curies":[{"name":"wp","href":"https:\/\/api.w.org\/{rel}","templated":true}]}}