{"id":4522,"date":"2015-07-08T02:01:23","date_gmt":"2015-07-08T00:01:23","guid":{"rendered":"http:\/\/www.thinkingafrica.org\/V2\/?page_id=4522"},"modified":"2021-08-08T09:09:40","modified_gmt":"2021-08-08T07:09:40","slug":"projets","status":"publish","type":"page","link":"https:\/\/www.thinkingafrica.org\/V2\/projets\/","title":{"rendered":"Projets"},"content":{"rendered":"[vc_row full_width=\u00a0\u00bbstretch_row_content\u00a0\u00bb fullwidth=\u00a0\u00bbtrue\u00a0\u00bb css=\u00a0\u00bb.vc_custom_1617748476295{background-color: #d84a3a !important;background-position: center !important;background-repeat: no-repeat !important;background-size: cover !important;}\u00a0\u00bb][vc_column width=\u00a0\u00bb1\/12&Prime;][vc_separator color=\u00a0\u00bbcustom\u00a0\u00bb style=\u00a0\u00bbdotted\u00a0\u00bb accent_color=\u00a0\u00bb#d84a3a\u00a0\u00bb][\/vc_column][vc_column width=\u00a0\u00bb10\/12&Prime;][vc_empty_space height=\u00a0\u00bb20px\u00a0\u00bb][vc_custom_heading text=\u00a0\u00bbProjets\u00a0\u00bb font_container=\u00a0\u00bbtag:h2|font_size:20px|text_align:center|color:%23ffffff\u00a0\u00bb text_transform=\u00a0\u00bbcesis_text_transform_uppercase\u00a0\u00bb use_theme_fonts=\u00a0\u00bbyes\u00a0\u00bb][vc_column_text css=\u00a0\u00bb.vc_custom_1532365965993{margin-bottom: 0px !important;}\u00a0\u00bb]\n<h5><span style=\"color: #f2825d;\">Observatoire, prospective, \u00e9dition, accompagnement : Les projets de recherche de Thinking Africa s\u2019inscrivent dans l\u2019ambition de la r\u00e9invention du leadership africain et dans la vision d\u2019une Afrique pacifi\u00e9e et prosp\u00e8re pour les africains.<\/span><\/h5>\n<h5><span style=\"color: #ffffff;\">Ces projets constituent les fondations intellectuelles de Thinking Africa.<\/span><\/h5>\n[\/vc_column_text][vc_empty_space height=\u00a0\u00bb20px\u00a0\u00bb][\/vc_column][vc_column width=\u00a0\u00bb1\/12&Prime;][\/vc_column][\/vc_row][vc_row][vc_column][vc_empty_space height=\u00a0\u00bb20px\u00a0\u00bb][\/vc_column][\/vc_row][vc_row][vc_column][vc_empty_space height=\u00a0\u00bb20px\u00a0\u00bb][\/vc_column][\/vc_row][vc_row full_width=\u00a0\u00bbstretch_row_content\u00a0\u00bb][vc_column width=\u00a0\u00bb1\/2&Prime;][cesis_flip_box front_image=\u00a0\u00bb919&Prime; heading=\u00a0\u00bbOBSERVATOIRE DE L\u2019UNION AFRICAINE\u00a0\u00bb text=\u00a0\u00bb\u00a0\u00bb link=\u00a0\u00bbhttp:\/\/www.thinkingafrica.org\/V2\/ua\/\u00a0\u00bb back_heading=\u00a0\u00bbObservatoire de l\u2019Union Africaine\u00a0\u00bb back_text=\u00a0\u00bbPanafricaniste, Thinking Africa propose de porter un regard ac\u00e9r\u00e9 et respectueux sur les pratiques et les acteurs de l\u2019Union Africaine. Notre objectif est de cr\u00e9er du savoir et de documenter les meilleures pratiques afin d\u2019am\u00e9liorer les prestations de l\u2019Institution continentale.\u00a0\u00bb button_text=\u00a0\u00bbPlus d&rsquo;informations\u00a0\u00bb box_front_bg_color=\u00a0\u00bb#888888&Prime; box_back_bg_color=\u00a0\u00bb#d84a3a\u00a0\u00bb box_front_border_color=\u00a0\u00bb#740d11&Prime; box_back_border_color=\u00a0\u00bb#740d11&Prime; heading_color=\u00a0\u00bb#ffffff\u00a0\u00bb back_heading_color=\u00a0\u00bb#ffffff\u00a0\u00bb back_text_color=\u00a0\u00bb#ffffff\u00a0\u00bb button_text_color=\u00a0\u00bb#ffffff\u00a0\u00bb button_bg_color=\u00a0\u00bb#740d11&Prime;][vc_empty_space][\/vc_column][vc_column width=\u00a0\u00bb1\/2&Prime;][cesis_flip_box front_image=\u00a0\u00bb8535&Prime; heading=\u00a0\u00bbCONVERSATIONS AFRICAINES\u00a0\u00bb text=\u00a0\u00bb\u00a0\u00bb link=\u00a0\u00bbhttps:\/\/www.thinkingafrica.org\/V2\/conversations-africaines\/\u00a0\u00bb back_heading=\u00a0\u00bbConversations Africaines\u00a0\u00bb back_text=\u00a0\u00bbL\u2019ambition de ce livre, Conversations africaines, qui r\u00e9unit donc une s\u00e9lection \u00e9ditorialis\u00e9e des entretiens de Thinking Africa TV, est de partager, avec le plus grand nombre, les id\u00e9es produites et expos\u00e9es par des penseurs africains mais aussi de susciter et entretenir le d\u00e9bat sur le devenir du continent et de ses citoyens.\u00a0\u00bb button_text=\u00a0\u00bbPlus d&rsquo;informations\u00a0\u00bb box_front_bg_color=\u00a0\u00bb#888888&Prime; box_back_bg_color=\u00a0\u00bb#d84a3a\u00a0\u00bb box_front_border_color=\u00a0\u00bb#740d11&Prime; box_back_border_color=\u00a0\u00bb#740d11&Prime; heading_color=\u00a0\u00bb#ffffff\u00a0\u00bb back_heading_color=\u00a0\u00bb#ffffff\u00a0\u00bb back_text_color=\u00a0\u00bb#ffffff\u00a0\u00bb button_text_color=\u00a0\u00bb#ffffff\u00a0\u00bb button_bg_color=\u00a0\u00bb#740d11&Prime;][vc_empty_space][\/vc_column][\/vc_row][vc_row full_width=\u00a0\u00bbstretch_row_content\u00a0\u00bb][vc_column width=\u00a0\u00bb1\/2&Prime;][cesis_flip_box front_image=\u00a0\u00bb6580&Prime; heading=\u00a0\u00bbTHINKING AFRICA TV\u00a0\u00bb text=\u00a0\u00bb\u00a0\u00bb link=\u00a0\u00bbhttps:\/\/www.thinkingafrica.org\/V2\/tatv\/\u00a0\u00bb back_heading=\u00a0\u00bbTA TV\u00a0\u00bb back_text=\u00a0\u00bbA travers des entretiens film\u00e9s, Thinking Africa s\u2019attache \u00e0 d\u00e9crypter, valoriser, archiver et diffuser les id\u00e9es produites par les africains sur les enjeux contemporains de l\u2019Afrique et du monde, et \u00e0 l\u2019attention du grand public.\u00a0\u00bb button_text=\u00a0\u00bbPlus d&rsquo;informations\u00a0\u00bb box_front_bg_color=\u00a0\u00bb#888888&Prime; box_back_bg_color=\u00a0\u00bb#d84a3a\u00a0\u00bb box_front_border_color=\u00a0\u00bb#740d11&Prime; box_back_border_color=\u00a0\u00bb#740d11&Prime; heading_color=\u00a0\u00bb#ffffff\u00a0\u00bb back_heading_color=\u00a0\u00bb#ffffff\u00a0\u00bb back_text_color=\u00a0\u00bb#ffffff\u00a0\u00bb button_text_color=\u00a0\u00bb#ffffff\u00a0\u00bb button_bg_color=\u00a0\u00bb#740d11&Prime;][vc_empty_space][\/vc_column][vc_column width=\u00a0\u00bb1\/2&Prime;][cesis_flip_box front_image=\u00a0\u00bb8550&Prime; heading=\u00a0\u00bbOBSERVATOIRE DU SAHEL\u00a0\u00bb text=\u00a0\u00bb\u00a0\u00bb link=\u00a0\u00bbhttps:\/\/www.thinkingafrica.org\/V2\/os\u00a0\u00bb back_heading=\u00a0\u00bbL\u2019Observatoire du Sahel\u00a0\u00bb back_text=\u00a0\u00bbL\u2019observatoire du Sahel a pour ambition d\u2019\u00eatre un m\u00e9dia d\u2019informations, un centre de ressources et r\u00e9seau de collaboration, \u00e0 la fois, pour non seulement les acteurs de l\u2019humanitaire, du d\u00e9veloppement et de la s\u00e9curit\u00e9 dans la r\u00e9gion, mais aussi pour les communaut\u00e9s acad\u00e9miques africaines et internationales ainsi que tous ceux qui souhaitent \u00eatre au fait des enjeux du Sahel.\u00a0\u00bb button_text=\u00a0\u00bbPlus d&rsquo;informations bient\u00f4t\u00a0\u00bb box_front_bg_color=\u00a0\u00bb#888888&Prime; box_back_bg_color=\u00a0\u00bb#d84a3a\u00a0\u00bb box_front_border_color=\u00a0\u00bb#740d11&Prime; box_back_border_color=\u00a0\u00bb#740d11&Prime; heading_color=\u00a0\u00bb#ffffff\u00a0\u00bb back_heading_color=\u00a0\u00bb#ffffff\u00a0\u00bb back_text_color=\u00a0\u00bb#ffffff\u00a0\u00bb button_text_color=\u00a0\u00bb#ffffff\u00a0\u00bb button_bg_color=\u00a0\u00bb#740d11&Prime; g_box_separator=\u00a0\u00bb\u00a0\u00bb g_icon_separator=\u00a0\u00bb\u00a0\u00bb g_heading_separator=\u00a0\u00bb\u00a0\u00bb g_text_separator=\u00a0\u00bb\u00a0\u00bb back_box_separator=\u00a0\u00bb\u00a0\u00bb back_heading_separator=\u00a0\u00bb\u00a0\u00bb back_text_separator=\u00a0\u00bb\u00a0\u00bb g_button_separator=\u00a0\u00bb\u00a0\u00bb g_module_separator=\u00a0\u00bb\u00a0\u00bb c_box_separator=\u00a0\u00bb\u00a0\u00bb c_icon_separator=\u00a0\u00bb\u00a0\u00bb c_heading_separator=\u00a0\u00bb\u00a0\u00bb c_text_separator=\u00a0\u00bb\u00a0\u00bb c_button_separator=\u00a0\u00bb\u00a0\u00bb t_heading_separator=\u00a0\u00bb\u00a0\u00bb t_text_separator=\u00a0\u00bb\u00a0\u00bb b_t_heading_separator=\u00a0\u00bb\u00a0\u00bb b_t_text_separator=\u00a0\u00bb\u00a0\u00bb t_button_separator=\u00a0\u00bb\u00a0\u00bb][vc_empty_space][\/vc_column][\/vc_row][vc_row][vc_column][vc_empty_space][\/vc_column][\/vc_row]\n","protected":false},"excerpt":{"rendered":"<p>[vc_row full_width=\u00a0\u00bbstretch_row_content\u00a0\u00bb fullwidth=\u00a0\u00bbtrue\u00a0\u00bb css=\u00a0\u00bb.vc_custom_1617748476295{background-color: #d84a3a !important;background-position: center !important;background-repeat: no-repeat !important;background-size: cover !important;}\u00a0\u00bb][vc_column width=\u00a0\u00bb1\/12&Prime;][vc_separator color=\u00a0\u00bbcustom\u00a0\u00bb style=\u00a0\u00bbdotted\u00a0\u00bb accent_color=\u00a0\u00bb#d84a3a\u00a0\u00bb][\/vc_column][vc_column width=\u00a0\u00bb10\/12&Prime;][vc_empty_space height=\u00a0\u00bb20px\u00a0\u00bb][vc_custom_heading text=\u00a0\u00bbProjets\u00a0\u00bb font_container=\u00a0\u00bbtag:h2|font_size:20px|text_align:center|color:%23ffffff\u00a0\u00bb text_transform=\u00a0\u00bbcesis_text_transform_uppercase\u00a0\u00bb use_theme_fonts=\u00a0\u00bbyes\u00a0\u00bb][vc_column_text css=\u00a0\u00bb.vc_custom_1532365965993{margin-bottom: 0px !important;}\u00a0\u00bb] Observatoire, prospective, \u00e9dition, accompagnement : Les projets de recherche de Thinking Africa s\u2019inscrivent dans l\u2019ambition de la r\u00e9invention du leadership africain et dans la vision d\u2019une Afrique pacifi\u00e9e et prosp\u00e8re [&hellip;]<\/p>\n","protected":false},"author":1,"featured_media":0,"parent":0,"menu_order":0,"comment_status":"open","ping_status":"open","template":"","meta":{"footnotes":""},"class_list":["post-4522","page","type-page","status-publish","hentry"],"yoast_head":"<!-- This site is optimized with the Yoast SEO plugin v27.3 - https:\/\/yoast.com\/product\/yoast-seo-wordpress\/ -->\n<title>Projets - Thinking Africa<\/title>\n<meta name=\"robots\" content=\"index, follow, max-snippet:-1, max-image-preview:large, max-video-preview:-1\" \/>\n<link rel=\"canonical\" href=\"https:\/\/www.thinkingafrica.org\/V2\/projets\/\" \/>\n<meta property=\"og:locale\" content=\"fr_FR\" \/>\n<meta property=\"og:type\" content=\"article\" \/>\n<meta property=\"og:title\" content=\"Projets - Thinking Africa\" \/>\n<meta property=\"og:description\" content=\"[vc_row full_width=\u00a0\u00bbstretch_row_content\u00a0\u00bb fullwidth=\u00a0\u00bbtrue\u00a0\u00bb css=\u00a0\u00bb.vc_custom_1617748476295{background-color: #d84a3a !important;background-position: center !important;background-repeat: no-repeat !important;background-size: cover !important;}\u00a0\u00bb][vc_column width=\u00a0\u00bb1\/12&Prime;][vc_separator color=\u00a0\u00bbcustom\u00a0\u00bb style=\u00a0\u00bbdotted\u00a0\u00bb accent_color=\u00a0\u00bb#d84a3a\u00a0\u00bb][\/vc_column][vc_column width=\u00a0\u00bb10\/12&Prime;][vc_empty_space height=\u00a0\u00bb20px\u00a0\u00bb][vc_custom_heading text=\u00a0\u00bbProjets\u00a0\u00bb font_container=\u00a0\u00bbtag:h2|font_size:20px|text_align:center|color:%23ffffff\u00a0\u00bb text_transform=\u00a0\u00bbcesis_text_transform_uppercase\u00a0\u00bb use_theme_fonts=\u00a0\u00bbyes\u00a0\u00bb][vc_column_text css=\u00a0\u00bb.vc_custom_1532365965993{margin-bottom: 0px !important;}\u00a0\u00bb] Observatoire, prospective, \u00e9dition, accompagnement : Les projets de recherche de Thinking Africa s\u2019inscrivent dans l\u2019ambition de la r\u00e9invention du leadership africain et dans la vision d\u2019une Afrique pacifi\u00e9e et prosp\u00e8re [&hellip;]\" \/>\n<meta property=\"og:url\" content=\"https:\/\/www.thinkingafrica.org\/V2\/projets\/\" \/>\n<meta property=\"og:site_name\" content=\"Thinking Africa\" \/>\n<meta property=\"article:modified_time\" content=\"2021-08-08T07:09:40+00:00\" \/>\n<meta property=\"og:image\" content=\"https:\/\/www.thinkingafrica.org\/V2\/wp-content\/uploads\/2020\/05\/TA-Logo-transparent.png\" \/>\n\t<meta property=\"og:image:width\" content=\"512\" \/>\n\t<meta property=\"og:image:height\" content=\"512\" \/>\n\t<meta property=\"og:image:type\" content=\"image\/png\" \/>\n<meta name=\"twitter:card\" content=\"summary_large_image\" \/>\n<meta name=\"twitter:label1\" content=\"Dur\u00e9e de lecture estim\u00e9e\" \/>\n\t<meta name=\"twitter:data1\" content=\"4 minutes\" \/>\n<script type=\"application\/ld+json\" class=\"yoast-schema-graph\">{\"@context\":\"https:\\\/\\\/schema.org\",\"@graph\":[{\"@type\":\"WebPage\",\"@id\":\"https:\\\/\\\/www.thinkingafrica.org\\\/V2\\\/projets\\\/\",\"url\":\"https:\\\/\\\/www.thinkingafrica.org\\\/V2\\\/projets\\\/\",\"name\":\"Projets - Thinking Africa\",\"isPartOf\":{\"@id\":\"https:\\\/\\\/www.thinkingafrica.org\\\/V2\\\/#website\"},\"datePublished\":\"2015-07-08T00:01:23+00:00\",\"dateModified\":\"2021-08-08T07:09:40+00:00\",\"breadcrumb\":{\"@id\":\"https:\\\/\\\/www.thinkingafrica.org\\\/V2\\\/projets\\\/#breadcrumb\"},\"inLanguage\":\"fr-FR\",\"potentialAction\":[{\"@type\":\"ReadAction\",\"target\":[\"https:\\\/\\\/www.thinkingafrica.org\\\/V2\\\/projets\\\/\"]}]},{\"@type\":\"BreadcrumbList\",\"@id\":\"https:\\\/\\\/www.thinkingafrica.org\\\/V2\\\/projets\\\/#breadcrumb\",\"itemListElement\":[{\"@type\":\"ListItem\",\"position\":1,\"name\":\"Accueil\",\"item\":\"https:\\\/\\\/www.thinkingafrica.org\\\/V2\\\/\"},{\"@type\":\"ListItem\",\"position\":2,\"name\":\"Projets\"}]},{\"@type\":\"WebSite\",\"@id\":\"https:\\\/\\\/www.thinkingafrica.org\\\/V2\\\/#website\",\"url\":\"https:\\\/\\\/www.thinkingafrica.org\\\/V2\\\/\",\"name\":\"Thinking Africa\",\"description\":\"Recherche, r\u00e9flexions et ressources pour r\u00e9inventer le leadership africain\",\"potentialAction\":[{\"@type\":\"SearchAction\",\"target\":{\"@type\":\"EntryPoint\",\"urlTemplate\":\"https:\\\/\\\/www.thinkingafrica.org\\\/V2\\\/?s={search_term_string}\"},\"query-input\":{\"@type\":\"PropertyValueSpecification\",\"valueRequired\":true,\"valueName\":\"search_term_string\"}}],\"inLanguage\":\"fr-FR\"}]}<\/script>\n<!-- \/ Yoast SEO plugin. -->","yoast_head_json":{"title":"Projets - Thinking Africa","robots":{"index":"index","follow":"follow","max-snippet":"max-snippet:-1","max-image-preview":"max-image-preview:large","max-video-preview":"max-video-preview:-1"},"canonical":"https:\/\/www.thinkingafrica.org\/V2\/projets\/","og_locale":"fr_FR","og_type":"article","og_title":"Projets - Thinking Africa","og_description":"[vc_row full_width=\u00a0\u00bbstretch_row_content\u00a0\u00bb fullwidth=\u00a0\u00bbtrue\u00a0\u00bb css=\u00a0\u00bb.vc_custom_1617748476295{background-color: #d84a3a !important;background-position: center !important;background-repeat: no-repeat !important;background-size: cover !important;}\u00a0\u00bb][vc_column width=\u00a0\u00bb1\/12&Prime;][vc_separator color=\u00a0\u00bbcustom\u00a0\u00bb style=\u00a0\u00bbdotted\u00a0\u00bb accent_color=\u00a0\u00bb#d84a3a\u00a0\u00bb][\/vc_column][vc_column width=\u00a0\u00bb10\/12&Prime;][vc_empty_space height=\u00a0\u00bb20px\u00a0\u00bb][vc_custom_heading text=\u00a0\u00bbProjets\u00a0\u00bb font_container=\u00a0\u00bbtag:h2|font_size:20px|text_align:center|color:%23ffffff\u00a0\u00bb text_transform=\u00a0\u00bbcesis_text_transform_uppercase\u00a0\u00bb use_theme_fonts=\u00a0\u00bbyes\u00a0\u00bb][vc_column_text css=\u00a0\u00bb.vc_custom_1532365965993{margin-bottom: 0px !important;}\u00a0\u00bb] Observatoire, prospective, \u00e9dition, accompagnement : Les projets de recherche de Thinking Africa s\u2019inscrivent dans l\u2019ambition de la r\u00e9invention du leadership africain et dans la vision d\u2019une Afrique pacifi\u00e9e et prosp\u00e8re [&hellip;]","og_url":"https:\/\/www.thinkingafrica.org\/V2\/projets\/","og_site_name":"Thinking Africa","article_modified_time":"2021-08-08T07:09:40+00:00","og_image":[{"width":512,"height":512,"url":"https:\/\/www.thinkingafrica.org\/V2\/wp-content\/uploads\/2020\/05\/TA-Logo-transparent.png","type":"image\/png"}],"twitter_card":"summary_large_image","twitter_misc":{"Dur\u00e9e de lecture estim\u00e9e":"4 minutes"},"schema":{"@context":"https:\/\/schema.org","@graph":[{"@type":"WebPage","@id":"https:\/\/www.thinkingafrica.org\/V2\/projets\/","url":"https:\/\/www.thinkingafrica.org\/V2\/projets\/","name":"Projets - Thinking Africa","isPartOf":{"@id":"https:\/\/www.thinkingafrica.org\/V2\/#website"},"datePublished":"2015-07-08T00:01:23+00:00","dateModified":"2021-08-08T07:09:40+00:00","breadcrumb":{"@id":"https:\/\/www.thinkingafrica.org\/V2\/projets\/#breadcrumb"},"inLanguage":"fr-FR","potentialAction":[{"@type":"ReadAction","target":["https:\/\/www.thinkingafrica.org\/V2\/projets\/"]}]},{"@type":"BreadcrumbList","@id":"https:\/\/www.thinkingafrica.org\/V2\/projets\/#breadcrumb","itemListElement":[{"@type":"ListItem","position":1,"name":"Accueil","item":"https:\/\/www.thinkingafrica.org\/V2\/"},{"@type":"ListItem","position":2,"name":"Projets"}]},{"@type":"WebSite","@id":"https:\/\/www.thinkingafrica.org\/V2\/#website","url":"https:\/\/www.thinkingafrica.org\/V2\/","name":"Thinking Africa","description":"Recherche, r\u00e9flexions et ressources pour r\u00e9inventer le leadership africain","potentialAction":[{"@type":"SearchAction","target":{"@type":"EntryPoint","urlTemplate":"https:\/\/www.thinkingafrica.org\/V2\/?s={search_term_string}"},"query-input":{"@type":"PropertyValueSpecification","valueRequired":true,"valueName":"search_term_string"}}],"inLanguage":"fr-FR"}]}},"_links":{"self":[{"href":"https:\/\/www.thinkingafrica.org\/V2\/wp-json\/wp\/v2\/pages\/4522","targetHints":{"allow":["GET"]}}],"collection":[{"href":"https:\/\/www.thinkingafrica.org\/V2\/wp-json\/wp\/v2\/pages"}],"about":[{"href":"https:\/\/www.thinkingafrica.org\/V2\/wp-json\/wp\/v2\/types\/page"}],"author":[{"embeddable":true,"href":"https:\/\/www.thinkingafrica.org\/V2\/wp-json\/wp\/v2\/users\/1"}],"replies":[{"embeddable":true,"href":"https:\/\/www.thinkingafrica.org\/V2\/wp-json\/wp\/v2\/comments?post=4522"}],"version-history":[{"count":21,"href":"https:\/\/www.thinkingafrica.org\/V2\/wp-json\/wp\/v2\/pages\/4522\/revisions"}],"predecessor-version":[{"id":8794,"href":"https:\/\/www.thinkingafrica.org\/V2\/wp-json\/wp\/v2\/pages\/4522\/revisions\/8794"}],"wp:attachment":[{"href":"https:\/\/www.thinkingafrica.org\/V2\/wp-json\/wp\/v2\/media?parent=4522"}],"curies":[{"name":"wp","href":"https:\/\/api.w.org\/{rel}","templated":true}]}}