{"id":4559,"date":"2015-07-14T18:14:14","date_gmt":"2015-07-14T16:14:14","guid":{"rendered":"http:\/\/www.thinkingafrica.org\/V2\/?page_id=4559"},"modified":"2018-07-23T22:22:02","modified_gmt":"2018-07-23T20:22:02","slug":"communication-politique","status":"publish","type":"page","link":"https:\/\/www.thinkingafrica.org\/V2\/formations\/communication-politique\/","title":{"rendered":"Communication &#038; Politique"},"content":{"rendered":"[vc_row fullwidth=\u00a0\u00bbtrue\u00a0\u00bb padding=\u00a0\u00bb0&Prime;][vc_column][mk_page_title_box page_title=\u00a0\u00bbCOMMUNICATION &amp; POLITIQUE\u00a0\u00bb page_subtitle=\u00a0\u00bbFormations.\u00a0\u00bb section_height=\u00a0\u00bb120&Prime; bg_type=\u00a0\u00bbcolor\u00a0\u00bb bg_color=\u00a0\u00bb#d84a3a\u00a0\u00bb font_size=\u00a0\u00bb30&Prime; font_color=\u00a0\u00bb#ffffff\u00a0\u00bb sub_font_size=\u00a0\u00bb20&Prime; sub_font_color=\u00a0\u00bb#ffffff\u00a0\u00bb][vc_empty_space height=\u00a0\u00bb20px\u00a0\u00bb][\/vc_column][\/vc_row][vc_row padding=\u00a0\u00bb0&Prime;][vc_column][vc_column_text title=\u00a0\u00bbOBJECTIFS DE LA FORMATION\u00a0\u00bb]\n<h5><span style=\"color: #f2825d;\">La politique est un processus par lequel nous d\u00e9cidons qui b\u00e9n\u00e9ficie de quoi dans les ressources et r\u00e9serves de vie disponibles. Ainsi, nous nous rendons compte que 1. pour \u00eatre efficace politiquement, nous devons \u00eatre efficace au niveau de la communication. 2. l\u2019efficacit\u00e9 en communication se mesure, entre autres, par l\u2019impact de cette communication sur les enjeux politiques.<\/span><\/h5>\n<h5><span style=\"color: #f2825d;\">Et dans le monde de plus en plus interconnect\u00e9, multipolaire et inform\u00e9, d\u2019aujourd\u2019hui, il est crucial, pour les acteurs politiques, d\u00e9cideurs \u00e9conomiques et leaders d\u2019opinions africains de ma\u00eetriser les outils et les techniques de la communication afin d\u2019influencer et impacter les messages et les orientations politiques. C\u2019est la finalit\u00e9 de la formation Communication &amp; politique que propose Thinking Africa.<\/span><\/h5>\n[\/vc_column_text][vc_separator color=\u00a0\u00bbcustom\u00a0\u00bb style=\u00a0\u00bbdotted\u00a0\u00bb accent_color=\u00a0\u00bb#d84a3a\u00a0\u00bb][\/vc_column][\/vc_row][vc_row padding=\u00a0\u00bb0&Prime;][vc_column width=\u00a0\u00bb2\/3&Prime;][vc_tabs container_bg_color=\u00a0\u00bb#ffffff\u00a0\u00bb][vc_tab title=\u00a0\u00bbSAVOIRS ACQUIS A L&rsquo;ISSUE DE LA FORMATION\u00a0\u00bb tab_id=\u00a0\u00bb1434485772-1-61&Prime;][vc_column_text]- <strong>Ma\u00eetriser <\/strong>les outils et les techniques de la communication afin de pouvoir accompagner et influencer le changement.<br \/>\n&#8211; <strong>Etre en capacit\u00e9<\/strong> de concilier diff\u00e9rents objectifs, ses objectifs personnels avec ceux des groupes, organisations et syst\u00e8mes dans lesquels on \u00e9volue.<br \/>\n&#8211; <strong>Etre arm\u00e9<\/strong> pour faire face aux situations de crise, et transformer le risque en opportunit\u00e9 pour soi, son groupe et\/ou son organisation.<br \/>\n&#8211; <strong>Mieux fa\u00e7onner<\/strong> et transmettre ses messages, afin de mieux convaincre et d\u00e9velopper son leadership[\/vc_column_text][\/vc_tab][vc_tab title=\u00a0\u00bbPROGRAMME DE LA FORMATION\u00a0\u00bb tab_id=\u00a0\u00bb1434485772-2-72&Prime;][vc_row_inner padding=\u00a0\u00bb0&Prime;][vc_column_inner width=\u00a0\u00bb1\/2&Prime;][vc_column_text]<strong>D\u00e9velopper une logique de coop\u00e9ration<\/strong><br \/>\n&#8211; Comprendre la logique relationnelle<br \/>\n&#8211; Les enjeux de la relation dans la communication<br \/>\n&#8211; Les attentes des participants dans le contexte de la communication<br \/>\n&#8211; Construire une logique de coop\u00e9ration<\/p>\n<p><strong>Savoir \u00e9couter son \u00e9cosyt\u00e8me<\/strong><br \/>\n&#8211; Faciliter la communication<br \/>\n&#8211; Perception &amp; conflits<br \/>\n&#8211; La perception et le leadership<br \/>\n&#8211; D\u00e9velopper une \u00e9coute active<br \/>\n&#8211; Pourquoi ce qu\u2019on dit ne suffit pas dans la communication<\/p>\n<p><strong>D\u00e9velopper son influence<\/strong><br \/>\n&#8211; Comment fonctionne l\u2019influence<br \/>\n&#8211; Exercer son influence<br \/>\n&#8211; L\u2019importance de la persuasion<br \/>\n&#8211; Comment gagner l\u2019adh\u00e9sion<br \/>\n&#8211; Communication, transmission &amp; d\u00e9formation[\/vc_column_text][\/vc_column_inner][vc_column_inner width=\u00a0\u00bb1\/2&Prime;][vc_column_text]<strong>G\u00e9rer une crise<\/strong><br \/>\n&#8211; Les concepts cl\u00e9s : Confusion, d\u00e9sinformation, menace<br \/>\n&#8211; Cr\u00e9er une crise<br \/>\n&#8211; Les \u00e9tapes de la gestion d\u2019une crise<br \/>\n&#8211; La fabrication du consentement<br \/>\n&#8211; Le r\u00f4le des m\u00e9dias dans la d\u00e9mocratie<\/p>\n<p><strong>Elaborer une communication efficace<\/strong><br \/>\n&#8211; R\u00e9flexions sur les obstacles et solutions \u00e0 une communication efficace<br \/>\n&#8211; Approche et construction commune de solutions possibles<br \/>\n&#8211; Engagements individuels pour une communication efficace<br \/>\n&#8211; Synth\u00e8se &amp; conclusion du s\u00e9minaire[\/vc_column_text][\/vc_column_inner][\/vc_row_inner][\/vc_tab][\/vc_tabs][vc_accordions][vc_accordion_tab title=\u00a0\u00bbMODALITES DE NOS FORMATIONS\u00a0\u00bb][vc_column_text]<strong>La proc\u00e9dure<\/strong>. Nous vous invitons \u00e0 prendre contact avec notre \u00e9quipe afin de v\u00e9rifier que la formation correspond \u00e0 vos objectifs. L\u2019inscription s\u2019effectue sur la validation de l\u2019ad\u00e9quation de vos attentes et\/ou de votre profil avec le contenu de la formation.<\/p>\n<p><strong>Le public<\/strong>. Nos formations s\u2019adressent principalement aux haut-fonctionnaires, officiers sup\u00e9rieurs, cadres et leaders de la soci\u00e9t\u00e9 civile.<\/p>\n<p><strong>Le d\u00e9roulement<\/strong>. Nos sessions de formations se d\u00e9roulent id\u00e9alement sur 5 jours. Nous pouvons \u00e9galement des modules sur 3 jours en fonction des besoins. Ces formations s\u2019organisent tout au long de l\u2019ann\u00e9e, en Afrique et en Europe.<\/p>\n<p><strong>Le tarif<\/strong>. Nous proposons des tarifs attractifs et modulables en fonction de la dur\u00e9e du programme (3 ou 5 jours).[\/vc_column_text][\/vc_accordion_tab][vc_accordion_tab title=\u00a0\u00bbNOUS CONTACTER\u00a0\u00bb][vc_column_text]<strong>Thinking <\/strong><strong>Africa<\/strong><br \/>\nCocody Riviera Bonoumin<br \/>\n25 BP 1751 Abidjan 25<br \/>\nC\u00f4te d\u2019Ivoire<\/p>\n<p>Email: contact[a]thinkingafrica.org<br \/>\nWhatsApp: +33 6 14 72 02 34<\/p>\n<p>Nous vous invitons \u00e0 prendre contact avec\u00a0 notre \u00e9quipe afin de v\u00e9rifier que la formation correspond \u00e0 vos objectifs. L&rsquo;inscription s\u2019effectue sur\u00a0 la validation de l\u2019ad\u00e9quation de vos attentes et\/ou de votre profil avec le contenu de la formation.[\/vc_column_text][\/vc_accordion_tab][\/vc_accordions][\/vc_column][vc_column width=\u00a0\u00bb1\/3&Prime;][vc_column_text title=\u00a0\u00bbCATALOGUE\u00a0\u00bb css=\u00a0\u00bb.vc_custom_1532383653549{margin-bottom: 0px !important;}\u00a0\u00bb]T\u00e9l\u00e9chargez le catalogue des formations.[\/vc_column_text][vc_single_image image=\u00a0\u00bb6517&Prime; img_size=\u00a0\u00bbmedium\u00a0\u00bb onclick=\u00a0\u00bbcustom_link\u00a0\u00bb img_link_target=\u00a0\u00bb_blank\u00a0\u00bb link=\u00a0\u00bbhttp:\/\/www.thinkingafrica.org\/V2\/wp-content\/uploads\/2018\/07\/brochure-ta.pdf\u00a0\u00bb][vc_accordions heading_title=\u00a0\u00bbNOS FORMATIONS\u00a0\u00bb container_bg_color=\u00a0\u00bb#ffffff\u00a0\u00bb][vc_accordion_tab title=\u00a0\u00bbLeadership\u00a0\u00bb][vc_column_text css=\u00a0\u00bb.vc_custom_1532383905193{margin-bottom: 0px !important;}\u00a0\u00bb]* \u00a0<a href=\"http:\/\/www.thinkingafrica.org\/V2\/formations\/civisme-jeunesse-leadership\/\">Civisme, jeunesse et leadership<\/a><\/p>\n<p>* \u00a0<a href=\"http:\/\/www.thinkingafrica.org\/V2\/formations\/leadership-defis\/\">Le leadership et les d\u00e9fis \u00e0 relever en Afrique<\/a>[\/vc_column_text][\/vc_accordion_tab][vc_accordion_tab title=\u00a0\u00bbN\u00e9gociation &amp; M\u00e9diation\u00a0\u00bb][vc_column_text]* \u00a0<a href=\"http:\/\/www.thinkingafrica.org\/V2\/formations\/negociations-mediations-defis\/\">N\u00e9gociations, m\u00e9diation, leadership et les d\u00e9fis de la politique \u00e9trang\u00e8re<\/a><\/p>\n<p>* \u00a0<a href=\"http:\/\/www.thinkingafrica.org\/V2\/formations\/negociations-bailleurs\/\">N\u00e9gocier avec les bailleurs de fonds internationaux<\/a><\/p>\n[\/vc_column_text][\/vc_accordion_tab][vc_accordion_tab title=\u00a0\u00bbCommunication\u00a0\u00bb][vc_column_text]* \u00a0<a href=\"http:\/\/www.thinkingafrica.org\/V2\/formations\/communication-paix\/\">Communication &amp; Paix<\/a><\/p>\n<p>* \u00a0<a href=\"http:\/\/www.thinkingafrica.org\/V2\/formations\/communication-politique\/\">Communication &amp; Politique<\/a><\/p>\n[\/vc_column_text][\/vc_accordion_tab][vc_accordion_tab title=\u00a0\u00bbGestion administrative\u00a0\u00bb][vc_column_text]* \u00a0<a href=\"http:\/\/www.thinkingafrica.org\/V2\/formations\/controle-parlementaire\/\">Contr\u00f4le parlementaire des contrats des industries extractives<\/a><\/p>\n[\/vc_column_text][\/vc_accordion_tab][vc_accordion_tab title=\u00a0\u00bbS\u00e9curit\u00e9 &amp; D\u00e9fense\u00a0\u00bb][vc_column_text]* \u00a0<a href=\"http:\/\/www.thinkingafrica.org\/V2\/formations\/resolution-conflits\/\">R\u00e9: Inventer la construction de la paix et la r\u00e9solution de conflits en Afrique<\/a><\/p>\n<p>* \u00a0<a href=\"http:\/\/www.thinkingafrica.org\/V2\/formations\/genre-rss\/\">La prise en compte du genre dans la r\u00e9forme du secteur de la s\u00e9curit\u00e9<\/a><\/p>\n[\/vc_column_text][\/vc_accordion_tab][\/vc_accordions][vc_empty_space height=\u00a0\u00bb10px\u00a0\u00bb][\/vc_column][\/vc_row]\n","protected":false},"excerpt":{"rendered":"<p>[vc_row fullwidth=\u00a0\u00bbtrue\u00a0\u00bb padding=\u00a0\u00bb0&Prime;][vc_column][mk_page_title_box page_title=\u00a0\u00bbCOMMUNICATION &amp; POLITIQUE\u00a0\u00bb page_subtitle=\u00a0\u00bbFormations.\u00a0\u00bb section_height=\u00a0\u00bb120&Prime; bg_type=\u00a0\u00bbcolor\u00a0\u00bb bg_color=\u00a0\u00bb#d84a3a\u00a0\u00bb font_size=\u00a0\u00bb30&Prime; font_color=\u00a0\u00bb#ffffff\u00a0\u00bb sub_font_size=\u00a0\u00bb20&Prime; sub_font_color=\u00a0\u00bb#ffffff\u00a0\u00bb][vc_empty_space height=\u00a0\u00bb20px\u00a0\u00bb][\/vc_column][\/vc_row][vc_row padding=\u00a0\u00bb0&Prime;][vc_column][vc_column_text title=\u00a0\u00bbOBJECTIFS DE LA FORMATION\u00a0\u00bb] La politique est un processus par lequel nous d\u00e9cidons qui b\u00e9n\u00e9ficie de quoi dans les ressources et r\u00e9serves de vie disponibles. Ainsi, nous nous rendons compte que 1. pour \u00eatre efficace politiquement, nous devons \u00eatre [&hellip;]<\/p>\n","protected":false},"author":1,"featured_media":0,"parent":4512,"menu_order":0,"comment_status":"open","ping_status":"open","template":"","meta":{"footnotes":""},"class_list":["post-4559","page","type-page","status-publish","hentry"],"yoast_head":"<!-- This site is optimized with the Yoast SEO plugin v27.3 - https:\/\/yoast.com\/product\/yoast-seo-wordpress\/ -->\n<title>Communication &amp; Politique - Thinking Africa<\/title>\n<meta name=\"robots\" content=\"index, follow, max-snippet:-1, max-image-preview:large, max-video-preview:-1\" \/>\n<link rel=\"canonical\" href=\"https:\/\/www.thinkingafrica.org\/V2\/formations\/communication-politique\/\" \/>\n<meta property=\"og:locale\" content=\"fr_FR\" \/>\n<meta property=\"og:type\" content=\"article\" \/>\n<meta property=\"og:title\" content=\"Communication &amp; Politique - Thinking Africa\" \/>\n<meta property=\"og:description\" content=\"[vc_row fullwidth=\u00a0\u00bbtrue\u00a0\u00bb padding=\u00a0\u00bb0&Prime;][vc_column][mk_page_title_box page_title=\u00a0\u00bbCOMMUNICATION &amp; POLITIQUE\u00a0\u00bb page_subtitle=\u00a0\u00bbFormations.\u00a0\u00bb section_height=\u00a0\u00bb120&Prime; bg_type=\u00a0\u00bbcolor\u00a0\u00bb bg_color=\u00a0\u00bb#d84a3a\u00a0\u00bb font_size=\u00a0\u00bb30&Prime; font_color=\u00a0\u00bb#ffffff\u00a0\u00bb sub_font_size=\u00a0\u00bb20&Prime; sub_font_color=\u00a0\u00bb#ffffff\u00a0\u00bb][vc_empty_space height=\u00a0\u00bb20px\u00a0\u00bb][\/vc_column][\/vc_row][vc_row padding=\u00a0\u00bb0&Prime;][vc_column][vc_column_text title=\u00a0\u00bbOBJECTIFS DE LA FORMATION\u00a0\u00bb] La politique est un processus par lequel nous d\u00e9cidons qui b\u00e9n\u00e9ficie de quoi dans les ressources et r\u00e9serves de vie disponibles. Ainsi, nous nous rendons compte que 1. pour \u00eatre efficace politiquement, nous devons \u00eatre [&hellip;]\" \/>\n<meta property=\"og:url\" content=\"https:\/\/www.thinkingafrica.org\/V2\/formations\/communication-politique\/\" \/>\n<meta property=\"og:site_name\" content=\"Thinking Africa\" \/>\n<meta property=\"article:modified_time\" content=\"2018-07-23T20:22:02+00:00\" \/>\n<meta property=\"og:image\" content=\"https:\/\/www.thinkingafrica.org\/V2\/wp-content\/uploads\/2020\/05\/TA-Logo-transparent.png\" \/>\n\t<meta property=\"og:image:width\" content=\"512\" \/>\n\t<meta property=\"og:image:height\" content=\"512\" \/>\n\t<meta property=\"og:image:type\" content=\"image\/png\" \/>\n<meta name=\"twitter:card\" content=\"summary_large_image\" \/>\n<meta name=\"twitter:label1\" content=\"Dur\u00e9e de lecture estim\u00e9e\" \/>\n\t<meta name=\"twitter:data1\" content=\"5 minutes\" \/>\n<script type=\"application\/ld+json\" class=\"yoast-schema-graph\">{\"@context\":\"https:\\\/\\\/schema.org\",\"@graph\":[{\"@type\":\"WebPage\",\"@id\":\"https:\\\/\\\/www.thinkingafrica.org\\\/V2\\\/formations\\\/communication-politique\\\/\",\"url\":\"https:\\\/\\\/www.thinkingafrica.org\\\/V2\\\/formations\\\/communication-politique\\\/\",\"name\":\"Communication & Politique - Thinking Africa\",\"isPartOf\":{\"@id\":\"https:\\\/\\\/www.thinkingafrica.org\\\/V2\\\/#website\"},\"datePublished\":\"2015-07-14T16:14:14+00:00\",\"dateModified\":\"2018-07-23T20:22:02+00:00\",\"breadcrumb\":{\"@id\":\"https:\\\/\\\/www.thinkingafrica.org\\\/V2\\\/formations\\\/communication-politique\\\/#breadcrumb\"},\"inLanguage\":\"fr-FR\",\"potentialAction\":[{\"@type\":\"ReadAction\",\"target\":[\"https:\\\/\\\/www.thinkingafrica.org\\\/V2\\\/formations\\\/communication-politique\\\/\"]}]},{\"@type\":\"BreadcrumbList\",\"@id\":\"https:\\\/\\\/www.thinkingafrica.org\\\/V2\\\/formations\\\/communication-politique\\\/#breadcrumb\",\"itemListElement\":[{\"@type\":\"ListItem\",\"position\":1,\"name\":\"Accueil\",\"item\":\"https:\\\/\\\/www.thinkingafrica.org\\\/V2\\\/\"},{\"@type\":\"ListItem\",\"position\":2,\"name\":\"Formations\",\"item\":\"https:\\\/\\\/www.thinkingafrica.org\\\/V2\\\/formations\\\/\"},{\"@type\":\"ListItem\",\"position\":3,\"name\":\"Communication &#038; Politique\"}]},{\"@type\":\"WebSite\",\"@id\":\"https:\\\/\\\/www.thinkingafrica.org\\\/V2\\\/#website\",\"url\":\"https:\\\/\\\/www.thinkingafrica.org\\\/V2\\\/\",\"name\":\"Thinking Africa\",\"description\":\"Recherche, r\u00e9flexions et ressources pour r\u00e9inventer le leadership africain\",\"potentialAction\":[{\"@type\":\"SearchAction\",\"target\":{\"@type\":\"EntryPoint\",\"urlTemplate\":\"https:\\\/\\\/www.thinkingafrica.org\\\/V2\\\/?s={search_term_string}\"},\"query-input\":{\"@type\":\"PropertyValueSpecification\",\"valueRequired\":true,\"valueName\":\"search_term_string\"}}],\"inLanguage\":\"fr-FR\"}]}<\/script>\n<!-- \/ Yoast SEO plugin. -->","yoast_head_json":{"title":"Communication & Politique - Thinking Africa","robots":{"index":"index","follow":"follow","max-snippet":"max-snippet:-1","max-image-preview":"max-image-preview:large","max-video-preview":"max-video-preview:-1"},"canonical":"https:\/\/www.thinkingafrica.org\/V2\/formations\/communication-politique\/","og_locale":"fr_FR","og_type":"article","og_title":"Communication & Politique - Thinking Africa","og_description":"[vc_row fullwidth=\u00a0\u00bbtrue\u00a0\u00bb padding=\u00a0\u00bb0&Prime;][vc_column][mk_page_title_box page_title=\u00a0\u00bbCOMMUNICATION &amp; POLITIQUE\u00a0\u00bb page_subtitle=\u00a0\u00bbFormations.\u00a0\u00bb section_height=\u00a0\u00bb120&Prime; bg_type=\u00a0\u00bbcolor\u00a0\u00bb bg_color=\u00a0\u00bb#d84a3a\u00a0\u00bb font_size=\u00a0\u00bb30&Prime; font_color=\u00a0\u00bb#ffffff\u00a0\u00bb sub_font_size=\u00a0\u00bb20&Prime; sub_font_color=\u00a0\u00bb#ffffff\u00a0\u00bb][vc_empty_space height=\u00a0\u00bb20px\u00a0\u00bb][\/vc_column][\/vc_row][vc_row padding=\u00a0\u00bb0&Prime;][vc_column][vc_column_text title=\u00a0\u00bbOBJECTIFS DE LA FORMATION\u00a0\u00bb] La politique est un processus par lequel nous d\u00e9cidons qui b\u00e9n\u00e9ficie de quoi dans les ressources et r\u00e9serves de vie disponibles. Ainsi, nous nous rendons compte que 1. pour \u00eatre efficace politiquement, nous devons \u00eatre [&hellip;]","og_url":"https:\/\/www.thinkingafrica.org\/V2\/formations\/communication-politique\/","og_site_name":"Thinking Africa","article_modified_time":"2018-07-23T20:22:02+00:00","og_image":[{"width":512,"height":512,"url":"https:\/\/www.thinkingafrica.org\/V2\/wp-content\/uploads\/2020\/05\/TA-Logo-transparent.png","type":"image\/png"}],"twitter_card":"summary_large_image","twitter_misc":{"Dur\u00e9e de lecture estim\u00e9e":"5 minutes"},"schema":{"@context":"https:\/\/schema.org","@graph":[{"@type":"WebPage","@id":"https:\/\/www.thinkingafrica.org\/V2\/formations\/communication-politique\/","url":"https:\/\/www.thinkingafrica.org\/V2\/formations\/communication-politique\/","name":"Communication & Politique - Thinking Africa","isPartOf":{"@id":"https:\/\/www.thinkingafrica.org\/V2\/#website"},"datePublished":"2015-07-14T16:14:14+00:00","dateModified":"2018-07-23T20:22:02+00:00","breadcrumb":{"@id":"https:\/\/www.thinkingafrica.org\/V2\/formations\/communication-politique\/#breadcrumb"},"inLanguage":"fr-FR","potentialAction":[{"@type":"ReadAction","target":["https:\/\/www.thinkingafrica.org\/V2\/formations\/communication-politique\/"]}]},{"@type":"BreadcrumbList","@id":"https:\/\/www.thinkingafrica.org\/V2\/formations\/communication-politique\/#breadcrumb","itemListElement":[{"@type":"ListItem","position":1,"name":"Accueil","item":"https:\/\/www.thinkingafrica.org\/V2\/"},{"@type":"ListItem","position":2,"name":"Formations","item":"https:\/\/www.thinkingafrica.org\/V2\/formations\/"},{"@type":"ListItem","position":3,"name":"Communication &#038; Politique"}]},{"@type":"WebSite","@id":"https:\/\/www.thinkingafrica.org\/V2\/#website","url":"https:\/\/www.thinkingafrica.org\/V2\/","name":"Thinking Africa","description":"Recherche, r\u00e9flexions et ressources pour r\u00e9inventer le leadership africain","potentialAction":[{"@type":"SearchAction","target":{"@type":"EntryPoint","urlTemplate":"https:\/\/www.thinkingafrica.org\/V2\/?s={search_term_string}"},"query-input":{"@type":"PropertyValueSpecification","valueRequired":true,"valueName":"search_term_string"}}],"inLanguage":"fr-FR"}]}},"_links":{"self":[{"href":"https:\/\/www.thinkingafrica.org\/V2\/wp-json\/wp\/v2\/pages\/4559","targetHints":{"allow":["GET"]}}],"collection":[{"href":"https:\/\/www.thinkingafrica.org\/V2\/wp-json\/wp\/v2\/pages"}],"about":[{"href":"https:\/\/www.thinkingafrica.org\/V2\/wp-json\/wp\/v2\/types\/page"}],"author":[{"embeddable":true,"href":"https:\/\/www.thinkingafrica.org\/V2\/wp-json\/wp\/v2\/users\/1"}],"replies":[{"embeddable":true,"href":"https:\/\/www.thinkingafrica.org\/V2\/wp-json\/wp\/v2\/comments?post=4559"}],"version-history":[{"count":6,"href":"https:\/\/www.thinkingafrica.org\/V2\/wp-json\/wp\/v2\/pages\/4559\/revisions"}],"predecessor-version":[{"id":6616,"href":"https:\/\/www.thinkingafrica.org\/V2\/wp-json\/wp\/v2\/pages\/4559\/revisions\/6616"}],"up":[{"embeddable":true,"href":"https:\/\/www.thinkingafrica.org\/V2\/wp-json\/wp\/v2\/pages\/4512"}],"wp:attachment":[{"href":"https:\/\/www.thinkingafrica.org\/V2\/wp-json\/wp\/v2\/media?parent=4559"}],"curies":[{"name":"wp","href":"https:\/\/api.w.org\/{rel}","templated":true}]}}