{"id":6019,"date":"2016-10-25T22:43:21","date_gmt":"2016-10-25T20:43:21","guid":{"rendered":"http:\/\/www.thinkingafrica.org\/V2\/?page_id=6019"},"modified":"2020-05-02T18:00:17","modified_gmt":"2020-05-02T16:00:17","slug":"home","status":"publish","type":"page","link":"https:\/\/www.thinkingafrica.org\/V2\/home\/","title":{"rendered":"Home"},"content":{"rendered":"<div class=\"wpb-content-wrapper\">[vc_row fullwidth=\u00a0\u00bbtrue\u00a0\u00bb css=\u00a0\u00bb.vc_custom_1476788306039{background-position: center !important;background-repeat: no-repeat !important;background-size: cover !important;}\u00a0\u00bb][vc_column][mk_edge_slider first_el=\u00a0\u00bbtrue\u00a0\u00bb swiper_bg=\u00a0\u00bb#000000&Prime; full_height=\u00a0\u00bbfalse\u00a0\u00bb height=\u00a0\u00bb600&Prime; direction_nav=\u00a0\u00bbnone\u00a0\u00bb pagination=\u00a0\u00bbnone\u00a0\u00bb slides=\u00a0\u00bb6013,6012&Prime;][\/vc_column][\/vc_row][vc_row fullwidth=\u00a0\u00bbtrue\u00a0\u00bb css=\u00a0\u00bb.vc_custom_1476788306039{background-position: center !important;background-repeat: no-repeat !important;background-size: cover !important;}\u00a0\u00bb][vc_column][mk_portfolio style=\u00a0\u00bbgrid\u00a0\u00bb column=\u00a0\u00bb4&Prime; zoom_icon=\u00a0\u00bbfalse\u00a0\u00bb count=\u00a0\u00bb8&Prime; sortable_style=\u00a0\u00bboutline\u00a0\u00bb sortable_all_text=\u00a0\u00bbTA TV\u00a0\u00bb sortable_bg_color=\u00a0\u00bb#f2825d\u00a0\u00bb sortable_txt_color=\u00a0\u00bb#ffffff\u00a0\u00bb pagination=\u00a0\u00bbfalse\u00a0\u00bb categories=\u00a0\u00bbmediation-paix, renouveau-democratique, leadership-gouvernance, cultures-identite, penser-lafrique-2&Prime;][\/vc_column][\/vc_row][mk_page_section bg_color=\u00a0\u00bb#d84a3a\u00a0\u00bb min_height=\u00a0\u00bb80&Prime; sidebar=\u00a0\u00bbsidebar-1&Prime;][vc_column width=\u00a0\u00bb3\/4&Prime;][mk_fancy_title tag_name=\u00a0\u00bbh3&Prime; color=\u00a0\u00bb#ffffff\u00a0\u00bb size=\u00a0\u00bb18&Prime; margin_top=\u00a0\u00bb20&Prime; font_family=\u00a0\u00bbnone\u00a0\u00bb]Id\u00e9es, formations &amp; \u00e9v\u00e9nements pour r\u00e9inventer le leadership africain.[\/mk_fancy_title][\/vc_column][vc_column width=\u00a0\u00bb1\/4&Prime;][mk_button dimension=\u00a0\u00bboutline\u00a0\u00bb size=\u00a0\u00bblarge\u00a0\u00bb url=\u00a0\u00bbhttp:\/\/www.thinkingafrica.org\/V2\/lettre-de-ta\/\u00a0\u00bb outline_skin=\u00a0\u00bblight\u00a0\u00bb]NEWSLETTER DE TA<\/p>\n<p>(Je m&rsquo;inscris)[\/mk_button][\/vc_column][\/mk_page_section][vc_row fullwidth=\u00a0\u00bbtrue\u00a0\u00bb][vc_column][mk_blog style=\u00a0\u00bbspotlight\u00a0\u00bb post_count=\u00a0\u00bb6&Prime; pagination=\u00a0\u00bbfalse\u00a0\u00bb count=\u00a0\u00bb5&Prime; cat=\u00a0\u00bb34, 23, 22, 20, 207&Prime;][\/vc_column][\/vc_row][vc_row fullwidth=\u00a0\u00bbtrue\u00a0\u00bb][vc_column][vc_empty_space height=\u00a0\u00bb10px\u00a0\u00bb][mk_blog_carousel title=\u00a0\u00bbNEWS + UPDATES\u00a0\u00bb count=\u00a0\u00bb8&Prime; cat=\u00a0\u00bb31, 203, 205&Prime;][\/vc_column][\/vc_row][mk_page_section bg_color=\u00a0\u00bb#d84a3a\u00a0\u00bb min_height=\u00a0\u00bb80&Prime; sidebar=\u00a0\u00bbsidebar-1&Prime;][vc_column width=\u00a0\u00bb3\/4&Prime;][mk_fancy_title tag_name=\u00a0\u00bbh3&Prime; color=\u00a0\u00bb#ffffff\u00a0\u00bb size=\u00a0\u00bb18&Prime; margin_top=\u00a0\u00bb20&Prime; font_family=\u00a0\u00bbnone\u00a0\u00bb]\n<p>Construisons ensemble l\u2019Afrique des Africains. Contribuez aux activit\u00e9s de Thinking Africa<\/p>\n[\/mk_fancy_title][\/vc_column][vc_column width=\u00a0\u00bb1\/4&Prime;][mk_button dimension=\u00a0\u00bboutline\u00a0\u00bb size=\u00a0\u00bblarge\u00a0\u00bb url=\u00a0\u00bbhttp:\/\/www.thinkingafrica.org\/V2\/ta\/contribuer\/\u00a0\u00bb outline_skin=\u00a0\u00bblight\u00a0\u00bb]PLUS D&rsquo;INFOS[\/mk_button][\/vc_column][\/mk_page_section][vc_row fullwidth=\u00a0\u00bbtrue\u00a0\u00bb][vc_column][vc_empty_space height=\u00a0\u00bb10px\u00a0\u00bb][mk_blog style=\u00a0\u00bbmagazine\u00a0\u00bb magazine_strcutre=\u00a0\u00bb2&Prime; post_count=\u00a0\u00bb4&Prime; comments_share=\u00a0\u00bbfalse\u00a0\u00bb pagination=\u00a0\u00bbfalse\u00a0\u00bb cat=\u00a0\u00bb153, 204, 276&Prime;][\/vc_column][\/vc_row][vc_row fullwidth=\u00a0\u00bbtrue\u00a0\u00bb][vc_column][mk_tab_slider order=\u00a0\u00bbASC\u00a0\u00bb tabs=\u00a0\u00bb4161, 4159, 4149, 5987&Prime;][\/vc_column][\/vc_row]\n<\/div>","protected":false},"excerpt":{"rendered":"<p>[vc_row fullwidth=\u00a0\u00bbtrue\u00a0\u00bb css=\u00a0\u00bb.vc_custom_1476788306039{background-position: center !important;background-repeat: no-repeat !important;background-size: cover !important;}\u00a0\u00bb][vc_column][mk_edge_slider first_el=\u00a0\u00bbtrue\u00a0\u00bb swiper_bg=\u00a0\u00bb#000000&Prime; full_height=\u00a0\u00bbfalse\u00a0\u00bb height=\u00a0\u00bb600&Prime; direction_nav=\u00a0\u00bbnone\u00a0\u00bb pagination=\u00a0\u00bbnone\u00a0\u00bb slides=\u00a0\u00bb6013,6012&Prime;][\/vc_column][\/vc_row][vc_row fullwidth=\u00a0\u00bbtrue\u00a0\u00bb css=\u00a0\u00bb.vc_custom_1476788306039{background-position: center !important;background-repeat: no-repeat !important;background-size: cover !important;}\u00a0\u00bb][vc_column][mk_portfolio style=\u00a0\u00bbgrid\u00a0\u00bb column=\u00a0\u00bb4&Prime; zoom_icon=\u00a0\u00bbfalse\u00a0\u00bb count=\u00a0\u00bb8&Prime; sortable_style=\u00a0\u00bboutline\u00a0\u00bb sortable_all_text=\u00a0\u00bbTA TV\u00a0\u00bb sortable_bg_color=\u00a0\u00bb#f2825d\u00a0\u00bb sortable_txt_color=\u00a0\u00bb#ffffff\u00a0\u00bb pagination=\u00a0\u00bbfalse\u00a0\u00bb categories=\u00a0\u00bbmediation-paix, renouveau-democratique, leadership-gouvernance, cultures-identite, penser-lafrique-2&Prime;][\/vc_column][\/vc_row][mk_page_section bg_color=\u00a0\u00bb#d84a3a\u00a0\u00bb min_height=\u00a0\u00bb80&Prime; sidebar=\u00a0\u00bbsidebar-1&Prime;][vc_column width=\u00a0\u00bb3\/4&Prime;][mk_fancy_title tag_name=\u00a0\u00bbh3&Prime; color=\u00a0\u00bb#ffffff\u00a0\u00bb size=\u00a0\u00bb18&Prime; margin_top=\u00a0\u00bb20&Prime; font_family=\u00a0\u00bbnone\u00a0\u00bb]Id\u00e9es, formations &amp; \u00e9v\u00e9nements pour r\u00e9inventer le leadership [&hellip;]<\/p>\n","protected":false},"author":1,"featured_media":0,"parent":0,"menu_order":0,"comment_status":"closed","ping_status":"closed","template":"full-width.php","meta":{"_acf_changed":false,"footnotes":""},"class_list":["post-6019","page","type-page","status-publish","hentry"],"acf":[],"yoast_head":"<!-- This site is optimized with the Yoast SEO plugin v27.6 - https:\/\/yoast.com\/product\/yoast-seo-wordpress\/ -->\n<title>Home - Thinking Africa<\/title>\n<meta name=\"robots\" content=\"index, follow, max-snippet:-1, max-image-preview:large, max-video-preview:-1\" \/>\n<link rel=\"canonical\" href=\"https:\/\/www.thinkingafrica.org\/V2\/home\/\" \/>\n<meta property=\"og:locale\" content=\"fr_FR\" \/>\n<meta property=\"og:type\" content=\"article\" \/>\n<meta property=\"og:title\" content=\"Home - Thinking Africa\" \/>\n<meta property=\"og:description\" content=\"[vc_row fullwidth=\u00a0\u00bbtrue\u00a0\u00bb css=\u00a0\u00bb.vc_custom_1476788306039{background-position: center !important;background-repeat: no-repeat !important;background-size: cover !important;}\u00a0\u00bb][vc_column][mk_edge_slider first_el=\u00a0\u00bbtrue\u00a0\u00bb swiper_bg=\u00a0\u00bb#000000&Prime; full_height=\u00a0\u00bbfalse\u00a0\u00bb height=\u00a0\u00bb600&Prime; direction_nav=\u00a0\u00bbnone\u00a0\u00bb pagination=\u00a0\u00bbnone\u00a0\u00bb slides=\u00a0\u00bb6013,6012&Prime;][\/vc_column][\/vc_row][vc_row fullwidth=\u00a0\u00bbtrue\u00a0\u00bb css=\u00a0\u00bb.vc_custom_1476788306039{background-position: center !important;background-repeat: no-repeat !important;background-size: cover !important;}\u00a0\u00bb][vc_column][mk_portfolio style=\u00a0\u00bbgrid\u00a0\u00bb column=\u00a0\u00bb4&Prime; zoom_icon=\u00a0\u00bbfalse\u00a0\u00bb count=\u00a0\u00bb8&Prime; sortable_style=\u00a0\u00bboutline\u00a0\u00bb sortable_all_text=\u00a0\u00bbTA TV\u00a0\u00bb sortable_bg_color=\u00a0\u00bb#f2825d\u00a0\u00bb sortable_txt_color=\u00a0\u00bb#ffffff\u00a0\u00bb pagination=\u00a0\u00bbfalse\u00a0\u00bb categories=\u00a0\u00bbmediation-paix, renouveau-democratique, leadership-gouvernance, cultures-identite, penser-lafrique-2&Prime;][\/vc_column][\/vc_row][mk_page_section bg_color=\u00a0\u00bb#d84a3a\u00a0\u00bb min_height=\u00a0\u00bb80&Prime; sidebar=\u00a0\u00bbsidebar-1&Prime;][vc_column width=\u00a0\u00bb3\/4&Prime;][mk_fancy_title tag_name=\u00a0\u00bbh3&Prime; color=\u00a0\u00bb#ffffff\u00a0\u00bb size=\u00a0\u00bb18&Prime; margin_top=\u00a0\u00bb20&Prime; font_family=\u00a0\u00bbnone\u00a0\u00bb]Id\u00e9es, formations &amp; \u00e9v\u00e9nements pour r\u00e9inventer le leadership [&hellip;]\" \/>\n<meta property=\"og:url\" content=\"https:\/\/www.thinkingafrica.org\/V2\/home\/\" \/>\n<meta property=\"og:site_name\" content=\"Thinking Africa\" \/>\n<meta property=\"article:modified_time\" content=\"2020-05-02T16:00:17+00:00\" \/>\n<meta property=\"og:image\" content=\"https:\/\/www.thinkingafrica.org\/V2\/wp-content\/uploads\/2020\/05\/TA-Logo-transparent.png\" \/>\n\t<meta property=\"og:image:width\" content=\"512\" \/>\n\t<meta property=\"og:image:height\" content=\"512\" \/>\n\t<meta property=\"og:image:type\" content=\"image\/png\" \/>\n<meta name=\"twitter:card\" content=\"summary_large_image\" \/>\n<meta name=\"twitter:label1\" content=\"Dur\u00e9e de lecture estim\u00e9e\" \/>\n\t<meta name=\"twitter:data1\" content=\"2 minutes\" \/>\n<script type=\"application\/ld+json\" class=\"yoast-schema-graph\">{\"@context\":\"https:\\\/\\\/schema.org\",\"@graph\":[{\"@type\":\"WebPage\",\"@id\":\"https:\\\/\\\/www.thinkingafrica.org\\\/V2\\\/home\\\/\",\"url\":\"https:\\\/\\\/www.thinkingafrica.org\\\/V2\\\/home\\\/\",\"name\":\"Home - Thinking Africa\",\"isPartOf\":{\"@id\":\"https:\\\/\\\/www.thinkingafrica.org\\\/V2\\\/#website\"},\"datePublished\":\"2016-10-25T20:43:21+00:00\",\"dateModified\":\"2020-05-02T16:00:17+00:00\",\"breadcrumb\":{\"@id\":\"https:\\\/\\\/www.thinkingafrica.org\\\/V2\\\/home\\\/#breadcrumb\"},\"inLanguage\":\"fr-FR\",\"potentialAction\":[{\"@type\":\"ReadAction\",\"target\":[\"https:\\\/\\\/www.thinkingafrica.org\\\/V2\\\/home\\\/\"]}]},{\"@type\":\"BreadcrumbList\",\"@id\":\"https:\\\/\\\/www.thinkingafrica.org\\\/V2\\\/home\\\/#breadcrumb\",\"itemListElement\":[{\"@type\":\"ListItem\",\"position\":1,\"name\":\"Accueil\",\"item\":\"https:\\\/\\\/www.thinkingafrica.org\\\/V2\\\/\"},{\"@type\":\"ListItem\",\"position\":2,\"name\":\"Home\"}]},{\"@type\":\"WebSite\",\"@id\":\"https:\\\/\\\/www.thinkingafrica.org\\\/V2\\\/#website\",\"url\":\"https:\\\/\\\/www.thinkingafrica.org\\\/V2\\\/\",\"name\":\"Thinking Africa\",\"description\":\"Recherche, r\u00e9flexions et ressources pour r\u00e9inventer le leadership africain\",\"potentialAction\":[{\"@type\":\"SearchAction\",\"target\":{\"@type\":\"EntryPoint\",\"urlTemplate\":\"https:\\\/\\\/www.thinkingafrica.org\\\/V2\\\/?s={search_term_string}\"},\"query-input\":{\"@type\":\"PropertyValueSpecification\",\"valueRequired\":true,\"valueName\":\"search_term_string\"}}],\"inLanguage\":\"fr-FR\"}]}<\/script>\n<!-- \/ Yoast SEO plugin. -->","yoast_head_json":{"title":"Home - Thinking Africa","robots":{"index":"index","follow":"follow","max-snippet":"max-snippet:-1","max-image-preview":"max-image-preview:large","max-video-preview":"max-video-preview:-1"},"canonical":"https:\/\/www.thinkingafrica.org\/V2\/home\/","og_locale":"fr_FR","og_type":"article","og_title":"Home - Thinking Africa","og_description":"[vc_row fullwidth=\u00a0\u00bbtrue\u00a0\u00bb css=\u00a0\u00bb.vc_custom_1476788306039{background-position: center !important;background-repeat: no-repeat !important;background-size: cover !important;}\u00a0\u00bb][vc_column][mk_edge_slider first_el=\u00a0\u00bbtrue\u00a0\u00bb swiper_bg=\u00a0\u00bb#000000&Prime; full_height=\u00a0\u00bbfalse\u00a0\u00bb height=\u00a0\u00bb600&Prime; direction_nav=\u00a0\u00bbnone\u00a0\u00bb pagination=\u00a0\u00bbnone\u00a0\u00bb slides=\u00a0\u00bb6013,6012&Prime;][\/vc_column][\/vc_row][vc_row fullwidth=\u00a0\u00bbtrue\u00a0\u00bb css=\u00a0\u00bb.vc_custom_1476788306039{background-position: center !important;background-repeat: no-repeat !important;background-size: cover !important;}\u00a0\u00bb][vc_column][mk_portfolio style=\u00a0\u00bbgrid\u00a0\u00bb column=\u00a0\u00bb4&Prime; zoom_icon=\u00a0\u00bbfalse\u00a0\u00bb count=\u00a0\u00bb8&Prime; sortable_style=\u00a0\u00bboutline\u00a0\u00bb sortable_all_text=\u00a0\u00bbTA TV\u00a0\u00bb sortable_bg_color=\u00a0\u00bb#f2825d\u00a0\u00bb sortable_txt_color=\u00a0\u00bb#ffffff\u00a0\u00bb pagination=\u00a0\u00bbfalse\u00a0\u00bb categories=\u00a0\u00bbmediation-paix, renouveau-democratique, leadership-gouvernance, cultures-identite, penser-lafrique-2&Prime;][\/vc_column][\/vc_row][mk_page_section bg_color=\u00a0\u00bb#d84a3a\u00a0\u00bb min_height=\u00a0\u00bb80&Prime; sidebar=\u00a0\u00bbsidebar-1&Prime;][vc_column width=\u00a0\u00bb3\/4&Prime;][mk_fancy_title tag_name=\u00a0\u00bbh3&Prime; color=\u00a0\u00bb#ffffff\u00a0\u00bb size=\u00a0\u00bb18&Prime; margin_top=\u00a0\u00bb20&Prime; font_family=\u00a0\u00bbnone\u00a0\u00bb]Id\u00e9es, formations &amp; \u00e9v\u00e9nements pour r\u00e9inventer le leadership [&hellip;]","og_url":"https:\/\/www.thinkingafrica.org\/V2\/home\/","og_site_name":"Thinking Africa","article_modified_time":"2020-05-02T16:00:17+00:00","og_image":[{"width":512,"height":512,"url":"https:\/\/www.thinkingafrica.org\/V2\/wp-content\/uploads\/2020\/05\/TA-Logo-transparent.png","type":"image\/png"}],"twitter_card":"summary_large_image","twitter_misc":{"Dur\u00e9e de lecture estim\u00e9e":"2 minutes"},"schema":{"@context":"https:\/\/schema.org","@graph":[{"@type":"WebPage","@id":"https:\/\/www.thinkingafrica.org\/V2\/home\/","url":"https:\/\/www.thinkingafrica.org\/V2\/home\/","name":"Home - Thinking Africa","isPartOf":{"@id":"https:\/\/www.thinkingafrica.org\/V2\/#website"},"datePublished":"2016-10-25T20:43:21+00:00","dateModified":"2020-05-02T16:00:17+00:00","breadcrumb":{"@id":"https:\/\/www.thinkingafrica.org\/V2\/home\/#breadcrumb"},"inLanguage":"fr-FR","potentialAction":[{"@type":"ReadAction","target":["https:\/\/www.thinkingafrica.org\/V2\/home\/"]}]},{"@type":"BreadcrumbList","@id":"https:\/\/www.thinkingafrica.org\/V2\/home\/#breadcrumb","itemListElement":[{"@type":"ListItem","position":1,"name":"Accueil","item":"https:\/\/www.thinkingafrica.org\/V2\/"},{"@type":"ListItem","position":2,"name":"Home"}]},{"@type":"WebSite","@id":"https:\/\/www.thinkingafrica.org\/V2\/#website","url":"https:\/\/www.thinkingafrica.org\/V2\/","name":"Thinking Africa","description":"Recherche, r\u00e9flexions et ressources pour r\u00e9inventer le leadership africain","potentialAction":[{"@type":"SearchAction","target":{"@type":"EntryPoint","urlTemplate":"https:\/\/www.thinkingafrica.org\/V2\/?s={search_term_string}"},"query-input":{"@type":"PropertyValueSpecification","valueRequired":true,"valueName":"search_term_string"}}],"inLanguage":"fr-FR"}]}},"_links":{"self":[{"href":"https:\/\/www.thinkingafrica.org\/V2\/wp-json\/wp\/v2\/pages\/6019","targetHints":{"allow":["GET"]}}],"collection":[{"href":"https:\/\/www.thinkingafrica.org\/V2\/wp-json\/wp\/v2\/pages"}],"about":[{"href":"https:\/\/www.thinkingafrica.org\/V2\/wp-json\/wp\/v2\/types\/page"}],"author":[{"embeddable":true,"href":"https:\/\/www.thinkingafrica.org\/V2\/wp-json\/wp\/v2\/users\/1"}],"replies":[{"embeddable":true,"href":"https:\/\/www.thinkingafrica.org\/V2\/wp-json\/wp\/v2\/comments?post=6019"}],"version-history":[{"count":8,"href":"https:\/\/www.thinkingafrica.org\/V2\/wp-json\/wp\/v2\/pages\/6019\/revisions"}],"predecessor-version":[{"id":7584,"href":"https:\/\/www.thinkingafrica.org\/V2\/wp-json\/wp\/v2\/pages\/6019\/revisions\/7584"}],"wp:attachment":[{"href":"https:\/\/www.thinkingafrica.org\/V2\/wp-json\/wp\/v2\/media?parent=6019"}],"curies":[{"name":"wp","href":"https:\/\/api.w.org\/{rel}","templated":true}]}}