{"id":637,"date":"2013-06-02T14:20:13","date_gmt":"2013-06-02T12:20:13","guid":{"rendered":"http:\/\/www.thinkingafrica.org\/V2\/?page_id=637"},"modified":"2014-11-24T22:53:11","modified_gmt":"2014-11-24T21:53:11","slug":"experts-affilies","status":"publish","type":"page","link":"https:\/\/www.thinkingafrica.org\/V2\/thinking-africa\/experts-affilies\/","title":{"rendered":"Experts affili\u00e9s"},"content":{"rendered":"<p><strong>Delphine ABADIE<\/strong><br \/>\n<em>Qualifications\/Dipl\u00f4mes<\/em>: Ma\u00eetrise en \u00e9tudes internationales ; Doctorante en philosophie<br \/>\n<em>Expertise<\/em> : Ethique des relations internationales ; histoire de la \u00ab\u00a0race\u00a0\u00bb ; aide au d\u00e9veloppement ; ressources extractives.<br \/>\n<em>Sp\u00e9cialisation<\/em> : Afrique subsaharienne<br \/>\n<em>Contact<\/em> : d.abadie.mugombozi@gmail.com<\/p>\n<p><a title=\"Arthur Banga\" href=\"http:\/\/www.thinkingafrica.org\/V2\/thinking-africa\/experts-affilies\/arthur-banga\/\"><strong>Arthur BANGA<\/strong><\/a><br \/>\n<em>Qualification\/dipl\u00f4mes:<\/em> Docteur en histoire<br \/>\n<em>Expertise:<\/em> Relations internationales, R\u00e9solutions de conflits, Questions militaires.<br \/>\n<em>Sp\u00e9cialit\u00e9:<\/em> Afrique de l&rsquo;ouest, France, Op\u00e9rations de Maintien de la paix<br \/>\n<em>Contact:<\/em> arthurbanga2004@yahoo.fr<\/p>\n<p><a href=\"http:\/\/www.thinkingafrica.org\/V2\/thinking-africa\/experts-affilies\/cristina-barrios\/\"><strong>Cristina BARRIOS<\/strong><\/a><br \/>\n<em>Qualifications\/Dipl\u00f4mes:<\/em> Doctorat en Relations Internationales<br \/>\n<em>Expertise:<\/em> Relations Europe-Afrique, s\u00e9curit\u00e9, d\u00e9mocratie, d\u00e9veloppement<br \/>\n<em>Sp\u00e9cialit\u00e9:<\/em> Politiques de l&rsquo;Union Europ\u00e9enne et les relations entre l\u2019Europe et l\u2019Afrique, le nexus entre le d\u00e9veloppement et la s\u00e9curit\u00e9<br \/>\n<em>Contact:<\/em> contact@thinkingafrica.org<\/p>\n<p><a title=\"Marie Anitha Jaotody\" href=\"http:\/\/www.thinkingafrica.org\/V2\/thinking-africa\/experts-affilies\/marie-anitha-jaotody\/\"><strong>Marie Anitha JAOTODY<\/strong><\/a><br \/>\n<em>Qualifications\/ Dipl\u00f4mes:<\/em> Master bilingue en affaires publiques et internationales<br \/>\n<em>Expertise:<\/em> M\u00e9diation, int\u00e9gration africaine.<br \/>\n<em>Sp\u00e9cialit\u00e9:<\/em> Pays moins avanc\u00e9s africains<br \/>\n<em>Contact:<\/em>\u00a0contact@thinkingafrica.org<\/p>\n<p><strong>Ouattara LADJI<\/strong><br \/>\n<em>Qualifications\/Dipl\u00f4mes<\/em>: Doctorant en Histoire et Master en Sciences politiques<br \/>\n<em>Expertise<\/em>: Relations internationales, Conflits de fronti\u00e8res en Afrique, coop\u00e9ration politique entre l\u2019Europe et l\u2019Afrique.<br \/>\n<em>Sp\u00e9cialit\u00e9<\/em>: Afrique, Union Africaine, UnionEurop\u00e9enne<br \/>\n<em>Contact<\/em>: ouatladji@yahoo.fr<\/p>\n<p><strong>Victoria MADONNA<\/strong><br \/>\n<em>Qualifications\/ Dipl\u00f4mes<\/em>: Ma\u00eetrise de sciences politiques (mention relations internationales)<br \/>\n<em>Expertise<\/em>: Relations internationales, g\u00e9opolitique<br \/>\n<em>Sp\u00e9cialit\u00e9<\/em>: Afrique<br \/>\n<em>Contact<\/em>: madonna@thinkingafrica.org<\/p>\n<p><strong>Houla\u00effat SAID OMAR<\/strong><br \/>\n<em>Qualifications\/Dipl\u00f4mes<\/em>: Master 2 en Histoire des Relations Economiques Internationales (Sorbonne)<br \/>\n<em>Expertise<\/em>: Relations Internationales &#8211; D\u00e9veloppement &#8211; Economie internationale<br \/>\n<em>Sp\u00e9cialit\u00e9<\/em>: Europe &#8211; Am\u00e9rique latine &#8211; Afrique<br \/>\n<em>Contact<\/em>:houlaifat@hotmail.fr<\/p>\n<p><a title=\"F\u00e9licit\u00e9 Jessica Ranohefy\" href=\"http:\/\/www.thinkingafrica.org\/V2\/thinking-africa\/experts-affilies\/jessica-ranohefy\/\"><strong>F\u00e9licit\u00e9 Jessica RANOHEFY<\/strong><\/a><br \/>\n<em>Qualifications\/ Dipl\u00f4mes:<\/em> Master en gestion de conflits et droit humanitaire, Master en droit des affaires internationales.<br \/>\n<em>Expertise:<\/em> Gestion de conflits (de la pr\u00e9vention aux situations post-conflits), actions humanitaires, droit humanitaire international, gestion de catastrophes.<br \/>\n<em>Sp\u00e9cialit\u00e9:<\/em> Union Africaine<br \/>\n<em>Contact:<\/em> ranohefy.and@gmail.com<\/p>\n<p><strong>Serigne SARR<\/strong><br \/>\n<em>Qualifications\/Dipl\u00f4mes<\/em>: Ma\u00eetrise en g\u00e9ographie<br \/>\nExpertise: R\u00e9solution des conflits,luttes contre les multinationales<br \/>\nSp\u00e9cialit\u00e9: Eau, assainissement et foncier<br \/>\nContact: \u00a0srgnsarr075@gmail.com<\/p>\n<p><a title=\"Faouzia Zeroualia\" href=\"http:\/\/www.thinkingafrica.org\/V2\/thinking-africa\/experts-affilies\/faouzia-zeroualia\/\"><strong>Faouzia ZEROUALIA<\/strong><\/a><br \/>\n<em>Qualifications\/ Dipl\u00f4mes:<\/em> Doctorante en relations internationales<br \/>\n<em>Expertise:<\/em> Relations internationales, g\u00e9opolitique, analyse des conflits apr\u00e8s la guerre froide.<br \/>\n<em>Sp\u00e9cialit\u00e9:<\/em> Afrique noire<br \/>\n<em>Contact:<\/em> zeraouliafaouzia@gmail.com<\/p>\n<p><a title=\"Fweley Diangitukwa\" href=\"http:\/\/www.thinkingafrica.org\/V2\/thinking-africa\/experts-affilies\/fweley-diangitukwa\/\"><strong>Fweley DIANGITUKWA<\/strong><\/a><br \/>\n<em>Qualifications\/ Dipl\u00f4mes:<\/em> Docteur en sciences \u00e9conomiques et sociales<br \/>\n<em>Expertise:<\/em> Pouvoir, Gouvernance, Leadership, Comportement organisationnel, Migrations internationales, G\u00e9opolitique, Int\u00e9gration r\u00e9gionale, l\u2019Etat en Afrique, Relations Nord-Sud, les ressources \u00e9nerg\u00e9tique (p\u00e9trole), question genre.<br \/>\n<em>Sp\u00e9cialit\u00e9:<\/em> Politique africaine, D\u00e9mocratie et d\u00e9veloppement, s\u00e9curit\u00e9 dans le Golfe de Guin\u00e9e, Fraudes \u00e9lectorales, l\u2019exemple suisse de management.<br \/>\n<em>Contact:<\/em> f.diangitukwa@bluewin.ch<\/p>\n","protected":false},"excerpt":{"rendered":"<p>Delphine ABADIE Qualifications\/Dipl\u00f4mes: Ma\u00eetrise en \u00e9tudes internationales ; Doctorante en philosophie Expertise : Ethique des relations internationales ; histoire de la \u00ab\u00a0race\u00a0\u00bb ; aide au d\u00e9veloppement ; ressources extractives. Sp\u00e9cialisation : Afrique subsaharienne Contact : d.abadie.mugombozi@gmail.com Arthur BANGA Qualification\/dipl\u00f4mes: Docteur en histoire Expertise: Relations internationales, R\u00e9solutions de conflits, Questions militaires. Sp\u00e9cialit\u00e9: Afrique de l&rsquo;ouest, France, [&hellip;]<\/p>\n","protected":false},"author":1,"featured_media":0,"parent":5,"menu_order":0,"comment_status":"open","ping_status":"open","template":"","meta":{"_acf_changed":false,"footnotes":""},"class_list":["post-637","page","type-page","status-publish","hentry"],"acf":[],"yoast_head":"<!-- This site is optimized with the Yoast SEO plugin v27.6 - https:\/\/yoast.com\/product\/yoast-seo-wordpress\/ -->\n<title>Experts affili\u00e9s - Thinking Africa<\/title>\n<meta name=\"robots\" content=\"index, follow, max-snippet:-1, max-image-preview:large, max-video-preview:-1\" \/>\n<link rel=\"canonical\" href=\"https:\/\/www.thinkingafrica.org\/V2\/thinking-africa\/experts-affilies\/\" \/>\n<meta property=\"og:locale\" content=\"fr_FR\" \/>\n<meta property=\"og:type\" content=\"article\" \/>\n<meta property=\"og:title\" content=\"Experts affili\u00e9s - Thinking Africa\" \/>\n<meta property=\"og:description\" content=\"Delphine ABADIE Qualifications\/Dipl\u00f4mes: Ma\u00eetrise en \u00e9tudes internationales ; Doctorante en philosophie Expertise : Ethique des relations internationales ; histoire de la \u00ab\u00a0race\u00a0\u00bb ; aide au d\u00e9veloppement ; ressources extractives. Sp\u00e9cialisation : Afrique subsaharienne Contact : d.abadie.mugombozi@gmail.com Arthur BANGA Qualification\/dipl\u00f4mes: Docteur en histoire Expertise: Relations internationales, R\u00e9solutions de conflits, Questions militaires. Sp\u00e9cialit\u00e9: Afrique de l&rsquo;ouest, France, [&hellip;]\" \/>\n<meta property=\"og:url\" content=\"https:\/\/www.thinkingafrica.org\/V2\/thinking-africa\/experts-affilies\/\" \/>\n<meta property=\"og:site_name\" content=\"Thinking Africa\" \/>\n<meta property=\"article:modified_time\" content=\"2014-11-24T21:53:11+00:00\" \/>\n<meta property=\"og:image\" content=\"https:\/\/www.thinkingafrica.org\/V2\/wp-content\/uploads\/2020\/05\/TA-Logo-transparent.png\" \/>\n\t<meta property=\"og:image:width\" content=\"512\" \/>\n\t<meta property=\"og:image:height\" content=\"512\" \/>\n\t<meta property=\"og:image:type\" content=\"image\/png\" \/>\n<meta name=\"twitter:card\" content=\"summary_large_image\" \/>\n<meta name=\"twitter:label1\" content=\"Dur\u00e9e de lecture estim\u00e9e\" \/>\n\t<meta name=\"twitter:data1\" content=\"2 minutes\" \/>\n<script type=\"application\/ld+json\" class=\"yoast-schema-graph\">{\"@context\":\"https:\\\/\\\/schema.org\",\"@graph\":[{\"@type\":\"WebPage\",\"@id\":\"https:\\\/\\\/www.thinkingafrica.org\\\/V2\\\/thinking-africa\\\/experts-affilies\\\/\",\"url\":\"https:\\\/\\\/www.thinkingafrica.org\\\/V2\\\/thinking-africa\\\/experts-affilies\\\/\",\"name\":\"Experts affili\u00e9s - Thinking Africa\",\"isPartOf\":{\"@id\":\"https:\\\/\\\/www.thinkingafrica.org\\\/V2\\\/#website\"},\"datePublished\":\"2013-06-02T12:20:13+00:00\",\"dateModified\":\"2014-11-24T21:53:11+00:00\",\"breadcrumb\":{\"@id\":\"https:\\\/\\\/www.thinkingafrica.org\\\/V2\\\/thinking-africa\\\/experts-affilies\\\/#breadcrumb\"},\"inLanguage\":\"fr-FR\",\"potentialAction\":[{\"@type\":\"ReadAction\",\"target\":[\"https:\\\/\\\/www.thinkingafrica.org\\\/V2\\\/thinking-africa\\\/experts-affilies\\\/\"]}]},{\"@type\":\"BreadcrumbList\",\"@id\":\"https:\\\/\\\/www.thinkingafrica.org\\\/V2\\\/thinking-africa\\\/experts-affilies\\\/#breadcrumb\",\"itemListElement\":[{\"@type\":\"ListItem\",\"position\":1,\"name\":\"Accueil\",\"item\":\"https:\\\/\\\/www.thinkingafrica.org\\\/V2\\\/\"},{\"@type\":\"ListItem\",\"position\":2,\"name\":\"Thinking Africa\",\"item\":\"https:\\\/\\\/www.thinkingafrica.org\\\/V2\\\/thinking-africa\\\/\"},{\"@type\":\"ListItem\",\"position\":3,\"name\":\"Experts affili\u00e9s\"}]},{\"@type\":\"WebSite\",\"@id\":\"https:\\\/\\\/www.thinkingafrica.org\\\/V2\\\/#website\",\"url\":\"https:\\\/\\\/www.thinkingafrica.org\\\/V2\\\/\",\"name\":\"Thinking Africa\",\"description\":\"Recherche, r\u00e9flexions et ressources pour r\u00e9inventer le leadership africain\",\"potentialAction\":[{\"@type\":\"SearchAction\",\"target\":{\"@type\":\"EntryPoint\",\"urlTemplate\":\"https:\\\/\\\/www.thinkingafrica.org\\\/V2\\\/?s={search_term_string}\"},\"query-input\":{\"@type\":\"PropertyValueSpecification\",\"valueRequired\":true,\"valueName\":\"search_term_string\"}}],\"inLanguage\":\"fr-FR\"}]}<\/script>\n<!-- \/ Yoast SEO plugin. -->","yoast_head_json":{"title":"Experts affili\u00e9s - Thinking Africa","robots":{"index":"index","follow":"follow","max-snippet":"max-snippet:-1","max-image-preview":"max-image-preview:large","max-video-preview":"max-video-preview:-1"},"canonical":"https:\/\/www.thinkingafrica.org\/V2\/thinking-africa\/experts-affilies\/","og_locale":"fr_FR","og_type":"article","og_title":"Experts affili\u00e9s - Thinking Africa","og_description":"Delphine ABADIE Qualifications\/Dipl\u00f4mes: Ma\u00eetrise en \u00e9tudes internationales ; Doctorante en philosophie Expertise : Ethique des relations internationales ; histoire de la \u00ab\u00a0race\u00a0\u00bb ; aide au d\u00e9veloppement ; ressources extractives. Sp\u00e9cialisation : Afrique subsaharienne Contact : d.abadie.mugombozi@gmail.com Arthur BANGA Qualification\/dipl\u00f4mes: Docteur en histoire Expertise: Relations internationales, R\u00e9solutions de conflits, Questions militaires. Sp\u00e9cialit\u00e9: Afrique de l&rsquo;ouest, France, [&hellip;]","og_url":"https:\/\/www.thinkingafrica.org\/V2\/thinking-africa\/experts-affilies\/","og_site_name":"Thinking Africa","article_modified_time":"2014-11-24T21:53:11+00:00","og_image":[{"width":512,"height":512,"url":"https:\/\/www.thinkingafrica.org\/V2\/wp-content\/uploads\/2020\/05\/TA-Logo-transparent.png","type":"image\/png"}],"twitter_card":"summary_large_image","twitter_misc":{"Dur\u00e9e de lecture estim\u00e9e":"2 minutes"},"schema":{"@context":"https:\/\/schema.org","@graph":[{"@type":"WebPage","@id":"https:\/\/www.thinkingafrica.org\/V2\/thinking-africa\/experts-affilies\/","url":"https:\/\/www.thinkingafrica.org\/V2\/thinking-africa\/experts-affilies\/","name":"Experts affili\u00e9s - Thinking Africa","isPartOf":{"@id":"https:\/\/www.thinkingafrica.org\/V2\/#website"},"datePublished":"2013-06-02T12:20:13+00:00","dateModified":"2014-11-24T21:53:11+00:00","breadcrumb":{"@id":"https:\/\/www.thinkingafrica.org\/V2\/thinking-africa\/experts-affilies\/#breadcrumb"},"inLanguage":"fr-FR","potentialAction":[{"@type":"ReadAction","target":["https:\/\/www.thinkingafrica.org\/V2\/thinking-africa\/experts-affilies\/"]}]},{"@type":"BreadcrumbList","@id":"https:\/\/www.thinkingafrica.org\/V2\/thinking-africa\/experts-affilies\/#breadcrumb","itemListElement":[{"@type":"ListItem","position":1,"name":"Accueil","item":"https:\/\/www.thinkingafrica.org\/V2\/"},{"@type":"ListItem","position":2,"name":"Thinking Africa","item":"https:\/\/www.thinkingafrica.org\/V2\/thinking-africa\/"},{"@type":"ListItem","position":3,"name":"Experts affili\u00e9s"}]},{"@type":"WebSite","@id":"https:\/\/www.thinkingafrica.org\/V2\/#website","url":"https:\/\/www.thinkingafrica.org\/V2\/","name":"Thinking Africa","description":"Recherche, r\u00e9flexions et ressources pour r\u00e9inventer le leadership africain","potentialAction":[{"@type":"SearchAction","target":{"@type":"EntryPoint","urlTemplate":"https:\/\/www.thinkingafrica.org\/V2\/?s={search_term_string}"},"query-input":{"@type":"PropertyValueSpecification","valueRequired":true,"valueName":"search_term_string"}}],"inLanguage":"fr-FR"}]}},"_links":{"self":[{"href":"https:\/\/www.thinkingafrica.org\/V2\/wp-json\/wp\/v2\/pages\/637","targetHints":{"allow":["GET"]}}],"collection":[{"href":"https:\/\/www.thinkingafrica.org\/V2\/wp-json\/wp\/v2\/pages"}],"about":[{"href":"https:\/\/www.thinkingafrica.org\/V2\/wp-json\/wp\/v2\/types\/page"}],"author":[{"embeddable":true,"href":"https:\/\/www.thinkingafrica.org\/V2\/wp-json\/wp\/v2\/users\/1"}],"replies":[{"embeddable":true,"href":"https:\/\/www.thinkingafrica.org\/V2\/wp-json\/wp\/v2\/comments?post=637"}],"version-history":[{"count":26,"href":"https:\/\/www.thinkingafrica.org\/V2\/wp-json\/wp\/v2\/pages\/637\/revisions"}],"predecessor-version":[{"id":3483,"href":"https:\/\/www.thinkingafrica.org\/V2\/wp-json\/wp\/v2\/pages\/637\/revisions\/3483"}],"up":[{"embeddable":true,"href":"https:\/\/www.thinkingafrica.org\/V2\/wp-json\/wp\/v2\/pages\/5"}],"wp:attachment":[{"href":"https:\/\/www.thinkingafrica.org\/V2\/wp-json\/wp\/v2\/media?parent=637"}],"curies":[{"name":"wp","href":"https:\/\/api.w.org\/{rel}","templated":true}]}}