{"id":714,"date":"2013-06-06T22:58:04","date_gmt":"2013-06-06T20:58:04","guid":{"rendered":"http:\/\/www.thinkingafrica.org\/V2\/?page_id=714"},"modified":"2014-05-08T16:26:37","modified_gmt":"2014-05-08T14:26:37","slug":"faouzia-zeroualia","status":"publish","type":"page","link":"https:\/\/www.thinkingafrica.org\/V2\/thinking-africa\/experts-affilies\/faouzia-zeroualia\/","title":{"rendered":"Faouzia Zeroualia"},"content":{"rendered":"<p><strong>Faouzia Zeroualia<\/strong><\/p>\n<p><em>Qualifications\/ Dipl\u00f4mes:<\/em> Doctorante en relations internationales<br \/>\n<em>Expertise:<\/em> Relations internationales, g\u00e9opolitique, analyse des conflits apr\u00e8s la guerre froide.<br \/>\n<em>Sp\u00e9cialit\u00e9:<\/em> Afrique noire<\/p>\n<p><em>Contact:<\/em> zeraouliafaouzia@gmail.com<\/p>\n<p><strong>Faouzia Zeraoulia <\/strong>ach\u00e8ve actuellement un doctorat en relations internationales: prospectives et strat\u00e9gies de l&rsquo;Universit\u00e9 d&rsquo;Alger et le titre de sa th\u00e8se s\u2019intitule- la dimension \u00e9conomique des conflits internes apr\u00e8s la guerre froide en Afrique noire: la crise \u00e9conomique en R\u00e9publique d\u00e9mocratique du Congo (1993-2003). Il s&rsquo;agit d&rsquo;une analyse des d\u00e9s\u00e9quilibres \u00e9conomiques qui ont \u00e9t\u00e9 entra\u00een\u00e9 par les politiques de za\u00efrianisation et de la lib\u00e9ralisation criminelle du secteur de la mine (en particulier les diamants), et la politique des int\u00e9r\u00eats internationaux envers le syst\u00e8me Mobutu.<\/p>\n<p>Ses int\u00e9r\u00eats de recherche portent sur les relations internationales, la g\u00e9opolitique, l&rsquo;analyse des conflits apr\u00e8s la guerre froide. Son domaine d&rsquo;\u00e9tude de cas de l&rsquo;int\u00e9r\u00eat est surtout l&rsquo;Afrique noire. Les int\u00e9r\u00eats de recherche de Faouzia entra\u00eeneront une plus grande compr\u00e9hension des dimensions \u00e9conomiques des conflits internes tels que: le r\u00f4le des ressources naturelles, des soci\u00e9t\u00e9s multinationales, les int\u00e9r\u00eats strat\u00e9giques des puissances r\u00e9gionales et internationales &#8230;.. Son objectif est de continuer \u00e0 d\u00e9velopper ces th\u00e8mes et se fondre en un mod\u00e8le de recherche qui peuvent \u00eatre appliqu\u00e9es \u00e0 plus grande \u00e9chelle en particulier dans les pays aux prises avec des processus de conflits insolubles comme la Somalie, Congo et le Nigeria.<\/p>\n<p><strong>Publications:<\/strong><\/p>\n<p>&#8211; Faouzia Zeraoulia <em>\u201cMaritime piracy in Somalia: between the logic of War Economy and the Strategic -Humanitarian Factors, the Algerian revue for security and development\u201d <\/em>Janvier 2012, University of Batna<\/p>\n","protected":false},"excerpt":{"rendered":"<p>Faouzia Zeroualia Qualifications\/ Dipl\u00f4mes: Doctorante en relations internationales Expertise: Relations internationales, g\u00e9opolitique, analyse des conflits apr\u00e8s la guerre froide. Sp\u00e9cialit\u00e9: Afrique noire Contact: zeraouliafaouzia@gmail.com Faouzia Zeraoulia ach\u00e8ve actuellement un doctorat en relations internationales: prospectives et strat\u00e9gies de l&rsquo;Universit\u00e9 d&rsquo;Alger et le titre de sa th\u00e8se s\u2019intitule- la dimension \u00e9conomique des conflits internes apr\u00e8s la guerre [&hellip;]<\/p>\n","protected":false},"author":1,"featured_media":0,"parent":637,"menu_order":0,"comment_status":"open","ping_status":"open","template":"","meta":{"_acf_changed":false,"footnotes":""},"class_list":["post-714","page","type-page","status-publish","hentry"],"acf":[],"yoast_head":"<!-- This site is optimized with the Yoast SEO plugin v27.6 - https:\/\/yoast.com\/product\/yoast-seo-wordpress\/ -->\n<title>Faouzia Zeroualia - Thinking Africa<\/title>\n<meta name=\"robots\" content=\"index, follow, max-snippet:-1, max-image-preview:large, max-video-preview:-1\" \/>\n<link rel=\"canonical\" href=\"https:\/\/www.thinkingafrica.org\/V2\/thinking-africa\/experts-affilies\/faouzia-zeroualia\/\" \/>\n<meta property=\"og:locale\" content=\"fr_FR\" \/>\n<meta property=\"og:type\" content=\"article\" \/>\n<meta property=\"og:title\" content=\"Faouzia Zeroualia - Thinking Africa\" \/>\n<meta property=\"og:description\" content=\"Faouzia Zeroualia Qualifications\/ Dipl\u00f4mes: Doctorante en relations internationales Expertise: Relations internationales, g\u00e9opolitique, analyse des conflits apr\u00e8s la guerre froide. Sp\u00e9cialit\u00e9: Afrique noire Contact: zeraouliafaouzia@gmail.com Faouzia Zeraoulia ach\u00e8ve actuellement un doctorat en relations internationales: prospectives et strat\u00e9gies de l&rsquo;Universit\u00e9 d&rsquo;Alger et le titre de sa th\u00e8se s\u2019intitule- la dimension \u00e9conomique des conflits internes apr\u00e8s la guerre [&hellip;]\" \/>\n<meta property=\"og:url\" content=\"https:\/\/www.thinkingafrica.org\/V2\/thinking-africa\/experts-affilies\/faouzia-zeroualia\/\" \/>\n<meta property=\"og:site_name\" content=\"Thinking Africa\" \/>\n<meta property=\"article:modified_time\" content=\"2014-05-08T14:26:37+00:00\" \/>\n<meta property=\"og:image\" content=\"https:\/\/www.thinkingafrica.org\/V2\/wp-content\/uploads\/2020\/05\/TA-Logo-transparent.png\" \/>\n\t<meta property=\"og:image:width\" content=\"512\" \/>\n\t<meta property=\"og:image:height\" content=\"512\" \/>\n\t<meta property=\"og:image:type\" content=\"image\/png\" \/>\n<meta name=\"twitter:card\" content=\"summary_large_image\" \/>\n<meta name=\"twitter:label1\" content=\"Dur\u00e9e de lecture estim\u00e9e\" \/>\n\t<meta name=\"twitter:data1\" content=\"1 minute\" \/>\n<script type=\"application\/ld+json\" class=\"yoast-schema-graph\">{\"@context\":\"https:\\\/\\\/schema.org\",\"@graph\":[{\"@type\":\"WebPage\",\"@id\":\"https:\\\/\\\/www.thinkingafrica.org\\\/V2\\\/thinking-africa\\\/experts-affilies\\\/faouzia-zeroualia\\\/\",\"url\":\"https:\\\/\\\/www.thinkingafrica.org\\\/V2\\\/thinking-africa\\\/experts-affilies\\\/faouzia-zeroualia\\\/\",\"name\":\"Faouzia Zeroualia - Thinking Africa\",\"isPartOf\":{\"@id\":\"https:\\\/\\\/www.thinkingafrica.org\\\/V2\\\/#website\"},\"datePublished\":\"2013-06-06T20:58:04+00:00\",\"dateModified\":\"2014-05-08T14:26:37+00:00\",\"breadcrumb\":{\"@id\":\"https:\\\/\\\/www.thinkingafrica.org\\\/V2\\\/thinking-africa\\\/experts-affilies\\\/faouzia-zeroualia\\\/#breadcrumb\"},\"inLanguage\":\"fr-FR\",\"potentialAction\":[{\"@type\":\"ReadAction\",\"target\":[\"https:\\\/\\\/www.thinkingafrica.org\\\/V2\\\/thinking-africa\\\/experts-affilies\\\/faouzia-zeroualia\\\/\"]}]},{\"@type\":\"BreadcrumbList\",\"@id\":\"https:\\\/\\\/www.thinkingafrica.org\\\/V2\\\/thinking-africa\\\/experts-affilies\\\/faouzia-zeroualia\\\/#breadcrumb\",\"itemListElement\":[{\"@type\":\"ListItem\",\"position\":1,\"name\":\"Accueil\",\"item\":\"https:\\\/\\\/www.thinkingafrica.org\\\/V2\\\/\"},{\"@type\":\"ListItem\",\"position\":2,\"name\":\"Thinking Africa\",\"item\":\"https:\\\/\\\/www.thinkingafrica.org\\\/V2\\\/thinking-africa\\\/\"},{\"@type\":\"ListItem\",\"position\":3,\"name\":\"Experts affili\u00e9s\",\"item\":\"https:\\\/\\\/www.thinkingafrica.org\\\/V2\\\/thinking-africa\\\/experts-affilies\\\/\"},{\"@type\":\"ListItem\",\"position\":4,\"name\":\"Faouzia Zeroualia\"}]},{\"@type\":\"WebSite\",\"@id\":\"https:\\\/\\\/www.thinkingafrica.org\\\/V2\\\/#website\",\"url\":\"https:\\\/\\\/www.thinkingafrica.org\\\/V2\\\/\",\"name\":\"Thinking Africa\",\"description\":\"Recherche, r\u00e9flexions et ressources pour r\u00e9inventer le leadership africain\",\"potentialAction\":[{\"@type\":\"SearchAction\",\"target\":{\"@type\":\"EntryPoint\",\"urlTemplate\":\"https:\\\/\\\/www.thinkingafrica.org\\\/V2\\\/?s={search_term_string}\"},\"query-input\":{\"@type\":\"PropertyValueSpecification\",\"valueRequired\":true,\"valueName\":\"search_term_string\"}}],\"inLanguage\":\"fr-FR\"}]}<\/script>\n<!-- \/ Yoast SEO plugin. -->","yoast_head_json":{"title":"Faouzia Zeroualia - Thinking Africa","robots":{"index":"index","follow":"follow","max-snippet":"max-snippet:-1","max-image-preview":"max-image-preview:large","max-video-preview":"max-video-preview:-1"},"canonical":"https:\/\/www.thinkingafrica.org\/V2\/thinking-africa\/experts-affilies\/faouzia-zeroualia\/","og_locale":"fr_FR","og_type":"article","og_title":"Faouzia Zeroualia - Thinking Africa","og_description":"Faouzia Zeroualia Qualifications\/ Dipl\u00f4mes: Doctorante en relations internationales Expertise: Relations internationales, g\u00e9opolitique, analyse des conflits apr\u00e8s la guerre froide. Sp\u00e9cialit\u00e9: Afrique noire Contact: zeraouliafaouzia@gmail.com Faouzia Zeraoulia ach\u00e8ve actuellement un doctorat en relations internationales: prospectives et strat\u00e9gies de l&rsquo;Universit\u00e9 d&rsquo;Alger et le titre de sa th\u00e8se s\u2019intitule- la dimension \u00e9conomique des conflits internes apr\u00e8s la guerre [&hellip;]","og_url":"https:\/\/www.thinkingafrica.org\/V2\/thinking-africa\/experts-affilies\/faouzia-zeroualia\/","og_site_name":"Thinking Africa","article_modified_time":"2014-05-08T14:26:37+00:00","og_image":[{"width":512,"height":512,"url":"https:\/\/www.thinkingafrica.org\/V2\/wp-content\/uploads\/2020\/05\/TA-Logo-transparent.png","type":"image\/png"}],"twitter_card":"summary_large_image","twitter_misc":{"Dur\u00e9e de lecture estim\u00e9e":"1 minute"},"schema":{"@context":"https:\/\/schema.org","@graph":[{"@type":"WebPage","@id":"https:\/\/www.thinkingafrica.org\/V2\/thinking-africa\/experts-affilies\/faouzia-zeroualia\/","url":"https:\/\/www.thinkingafrica.org\/V2\/thinking-africa\/experts-affilies\/faouzia-zeroualia\/","name":"Faouzia Zeroualia - Thinking Africa","isPartOf":{"@id":"https:\/\/www.thinkingafrica.org\/V2\/#website"},"datePublished":"2013-06-06T20:58:04+00:00","dateModified":"2014-05-08T14:26:37+00:00","breadcrumb":{"@id":"https:\/\/www.thinkingafrica.org\/V2\/thinking-africa\/experts-affilies\/faouzia-zeroualia\/#breadcrumb"},"inLanguage":"fr-FR","potentialAction":[{"@type":"ReadAction","target":["https:\/\/www.thinkingafrica.org\/V2\/thinking-africa\/experts-affilies\/faouzia-zeroualia\/"]}]},{"@type":"BreadcrumbList","@id":"https:\/\/www.thinkingafrica.org\/V2\/thinking-africa\/experts-affilies\/faouzia-zeroualia\/#breadcrumb","itemListElement":[{"@type":"ListItem","position":1,"name":"Accueil","item":"https:\/\/www.thinkingafrica.org\/V2\/"},{"@type":"ListItem","position":2,"name":"Thinking Africa","item":"https:\/\/www.thinkingafrica.org\/V2\/thinking-africa\/"},{"@type":"ListItem","position":3,"name":"Experts affili\u00e9s","item":"https:\/\/www.thinkingafrica.org\/V2\/thinking-africa\/experts-affilies\/"},{"@type":"ListItem","position":4,"name":"Faouzia Zeroualia"}]},{"@type":"WebSite","@id":"https:\/\/www.thinkingafrica.org\/V2\/#website","url":"https:\/\/www.thinkingafrica.org\/V2\/","name":"Thinking Africa","description":"Recherche, r\u00e9flexions et ressources pour r\u00e9inventer le leadership africain","potentialAction":[{"@type":"SearchAction","target":{"@type":"EntryPoint","urlTemplate":"https:\/\/www.thinkingafrica.org\/V2\/?s={search_term_string}"},"query-input":{"@type":"PropertyValueSpecification","valueRequired":true,"valueName":"search_term_string"}}],"inLanguage":"fr-FR"}]}},"_links":{"self":[{"href":"https:\/\/www.thinkingafrica.org\/V2\/wp-json\/wp\/v2\/pages\/714","targetHints":{"allow":["GET"]}}],"collection":[{"href":"https:\/\/www.thinkingafrica.org\/V2\/wp-json\/wp\/v2\/pages"}],"about":[{"href":"https:\/\/www.thinkingafrica.org\/V2\/wp-json\/wp\/v2\/types\/page"}],"author":[{"embeddable":true,"href":"https:\/\/www.thinkingafrica.org\/V2\/wp-json\/wp\/v2\/users\/1"}],"replies":[{"embeddable":true,"href":"https:\/\/www.thinkingafrica.org\/V2\/wp-json\/wp\/v2\/comments?post=714"}],"version-history":[{"count":7,"href":"https:\/\/www.thinkingafrica.org\/V2\/wp-json\/wp\/v2\/pages\/714\/revisions"}],"predecessor-version":[{"id":3052,"href":"https:\/\/www.thinkingafrica.org\/V2\/wp-json\/wp\/v2\/pages\/714\/revisions\/3052"}],"up":[{"embeddable":true,"href":"https:\/\/www.thinkingafrica.org\/V2\/wp-json\/wp\/v2\/pages\/637"}],"wp:attachment":[{"href":"https:\/\/www.thinkingafrica.org\/V2\/wp-json\/wp\/v2\/media?parent=714"}],"curies":[{"name":"wp","href":"https:\/\/api.w.org\/{rel}","templated":true}]}}