{"id":7157,"date":"2020-03-16T17:05:48","date_gmt":"2020-03-16T16:05:48","guid":{"rendered":"http:\/\/www.thinkingafrica.org\/V2\/?page_id=7157"},"modified":"2021-04-07T09:53:27","modified_gmt":"2021-04-07T07:53:27","slug":"conversations-africaines","status":"publish","type":"page","link":"https:\/\/www.thinkingafrica.org\/V2\/conversations-africaines\/","title":{"rendered":"Conversations Africaines"},"content":{"rendered":"[vc_row full_width=\u00a0\u00bbstretch_row_content_no_spaces\u00a0\u00bb min_height=\u00a0\u00bb350&Prime; fullwidth=\u00a0\u00bbtrue\u00a0\u00bb padding=\u00a0\u00bb0&Prime; css=\u00a0\u00bb.vc_custom_1617781591879{padding-top: 0px !important;padding-right: 0px !important;padding-bottom: 0px !important;padding-left: 0px !important;background-image: url(https:\/\/www.thinkingafrica.org\/V2\/wp-content\/uploads\/2021\/04\/IMG_20180829_183829-scaled.jpg?id=8535) !important;background-position: center !important;background-repeat: no-repeat !important;background-size: cover !important;}\u00a0\u00bb overlay=\u00a0\u00bbrgba(216,74,58,0.71)\u00a0\u00bb][vc_column][vc_empty_space][vc_custom_heading text=\u00a0\u00bbConversations Africaines\u00a0\u00bb font_container=\u00a0\u00bbtag:h2|font_size:20px|text_align:center|color:%23ffffff\u00a0\u00bb text_transform=\u00a0\u00bbcesis_text_transform_uppercase\u00a0\u00bb use_theme_fonts=\u00a0\u00bbyes\u00a0\u00bb][vc_column_text css=\u00a0\u00bb.vc_custom_1617781982455{margin-bottom: 0px !important;}\u00a0\u00bb]\n<h5 style=\"text-align: center;\"><span style=\"color: #ffffff;\">Sur la paix, la d\u00e9mocratie et le panafricanisme.<\/span><\/h5>\n[\/vc_column_text][\/vc_column][\/vc_row][vc_row full_width=\u00a0\u00bbstretch_row_content\u00a0\u00bb fullwidth=\u00a0\u00bbtrue\u00a0\u00bb css=\u00a0\u00bb.vc_custom_1617748134656{background-color: #d84a3a !important;}\u00a0\u00bb][vc_column width=\u00a0\u00bb1\/12&Prime;][\/vc_column][vc_column width=\u00a0\u00bb10\/12&Prime;][vc_empty_space height=\u00a0\u00bb15px\u00a0\u00bb][vc_column_text css=\u00a0\u00bb.vc_custom_1617781998291{margin-bottom: 0px !important;}\u00a0\u00bb]\n<h5><span style=\"color: #f2825d;\">L\u2019ambition de ce livre, Conversations africaines, qui r\u00e9unit donc une s\u00e9lection \u00e9ditorialis\u00e9e des entretiens de Thinking Africa TV, est de partager, avec le plus grand nombre, les id\u00e9es produites et expos\u00e9es par des penseurs africains mais aussi de susciter et entretenir le d\u00e9bat sur le devenir du continent et de ses citoyens.<\/span><\/h5>\n[\/vc_column_text][vc_empty_space height=\u00a0\u00bb20px\u00a0\u00bb][\/vc_column][vc_column width=\u00a0\u00bb1\/12&Prime;][\/vc_column][\/vc_row][vc_row full_width=\u00a0\u00bbstretch_row_content\u00a0\u00bb][vc_column][vc_separator color=\u00a0\u00bbcustom\u00a0\u00bb style=\u00a0\u00bbdotted\u00a0\u00bb accent_color=\u00a0\u00bb#d84a3a\u00a0\u00bb][\/vc_column][\/vc_row][vc_row full_width=\u00a0\u00bbstretch_row\u00a0\u00bb][vc_column width=\u00a0\u00bb1\/2&Prime;][vc_single_image image=\u00a0\u00bb8531&Prime; img_size=\u00a0\u00bblarge\u00a0\u00bb][\/vc_column][vc_column width=\u00a0\u00bb1\/2&Prime;][vc_column_text]Jean-Fran\u00e7ois Akandji-Komb\u00e9, Francis Akind\u00e8s, Mamadou Badji, Fadel Barro, Sa\u00efd Bouamama, Amzat Boukari-Yabara, Fabien Eboussi Boulaga, Souleymane Bachir Diagne, Assitan Diallo, Jos\u00e9 Do-Nascimento, El Hadj Guisse, Pascal Kambale, S\u00e9verin Yao Kouame, Patrick Mbeko, Achille Mbembe, Symphorien Ongolo, Albert Ouedraogo, Felwine Sarr, Mahamad\u00e9 Savadogo, Ibrahima Thioub.<\/p>\n<p>Ils sont universitaires, \u00e9crivains, philosophes, artistes, activistes ou autres. Ils sont avant tout Africains. Chacun de leurs entretiens, r\u00e9alis\u00e9 par le think-tank Thinking Africa, associe expertises et perspectives africaines d\u2019une part, et \u00e9claire nos perceptions, compr\u00e9hensions et actions sur les enjeux n\u00e9vralgiques de l\u2019Afrique, d\u2019autre part.<\/p>\n<p>Soci\u00e9t\u00e9s, cultures et identit\u00e9s; Conflits, droits et justice ; Jeunesse, mouvements citoyens &amp; renouveau d\u00e9mocratique ; G\u00e9opolitique, strat\u00e9gies et diplomaties \u00e9conomiques ; Prospectives, id\u00e9es et panafricanisme : Plus qu\u2019un livre d\u2019entretiens, Conversations Africaines est un forum du savoir africain contemporain. Pour mieux agir sur notre devenir individuel et collectif.<\/p>\n<p><strong>Sortie: Mars 2020<\/strong>[\/vc_column_text][\/vc_column][\/vc_row][vc_row full_width=\u00a0\u00bbstretch_row_content\u00a0\u00bb][vc_column][vc_separator color=\u00a0\u00bbcustom\u00a0\u00bb style=\u00a0\u00bbdotted\u00a0\u00bb accent_color=\u00a0\u00bb#d84a3a\u00a0\u00bb][\/vc_column][\/vc_row][vc_row full_width=\u00a0\u00bbstretch_row_content\u00a0\u00bb][vc_column width=\u00a0\u00bb1\/3&Prime;][vc_column_text css=\u00a0\u00bb.vc_custom_1585492943631{margin-bottom: 0px !important;}\u00a0\u00bb]\n<div id=\"bodShopWidget_02984423_print\" class=\"bodShopWidget\"><\/div>\n<p><script type=\"text\/javascript\">if(typeof checkLibExist == \"undefined\"){var script = document.createElement(\"script\");script.src =\"\/\/www.bod.de\/public\/js\/bod\/shopWidget.min.js?123\";script.type = \"text\/javascript\";document.head.appendChild(script);var checkLibExist = true;} if(typeof books === \"undefined\") var books=[];books.push({\"objID\":\"02984423\",\"swKey\":\"378911535102986252e05b657f6e810a\",\"type\":\"print\",\"size\":\"large\",\"font\":\"nonSerif\",\"shadow\":true,\"contour\":true,\"coverContour\":true,\"fontColor\":\"#000000\",\"contourColor\":\"#000000\",\"shadowBtn\":true,\"contourBtn\":false,\"bgColor\":\"#ffffff\",\"btnFontColor\":\"#ffffff\",\"btnColor\":\"#e84e0f\",\"btnContourColor\":\"#e84e0f\",\"shop\":\"\",\"bookSampleLinkText\":\"Lire un extrait\",\"descriptionTitle\":\"Description\",\"mandantShopUrl\":\"https:\/\/www.bod.fr\/librairie\",\"btnText\":\"VERS LA LIBRAIRIE BoD\",\"errMsg1Obj\":\"Ce titre n'est malheureusement<br \/> plus disponible.\",\"errMsg2Obj\":\"D\u00e9couvrez d'autres livres qui pourraient vous int\u00e9resser !\",\"errMsg1Server\":\"Ce titre est actuellement indisponible.\",\"errMsg2Server\":\"Veuillez r\u00e9essayer plus tard.\",\"errMsg3Server\":\"TITRE ACTUELLEMENT INDISPONIBLE\"});<\/script>[\/vc_column_text][\/vc_column][vc_column width=\u00a0\u00bb1\/3&Prime;][vc_column_text css=\u00a0\u00bb.vc_custom_1585493054728{margin-bottom: 0px !important;}\u00a0\u00bb]\n<p><strong>Cr\u00e9dits<\/strong><\/p>\n<p>Auteur: Collectif (Thinking Africa)<\/p>\n<p>Editeur: Congo Lobi Lelo<\/p>\n<p>Conception &amp; r\u00e9alisation: Congo Lobi Lelo<\/p>\n<p>Photo (couverture): Cedric Luzolo<\/p>\n<p>&#8212;&#8212;<\/p>\n<p><strong>El\u00e9ments techniques<\/strong><\/p>\n<p>ISBN : 978-2-9557266-5-5 (version papier), 978-2-9565630-4-4 (version num\u00e9rique)<\/p>\n<p>Dimensions : 155*220 mm<\/p>\n<p>Nombre de pages : 224 pages<\/p>\n<p>Prix : 17 euros (version papier), 9,99 euros (version num\u00e9rique)<\/p>\n<p>&#8212;&#8212;<\/p>\n<p><strong>Points de vente<\/strong><\/p>\n<p>&#8211; <a href=\"https:\/\/www.amazon.fr\/Conversations-Africaines-paix-d%C3%A9mocratie-panafricanisme-ebook\/dp\/B085VSK6W3\/\" target=\"_blank\" rel=\"noopener noreferrer\">Amazon (versions papier et num\u00e9rique)<\/a><\/p>\n<p>&#8211; <a href=\"https:\/\/www.barnesandnoble.com\/w\/conversations-africaines-collectif-thinking-africa\/1136604044?ean=9782955726655\" target=\"_blank\" rel=\"noopener noreferrer\">Barnes &amp; Noble (versions papier et num\u00e9rique)<\/a><\/p>\n<p>&#8211; <a href=\"https:\/\/www.fnac.com\/livre-numerique\/a14621058\/Collectif-Thinking-Africa-Conversations-Africaines\" target=\"_blank\" rel=\"noopener noreferrer\">FNAC (versions papier et num\u00e9rique)<\/a><\/p>\n<p>&#8211; <a href=\"#\" target=\"_blank\" rel=\"noopener noreferrer\">Filigranes (version papier) <\/a><\/p>\n<p>&#8211; <a href=\"https:\/\/www.chapitre.com\/BOOK\/thinking-africa-c\/conversations-africaines-sur-la-paix-la-democratie-et-le-panafricanisme,81032726.aspx\" target=\"_blank\" rel=\"noopener noreferrer\">Chapitre.com (version papier)<\/a><\/p>\n<p>Le livre est \u00e9galement disponible sur iBooks.<\/p>\n[\/vc_column_text][\/vc_column][vc_column width=\u00a0\u00bb1\/3&Prime;][vc_column_text css=\u00a0\u00bb.vc_custom_1585492975597{margin-bottom: 0px !important;}\u00a0\u00bb]\n<div id=\"bodShopWidget_02984423_ebook\" class=\"bodShopWidget\"><\/div>\n<p><script type=\"text\/javascript\">if(typeof checkLibExist == \"undefined\"){var script = document.createElement(\"script\");script.src =\"\/\/www.bod.de\/public\/js\/bod\/shopWidget.min.js?123\";script.type = \"text\/javascript\";document.head.appendChild(script);var checkLibExist = true;} if(typeof books === \"undefined\") var books=[];books.push({\"objID\":\"02984423\",\"swKey\":\"378911535102986252e05b657f6e810a\",\"type\":\"ebook\",\"size\":\"large\",\"font\":\"nonSerif\",\"shadow\":true,\"contour\":true,\"coverContour\":true,\"fontColor\":\"#000000\",\"contourColor\":\"#000000\",\"shadowBtn\":true,\"contourBtn\":false,\"bgColor\":\"#ffffff\",\"btnFontColor\":\"#ffffff\",\"btnColor\":\"#e84e0f\",\"btnContourColor\":\"#e84e0f\",\"shop\":\"\",\"bookSampleLinkText\":\"Lire un extrait\",\"descriptionTitle\":\"Description\",\"mandantShopUrl\":\"https:\/\/www.bod.fr\/librairie\",\"btnText\":\"VERS LA LIBRAIRIE BoD\",\"errMsg1Obj\":\"Ce titre n'est malheureusement<br \/> plus disponible.\",\"errMsg2Obj\":\"D\u00e9couvrez d'autres livres qui pourraient vous int\u00e9resser !\",\"errMsg1Server\":\"Ce titre est actuellement indisponible.\",\"errMsg2Server\":\"Veuillez r\u00e9essayer plus tard.\",\"errMsg3Server\":\"TITRE ACTUELLEMENT INDISPONIBLE\"});<\/script>[\/vc_column_text][\/vc_column][\/vc_row][vc_row][vc_column][vc_empty_space][\/vc_column][\/vc_row]\n","protected":false},"excerpt":{"rendered":"<p>[vc_row full_width=\u00a0\u00bbstretch_row_content_no_spaces\u00a0\u00bb min_height=\u00a0\u00bb350&Prime; fullwidth=\u00a0\u00bbtrue\u00a0\u00bb padding=\u00a0\u00bb0&Prime; css=\u00a0\u00bb.vc_custom_1617781591879{padding-top: 0px !important;padding-right: 0px !important;padding-bottom: 0px !important;padding-left: 0px !important;background-image: url(https:\/\/www.thinkingafrica.org\/V2\/wp-content\/uploads\/2021\/04\/IMG_20180829_183829-scaled.jpg?id=8535) !important;background-position: center !important;background-repeat: no-repeat !important;background-size: cover !important;}\u00a0\u00bb overlay=\u00a0\u00bbrgba(216,74,58,0.71)\u00a0\u00bb][vc_column][vc_empty_space][vc_custom_heading text=\u00a0\u00bbConversations Africaines\u00a0\u00bb font_container=\u00a0\u00bbtag:h2|font_size:20px|text_align:center|color:%23ffffff\u00a0\u00bb text_transform=\u00a0\u00bbcesis_text_transform_uppercase\u00a0\u00bb use_theme_fonts=\u00a0\u00bbyes\u00a0\u00bb][vc_column_text css=\u00a0\u00bb.vc_custom_1617781982455{margin-bottom: 0px !important;}\u00a0\u00bb] Sur la paix, la d\u00e9mocratie et le panafricanisme. [\/vc_column_text][\/vc_column][\/vc_row][vc_row full_width=\u00a0\u00bbstretch_row_content\u00a0\u00bb fullwidth=\u00a0\u00bbtrue\u00a0\u00bb css=\u00a0\u00bb.vc_custom_1617748134656{background-color: #d84a3a !important;}\u00a0\u00bb][vc_column width=\u00a0\u00bb1\/12&Prime;][\/vc_column][vc_column width=\u00a0\u00bb10\/12&Prime;][vc_empty_space height=\u00a0\u00bb15px\u00a0\u00bb][vc_column_text css=\u00a0\u00bb.vc_custom_1617781998291{margin-bottom: 0px !important;}\u00a0\u00bb] L\u2019ambition de ce livre, [&hellip;]<\/p>\n","protected":false},"author":1,"featured_media":0,"parent":0,"menu_order":0,"comment_status":"closed","ping_status":"closed","template":"","meta":{"footnotes":""},"class_list":["post-7157","page","type-page","status-publish","hentry"],"yoast_head":"<!-- This site is optimized with the Yoast SEO plugin v27.4 - https:\/\/yoast.com\/product\/yoast-seo-wordpress\/ -->\n<title>Conversations Africaines - Thinking Africa<\/title>\n<meta name=\"robots\" content=\"index, follow, max-snippet:-1, max-image-preview:large, max-video-preview:-1\" \/>\n<link rel=\"canonical\" href=\"https:\/\/www.thinkingafrica.org\/V2\/conversations-africaines\/\" \/>\n<meta property=\"og:locale\" content=\"fr_FR\" \/>\n<meta property=\"og:type\" content=\"article\" \/>\n<meta property=\"og:title\" content=\"Conversations Africaines - Thinking Africa\" \/>\n<meta property=\"og:description\" content=\"[vc_row full_width=\u00a0\u00bbstretch_row_content_no_spaces\u00a0\u00bb min_height=\u00a0\u00bb350&Prime; fullwidth=\u00a0\u00bbtrue\u00a0\u00bb padding=\u00a0\u00bb0&Prime; css=\u00a0\u00bb.vc_custom_1617781591879{padding-top: 0px !important;padding-right: 0px !important;padding-bottom: 0px !important;padding-left: 0px !important;background-image: url(https:\/\/www.thinkingafrica.org\/V2\/wp-content\/uploads\/2021\/04\/IMG_20180829_183829-scaled.jpg?id=8535) !important;background-position: center !important;background-repeat: no-repeat !important;background-size: cover !important;}\u00a0\u00bb overlay=\u00a0\u00bbrgba(216,74,58,0.71)\u00a0\u00bb][vc_column][vc_empty_space][vc_custom_heading text=\u00a0\u00bbConversations Africaines\u00a0\u00bb font_container=\u00a0\u00bbtag:h2|font_size:20px|text_align:center|color:%23ffffff\u00a0\u00bb text_transform=\u00a0\u00bbcesis_text_transform_uppercase\u00a0\u00bb use_theme_fonts=\u00a0\u00bbyes\u00a0\u00bb][vc_column_text css=\u00a0\u00bb.vc_custom_1617781982455{margin-bottom: 0px !important;}\u00a0\u00bb] Sur la paix, la d\u00e9mocratie et le panafricanisme. [\/vc_column_text][\/vc_column][\/vc_row][vc_row full_width=\u00a0\u00bbstretch_row_content\u00a0\u00bb fullwidth=\u00a0\u00bbtrue\u00a0\u00bb css=\u00a0\u00bb.vc_custom_1617748134656{background-color: #d84a3a !important;}\u00a0\u00bb][vc_column width=\u00a0\u00bb1\/12&Prime;][\/vc_column][vc_column width=\u00a0\u00bb10\/12&Prime;][vc_empty_space height=\u00a0\u00bb15px\u00a0\u00bb][vc_column_text css=\u00a0\u00bb.vc_custom_1617781998291{margin-bottom: 0px !important;}\u00a0\u00bb] L\u2019ambition de ce livre, [&hellip;]\" \/>\n<meta property=\"og:url\" content=\"https:\/\/www.thinkingafrica.org\/V2\/conversations-africaines\/\" \/>\n<meta property=\"og:site_name\" content=\"Thinking Africa\" \/>\n<meta property=\"article:modified_time\" content=\"2021-04-07T07:53:27+00:00\" \/>\n<meta property=\"og:image\" content=\"https:\/\/www.thinkingafrica.org\/V2\/wp-content\/uploads\/2020\/05\/TA-Logo-transparent.png\" \/>\n\t<meta property=\"og:image:width\" content=\"512\" \/>\n\t<meta property=\"og:image:height\" content=\"512\" \/>\n\t<meta property=\"og:image:type\" content=\"image\/png\" \/>\n<meta name=\"twitter:card\" content=\"summary_large_image\" \/>\n<meta name=\"twitter:label1\" content=\"Dur\u00e9e de lecture estim\u00e9e\" \/>\n\t<meta name=\"twitter:data1\" content=\"3 minutes\" \/>\n<script type=\"application\/ld+json\" class=\"yoast-schema-graph\">{\"@context\":\"https:\\\/\\\/schema.org\",\"@graph\":[{\"@type\":\"WebPage\",\"@id\":\"https:\\\/\\\/www.thinkingafrica.org\\\/V2\\\/conversations-africaines\\\/\",\"url\":\"https:\\\/\\\/www.thinkingafrica.org\\\/V2\\\/conversations-africaines\\\/\",\"name\":\"Conversations Africaines - Thinking Africa\",\"isPartOf\":{\"@id\":\"https:\\\/\\\/www.thinkingafrica.org\\\/V2\\\/#website\"},\"datePublished\":\"2020-03-16T16:05:48+00:00\",\"dateModified\":\"2021-04-07T07:53:27+00:00\",\"breadcrumb\":{\"@id\":\"https:\\\/\\\/www.thinkingafrica.org\\\/V2\\\/conversations-africaines\\\/#breadcrumb\"},\"inLanguage\":\"fr-FR\",\"potentialAction\":[{\"@type\":\"ReadAction\",\"target\":[\"https:\\\/\\\/www.thinkingafrica.org\\\/V2\\\/conversations-africaines\\\/\"]}]},{\"@type\":\"BreadcrumbList\",\"@id\":\"https:\\\/\\\/www.thinkingafrica.org\\\/V2\\\/conversations-africaines\\\/#breadcrumb\",\"itemListElement\":[{\"@type\":\"ListItem\",\"position\":1,\"name\":\"Accueil\",\"item\":\"https:\\\/\\\/www.thinkingafrica.org\\\/V2\\\/\"},{\"@type\":\"ListItem\",\"position\":2,\"name\":\"Conversations Africaines\"}]},{\"@type\":\"WebSite\",\"@id\":\"https:\\\/\\\/www.thinkingafrica.org\\\/V2\\\/#website\",\"url\":\"https:\\\/\\\/www.thinkingafrica.org\\\/V2\\\/\",\"name\":\"Thinking Africa\",\"description\":\"Recherche, r\u00e9flexions et ressources pour r\u00e9inventer le leadership africain\",\"potentialAction\":[{\"@type\":\"SearchAction\",\"target\":{\"@type\":\"EntryPoint\",\"urlTemplate\":\"https:\\\/\\\/www.thinkingafrica.org\\\/V2\\\/?s={search_term_string}\"},\"query-input\":{\"@type\":\"PropertyValueSpecification\",\"valueRequired\":true,\"valueName\":\"search_term_string\"}}],\"inLanguage\":\"fr-FR\"}]}<\/script>\n<!-- \/ Yoast SEO plugin. -->","yoast_head_json":{"title":"Conversations Africaines - Thinking Africa","robots":{"index":"index","follow":"follow","max-snippet":"max-snippet:-1","max-image-preview":"max-image-preview:large","max-video-preview":"max-video-preview:-1"},"canonical":"https:\/\/www.thinkingafrica.org\/V2\/conversations-africaines\/","og_locale":"fr_FR","og_type":"article","og_title":"Conversations Africaines - Thinking Africa","og_description":"[vc_row full_width=\u00a0\u00bbstretch_row_content_no_spaces\u00a0\u00bb min_height=\u00a0\u00bb350&Prime; fullwidth=\u00a0\u00bbtrue\u00a0\u00bb padding=\u00a0\u00bb0&Prime; css=\u00a0\u00bb.vc_custom_1617781591879{padding-top: 0px !important;padding-right: 0px !important;padding-bottom: 0px !important;padding-left: 0px !important;background-image: url(https:\/\/www.thinkingafrica.org\/V2\/wp-content\/uploads\/2021\/04\/IMG_20180829_183829-scaled.jpg?id=8535) !important;background-position: center !important;background-repeat: no-repeat !important;background-size: cover !important;}\u00a0\u00bb overlay=\u00a0\u00bbrgba(216,74,58,0.71)\u00a0\u00bb][vc_column][vc_empty_space][vc_custom_heading text=\u00a0\u00bbConversations Africaines\u00a0\u00bb font_container=\u00a0\u00bbtag:h2|font_size:20px|text_align:center|color:%23ffffff\u00a0\u00bb text_transform=\u00a0\u00bbcesis_text_transform_uppercase\u00a0\u00bb use_theme_fonts=\u00a0\u00bbyes\u00a0\u00bb][vc_column_text css=\u00a0\u00bb.vc_custom_1617781982455{margin-bottom: 0px !important;}\u00a0\u00bb] Sur la paix, la d\u00e9mocratie et le panafricanisme. [\/vc_column_text][\/vc_column][\/vc_row][vc_row full_width=\u00a0\u00bbstretch_row_content\u00a0\u00bb fullwidth=\u00a0\u00bbtrue\u00a0\u00bb css=\u00a0\u00bb.vc_custom_1617748134656{background-color: #d84a3a !important;}\u00a0\u00bb][vc_column width=\u00a0\u00bb1\/12&Prime;][\/vc_column][vc_column width=\u00a0\u00bb10\/12&Prime;][vc_empty_space height=\u00a0\u00bb15px\u00a0\u00bb][vc_column_text css=\u00a0\u00bb.vc_custom_1617781998291{margin-bottom: 0px !important;}\u00a0\u00bb] L\u2019ambition de ce livre, [&hellip;]","og_url":"https:\/\/www.thinkingafrica.org\/V2\/conversations-africaines\/","og_site_name":"Thinking Africa","article_modified_time":"2021-04-07T07:53:27+00:00","og_image":[{"width":512,"height":512,"url":"https:\/\/www.thinkingafrica.org\/V2\/wp-content\/uploads\/2020\/05\/TA-Logo-transparent.png","type":"image\/png"}],"twitter_card":"summary_large_image","twitter_misc":{"Dur\u00e9e de lecture estim\u00e9e":"3 minutes"},"schema":{"@context":"https:\/\/schema.org","@graph":[{"@type":"WebPage","@id":"https:\/\/www.thinkingafrica.org\/V2\/conversations-africaines\/","url":"https:\/\/www.thinkingafrica.org\/V2\/conversations-africaines\/","name":"Conversations Africaines - Thinking Africa","isPartOf":{"@id":"https:\/\/www.thinkingafrica.org\/V2\/#website"},"datePublished":"2020-03-16T16:05:48+00:00","dateModified":"2021-04-07T07:53:27+00:00","breadcrumb":{"@id":"https:\/\/www.thinkingafrica.org\/V2\/conversations-africaines\/#breadcrumb"},"inLanguage":"fr-FR","potentialAction":[{"@type":"ReadAction","target":["https:\/\/www.thinkingafrica.org\/V2\/conversations-africaines\/"]}]},{"@type":"BreadcrumbList","@id":"https:\/\/www.thinkingafrica.org\/V2\/conversations-africaines\/#breadcrumb","itemListElement":[{"@type":"ListItem","position":1,"name":"Accueil","item":"https:\/\/www.thinkingafrica.org\/V2\/"},{"@type":"ListItem","position":2,"name":"Conversations Africaines"}]},{"@type":"WebSite","@id":"https:\/\/www.thinkingafrica.org\/V2\/#website","url":"https:\/\/www.thinkingafrica.org\/V2\/","name":"Thinking Africa","description":"Recherche, r\u00e9flexions et ressources pour r\u00e9inventer le leadership africain","potentialAction":[{"@type":"SearchAction","target":{"@type":"EntryPoint","urlTemplate":"https:\/\/www.thinkingafrica.org\/V2\/?s={search_term_string}"},"query-input":{"@type":"PropertyValueSpecification","valueRequired":true,"valueName":"search_term_string"}}],"inLanguage":"fr-FR"}]}},"_links":{"self":[{"href":"https:\/\/www.thinkingafrica.org\/V2\/wp-json\/wp\/v2\/pages\/7157","targetHints":{"allow":["GET"]}}],"collection":[{"href":"https:\/\/www.thinkingafrica.org\/V2\/wp-json\/wp\/v2\/pages"}],"about":[{"href":"https:\/\/www.thinkingafrica.org\/V2\/wp-json\/wp\/v2\/types\/page"}],"author":[{"embeddable":true,"href":"https:\/\/www.thinkingafrica.org\/V2\/wp-json\/wp\/v2\/users\/1"}],"replies":[{"embeddable":true,"href":"https:\/\/www.thinkingafrica.org\/V2\/wp-json\/wp\/v2\/comments?post=7157"}],"version-history":[{"count":17,"href":"https:\/\/www.thinkingafrica.org\/V2\/wp-json\/wp\/v2\/pages\/7157\/revisions"}],"predecessor-version":[{"id":8540,"href":"https:\/\/www.thinkingafrica.org\/V2\/wp-json\/wp\/v2\/pages\/7157\/revisions\/8540"}],"wp:attachment":[{"href":"https:\/\/www.thinkingafrica.org\/V2\/wp-json\/wp\/v2\/media?parent=7157"}],"curies":[{"name":"wp","href":"https:\/\/api.w.org\/{rel}","templated":true}]}}