{"id":726,"date":"2013-06-06T23:22:10","date_gmt":"2013-06-06T21:22:10","guid":{"rendered":"http:\/\/www.thinkingafrica.org\/V2\/?page_id=726"},"modified":"2014-10-11T02:02:27","modified_gmt":"2014-10-11T00:02:27","slug":"alphonse-zozime-tamekamta","status":"publish","type":"page","link":"https:\/\/www.thinkingafrica.org\/V2\/thinking-africa\/equipe-de-recherche\/alphonse-zozime-tamekamta\/","title":{"rendered":"Alphonse Zozime Tamekamta"},"content":{"rendered":"<p><strong>Alphonse Zozime Tamekamta<\/strong><\/p>\n<p><em>Qualification\/dipl\u00f4mes:<\/em> DIPES I &amp; II en Histoire, \u00c9tudes de Ma\u00eetrise en Science politique, DEA en Histoire des relations internationales, Doctorant terminal<br \/>\n<em>Expertise:<\/em> Conflits, s\u00e9curit\u00e9, int\u00e9gration, gouvernance et d\u00e9veloppement en Afrique<br \/>\n<em>Sp\u00e9cialit\u00e9:<\/em> Afrique centrale (CEMAC)<\/p>\n<p><em>Contact:<\/em> tzozime@yahoo.fr<\/p>\n<p><strong>Alphonse Zozime Tamekamta <\/strong>enseigne l\u2019histoire dans un lyc\u00e9e de Yaound\u00e9 (Cameroun). Chercheur-associ\u00e9 au GRIP (Bruxelles) et \u00e0 la FPAE (Yaound\u00e9), il est membre expert au ROP (Montr\u00e9al) et attend, depuis plusieurs ann\u00e9es, de soutenir la th\u00e8se pour le Doctorat en Histoire des relations internationales intitul\u00e9e : <em>\u00ab\u00a0Les fondements \u00e9conomiques et culturels des crises sociopolitiques en zone CEMAC (1960-2010)\u00a0\u00bb<\/em> \u00e0 l\u2019Universit\u00e9 de Yaound\u00e9 I.<\/p>\n<p><strong>Publications:<\/strong><\/p>\n<p>-A. Z. Tamekamta, \u00ab\u00a0L\u2019Afrique centrale \u00e9clat\u00e9e : analyse historique du cinquantenaire de construction inachev\u00e9e de l\u2019unit\u00e9 nationale au Tchad et au Cameroun (1960-2010)\u00a0\u00bb, <em>Enjeux<\/em>, no 41, d\u00e9cembre 2009, pp.73-79.<\/p>\n<p>-A. Z. Tamekamta, \u00ab\u00a0Les fronti\u00e8res du Septentrion (Cameroun). Valeurs marchande, identitaire et in-s\u00e9curitaire au c\u0153ur de la CEMAC\u00a0\u00bb, Communication au colloque international sur le th\u00e8me <em>Le Cameroun septentrional contemporain : figures, configuration et reconfiguration d\u2019une r\u00e9gion mutante<\/em>, Universit\u00e9 de Yaound\u00e9 I, 29-30 juin 2012.<\/p>\n<p>-A. Z. Tamekamta, \u00ab\u00a0Conflits dans la zone CEMAC, entre ruptures et continuit\u00e9s\u00a0\u00bb, expos\u00e9 au s\u00e9minaire international organis\u00e9 par le GRIP et la FPAE sur le th\u00e8me \u00ab Armes l\u00e9g\u00e8res et de petit calibre, conflits et paix en Afrique centrale \u00bb, Yaound\u00e9, 24-26 octobre 2012.<\/p>\n<p>-A. Z. Tamekamta, \u00ab\u00a0Le Septentrion (Cameroun) dans la g\u00e9opolitique nationale et sous-r\u00e9gionale : Des solidarit\u00e9s transfrontali\u00e8res au co-d\u00e9veloppement local\u00a0\u00bb, Communication au colloque international sur le th\u00e8me \u00ab Enjeux et perspectives techniques, \u00e9conomiques et sociales des r\u00e9gions septentrionales du Cameroun \u00e0 l\u2019horizon 2035 \u00bb, Universit\u00e9 de Maroua, 12-14 d\u00e9cembre 2012.<\/p>\n<p>-A. Z. Tamekamta, \u00ab\u00a0Gouvernance, rebellions arm\u00e9es et d\u00e9ficit s\u00e9curitaire en RCA : Comprendre les crises centrafricaines (2003-2013)\u00a0\u00bb, Note d\u2019analyses du GRIP, 22 f\u00e9vrier 2013, consultable sur http\/www.grip.org\/fr\/node\/821.<\/p>\n<p>-A. Z. Tamekamta, \u00ab\u00a0Centrafrique : De l\u2019\u00c9tat fant\u00f4me \u00e0 l\u2019\u00c9tat-canon\u00a0\u00bb, Br\u00e8ve du GRIP, 26 mars 2013, consultable sur http\/www.grip.org.<\/p>\n<p>-A. Z. Tamekamta, \u00ab\u00a0L\u2019Afrique centrale francophone : Entre appropriation de l\u2019histoire et constructions des nations\u00a0\u00bb, Note d\u2019Analyses Politiques de Thinking Africa (Abidjan), 1er juillet 2013, consultable sur http\/www.thinkingafrica.org.<\/p>\n<p>-A. Z. Tamekamta, \u00ab\u00a0RCA: Djotodjia et la S\u00e9l\u00e9ka, six mois apr\u00e8s\u00a0\u00bb, Br\u00e8ve du GRIP (Bruxelles), 24 septembre 2013, consultable sur http\/www.grip.org.<\/p>\n<p>-A. Z. Tamekamta, \u00ab\u00a0De retour de l\u2019eldorado : la dialectique historique entre errance de l\u2019identit\u00e9 du migrant, construction de l\u2019alt\u00e9rit\u00e9 et avenant d\u00e9veloppementaliste\u00a0\u00bb, Communication au colloque international sur le th\u00e8me Comment questionner les liens migrations et d\u00e9veloppement dans les Afriques du Centre et de l\u2019Ouest ?,, Universit\u00e9 de Dschang, 6-7-8-9 novembre 2013.<\/p>\n<p>-A. Z. Tamekamta, \u00ab\u00a0Centrafrique : pourquoi en est-on arriv\u00e9 l\u00e0 et quelle paix au-del\u00e0 de Djotodjia et de la MISCA ?\u00a0\u00bb, Note d\u2019Analyses Politiques, n0 14, Thinking Africa (Abidjan), 23 janvier 2014, consultable sur http\/www.thinkingafrica.org.<\/p>\n<p>-A. Z. Tamekamta, \u00ab\u00a0Arm\u00e9e camerounaise et occurrences s\u00e9curitaires en Afrique centrale post-guerre froide\u00a0\u00bb, Communication au 1er colloque national d\u2019histoire militaire sur le th\u00e8me Le Cameroun et la grande guerre, Douala, 5-8 ao\u00fbt 2014.<br \/>\n-A. Z. Tamekamta, <em>Le Cameroun \u00e0 l\u2019UDEAC. Bilan et perspectives d\u2019une gestion administrative contest\u00e9e \u00e0 l\u2019\u00e8re du Renouveau<\/em>, Paris, L\u2019Harmattan, 2011, 244 pages.<\/p>\n<p>-A. Z. Tamekamta, E. W. Fofack (dir.), <em>Les urgences africaines. R\u00e9\u00e9crire l\u2019histoire, r\u00e9inventer l\u2019\u00c9tat, Paris<\/em>, L\u2019Harmattan, 2012, 216 pages.<\/p>\n<p>-A. Z. Tamekamta (dir.), Propos sur l\u2019Afrique : <em>Regards crois\u00e9s des jeunes sur le d\u00e9veloppement utilitaire du continent au XXIe si\u00e8cle<\/em>, Paris, L\u2019Harmattan, 2013, 262 pages.<\/p>\n<p>-A. Z. Tamekamta, (dir.), <em>L\u2019illusion d\u00e9mographique : La natalit\u00e9 africaine entre fatalisme et optimisme<\/em>, Paris, L\u2019Harmattan, 2013, 131 pages.<\/p>\n<p>-A. Z. Tamekamta et J. Koufan Menk\u00e9n\u00e9 (dir.), <em>L\u2019urgence d\u2019une r\u00e9volution agricole au Cameroun<\/em>, Paris, L\u2019Harmattan, 2013, 257 pages.<\/p>\n<p>-A. Z. Tamekamta, <em>Adieu mon canari dor\u00e9<\/em> (Recueil de po\u00e8mes), Saint Denis, Edilivre, 2014, 170 pages.<\/p>\n","protected":false},"excerpt":{"rendered":"<p>Alphonse Zozime Tamekamta Qualification\/dipl\u00f4mes: DIPES I &amp; II en Histoire, \u00c9tudes de Ma\u00eetrise en Science politique, DEA en Histoire des relations internationales, Doctorant terminal Expertise: Conflits, s\u00e9curit\u00e9, int\u00e9gration, gouvernance et d\u00e9veloppement en Afrique Sp\u00e9cialit\u00e9: Afrique centrale (CEMAC) Contact: tzozime@yahoo.fr Alphonse Zozime Tamekamta enseigne l\u2019histoire dans un lyc\u00e9e de Yaound\u00e9 (Cameroun). Chercheur-associ\u00e9 au GRIP (Bruxelles) et [&hellip;]<\/p>\n","protected":false},"author":1,"featured_media":0,"parent":13,"menu_order":0,"comment_status":"open","ping_status":"open","template":"","meta":{"footnotes":""},"class_list":["post-726","page","type-page","status-publish","hentry"],"yoast_head":"<!-- This site is optimized with the Yoast SEO plugin v27.4 - https:\/\/yoast.com\/product\/yoast-seo-wordpress\/ -->\n<title>Alphonse Zozime Tamekamta - Thinking Africa<\/title>\n<meta name=\"robots\" content=\"index, follow, max-snippet:-1, max-image-preview:large, max-video-preview:-1\" \/>\n<link rel=\"canonical\" href=\"https:\/\/www.thinkingafrica.org\/V2\/thinking-africa\/equipe-de-recherche\/alphonse-zozime-tamekamta\/\" \/>\n<meta property=\"og:locale\" content=\"fr_FR\" \/>\n<meta property=\"og:type\" content=\"article\" \/>\n<meta property=\"og:title\" content=\"Alphonse Zozime Tamekamta - Thinking Africa\" \/>\n<meta property=\"og:description\" content=\"Alphonse Zozime Tamekamta Qualification\/dipl\u00f4mes: DIPES I &amp; II en Histoire, \u00c9tudes de Ma\u00eetrise en Science politique, DEA en Histoire des relations internationales, Doctorant terminal Expertise: Conflits, s\u00e9curit\u00e9, int\u00e9gration, gouvernance et d\u00e9veloppement en Afrique Sp\u00e9cialit\u00e9: Afrique centrale (CEMAC) Contact: tzozime@yahoo.fr Alphonse Zozime Tamekamta enseigne l\u2019histoire dans un lyc\u00e9e de Yaound\u00e9 (Cameroun). Chercheur-associ\u00e9 au GRIP (Bruxelles) et [&hellip;]\" \/>\n<meta property=\"og:url\" content=\"https:\/\/www.thinkingafrica.org\/V2\/thinking-africa\/equipe-de-recherche\/alphonse-zozime-tamekamta\/\" \/>\n<meta property=\"og:site_name\" content=\"Thinking Africa\" \/>\n<meta property=\"article:modified_time\" content=\"2014-10-11T00:02:27+00:00\" \/>\n<meta property=\"og:image\" content=\"https:\/\/www.thinkingafrica.org\/V2\/wp-content\/uploads\/2020\/05\/TA-Logo-transparent.png\" \/>\n\t<meta property=\"og:image:width\" content=\"512\" \/>\n\t<meta property=\"og:image:height\" content=\"512\" \/>\n\t<meta property=\"og:image:type\" content=\"image\/png\" \/>\n<meta name=\"twitter:card\" content=\"summary_large_image\" \/>\n<meta name=\"twitter:label1\" content=\"Dur\u00e9e de lecture estim\u00e9e\" \/>\n\t<meta name=\"twitter:data1\" content=\"3 minutes\" \/>\n<script type=\"application\/ld+json\" class=\"yoast-schema-graph\">{\"@context\":\"https:\\\/\\\/schema.org\",\"@graph\":[{\"@type\":\"WebPage\",\"@id\":\"https:\\\/\\\/www.thinkingafrica.org\\\/V2\\\/thinking-africa\\\/equipe-de-recherche\\\/alphonse-zozime-tamekamta\\\/\",\"url\":\"https:\\\/\\\/www.thinkingafrica.org\\\/V2\\\/thinking-africa\\\/equipe-de-recherche\\\/alphonse-zozime-tamekamta\\\/\",\"name\":\"Alphonse Zozime Tamekamta - Thinking Africa\",\"isPartOf\":{\"@id\":\"https:\\\/\\\/www.thinkingafrica.org\\\/V2\\\/#website\"},\"datePublished\":\"2013-06-06T21:22:10+00:00\",\"dateModified\":\"2014-10-11T00:02:27+00:00\",\"breadcrumb\":{\"@id\":\"https:\\\/\\\/www.thinkingafrica.org\\\/V2\\\/thinking-africa\\\/equipe-de-recherche\\\/alphonse-zozime-tamekamta\\\/#breadcrumb\"},\"inLanguage\":\"fr-FR\",\"potentialAction\":[{\"@type\":\"ReadAction\",\"target\":[\"https:\\\/\\\/www.thinkingafrica.org\\\/V2\\\/thinking-africa\\\/equipe-de-recherche\\\/alphonse-zozime-tamekamta\\\/\"]}]},{\"@type\":\"BreadcrumbList\",\"@id\":\"https:\\\/\\\/www.thinkingafrica.org\\\/V2\\\/thinking-africa\\\/equipe-de-recherche\\\/alphonse-zozime-tamekamta\\\/#breadcrumb\",\"itemListElement\":[{\"@type\":\"ListItem\",\"position\":1,\"name\":\"Accueil\",\"item\":\"https:\\\/\\\/www.thinkingafrica.org\\\/V2\\\/\"},{\"@type\":\"ListItem\",\"position\":2,\"name\":\"Thinking Africa\",\"item\":\"https:\\\/\\\/www.thinkingafrica.org\\\/V2\\\/thinking-africa\\\/\"},{\"@type\":\"ListItem\",\"position\":3,\"name\":\"Equipe de recherche\",\"item\":\"https:\\\/\\\/www.thinkingafrica.org\\\/V2\\\/thinking-africa\\\/equipe-de-recherche\\\/\"},{\"@type\":\"ListItem\",\"position\":4,\"name\":\"Alphonse Zozime Tamekamta\"}]},{\"@type\":\"WebSite\",\"@id\":\"https:\\\/\\\/www.thinkingafrica.org\\\/V2\\\/#website\",\"url\":\"https:\\\/\\\/www.thinkingafrica.org\\\/V2\\\/\",\"name\":\"Thinking Africa\",\"description\":\"Recherche, r\u00e9flexions et ressources pour r\u00e9inventer le leadership africain\",\"potentialAction\":[{\"@type\":\"SearchAction\",\"target\":{\"@type\":\"EntryPoint\",\"urlTemplate\":\"https:\\\/\\\/www.thinkingafrica.org\\\/V2\\\/?s={search_term_string}\"},\"query-input\":{\"@type\":\"PropertyValueSpecification\",\"valueRequired\":true,\"valueName\":\"search_term_string\"}}],\"inLanguage\":\"fr-FR\"}]}<\/script>\n<!-- \/ Yoast SEO plugin. -->","yoast_head_json":{"title":"Alphonse Zozime Tamekamta - Thinking Africa","robots":{"index":"index","follow":"follow","max-snippet":"max-snippet:-1","max-image-preview":"max-image-preview:large","max-video-preview":"max-video-preview:-1"},"canonical":"https:\/\/www.thinkingafrica.org\/V2\/thinking-africa\/equipe-de-recherche\/alphonse-zozime-tamekamta\/","og_locale":"fr_FR","og_type":"article","og_title":"Alphonse Zozime Tamekamta - Thinking Africa","og_description":"Alphonse Zozime Tamekamta Qualification\/dipl\u00f4mes: DIPES I &amp; II en Histoire, \u00c9tudes de Ma\u00eetrise en Science politique, DEA en Histoire des relations internationales, Doctorant terminal Expertise: Conflits, s\u00e9curit\u00e9, int\u00e9gration, gouvernance et d\u00e9veloppement en Afrique Sp\u00e9cialit\u00e9: Afrique centrale (CEMAC) Contact: tzozime@yahoo.fr Alphonse Zozime Tamekamta enseigne l\u2019histoire dans un lyc\u00e9e de Yaound\u00e9 (Cameroun). Chercheur-associ\u00e9 au GRIP (Bruxelles) et [&hellip;]","og_url":"https:\/\/www.thinkingafrica.org\/V2\/thinking-africa\/equipe-de-recherche\/alphonse-zozime-tamekamta\/","og_site_name":"Thinking Africa","article_modified_time":"2014-10-11T00:02:27+00:00","og_image":[{"width":512,"height":512,"url":"https:\/\/www.thinkingafrica.org\/V2\/wp-content\/uploads\/2020\/05\/TA-Logo-transparent.png","type":"image\/png"}],"twitter_card":"summary_large_image","twitter_misc":{"Dur\u00e9e de lecture estim\u00e9e":"3 minutes"},"schema":{"@context":"https:\/\/schema.org","@graph":[{"@type":"WebPage","@id":"https:\/\/www.thinkingafrica.org\/V2\/thinking-africa\/equipe-de-recherche\/alphonse-zozime-tamekamta\/","url":"https:\/\/www.thinkingafrica.org\/V2\/thinking-africa\/equipe-de-recherche\/alphonse-zozime-tamekamta\/","name":"Alphonse Zozime Tamekamta - Thinking Africa","isPartOf":{"@id":"https:\/\/www.thinkingafrica.org\/V2\/#website"},"datePublished":"2013-06-06T21:22:10+00:00","dateModified":"2014-10-11T00:02:27+00:00","breadcrumb":{"@id":"https:\/\/www.thinkingafrica.org\/V2\/thinking-africa\/equipe-de-recherche\/alphonse-zozime-tamekamta\/#breadcrumb"},"inLanguage":"fr-FR","potentialAction":[{"@type":"ReadAction","target":["https:\/\/www.thinkingafrica.org\/V2\/thinking-africa\/equipe-de-recherche\/alphonse-zozime-tamekamta\/"]}]},{"@type":"BreadcrumbList","@id":"https:\/\/www.thinkingafrica.org\/V2\/thinking-africa\/equipe-de-recherche\/alphonse-zozime-tamekamta\/#breadcrumb","itemListElement":[{"@type":"ListItem","position":1,"name":"Accueil","item":"https:\/\/www.thinkingafrica.org\/V2\/"},{"@type":"ListItem","position":2,"name":"Thinking Africa","item":"https:\/\/www.thinkingafrica.org\/V2\/thinking-africa\/"},{"@type":"ListItem","position":3,"name":"Equipe de recherche","item":"https:\/\/www.thinkingafrica.org\/V2\/thinking-africa\/equipe-de-recherche\/"},{"@type":"ListItem","position":4,"name":"Alphonse Zozime Tamekamta"}]},{"@type":"WebSite","@id":"https:\/\/www.thinkingafrica.org\/V2\/#website","url":"https:\/\/www.thinkingafrica.org\/V2\/","name":"Thinking Africa","description":"Recherche, r\u00e9flexions et ressources pour r\u00e9inventer le leadership africain","potentialAction":[{"@type":"SearchAction","target":{"@type":"EntryPoint","urlTemplate":"https:\/\/www.thinkingafrica.org\/V2\/?s={search_term_string}"},"query-input":{"@type":"PropertyValueSpecification","valueRequired":true,"valueName":"search_term_string"}}],"inLanguage":"fr-FR"}]}},"_links":{"self":[{"href":"https:\/\/www.thinkingafrica.org\/V2\/wp-json\/wp\/v2\/pages\/726","targetHints":{"allow":["GET"]}}],"collection":[{"href":"https:\/\/www.thinkingafrica.org\/V2\/wp-json\/wp\/v2\/pages"}],"about":[{"href":"https:\/\/www.thinkingafrica.org\/V2\/wp-json\/wp\/v2\/types\/page"}],"author":[{"embeddable":true,"href":"https:\/\/www.thinkingafrica.org\/V2\/wp-json\/wp\/v2\/users\/1"}],"replies":[{"embeddable":true,"href":"https:\/\/www.thinkingafrica.org\/V2\/wp-json\/wp\/v2\/comments?post=726"}],"version-history":[{"count":9,"href":"https:\/\/www.thinkingafrica.org\/V2\/wp-json\/wp\/v2\/pages\/726\/revisions"}],"predecessor-version":[{"id":3373,"href":"https:\/\/www.thinkingafrica.org\/V2\/wp-json\/wp\/v2\/pages\/726\/revisions\/3373"}],"up":[{"embeddable":true,"href":"https:\/\/www.thinkingafrica.org\/V2\/wp-json\/wp\/v2\/pages\/13"}],"wp:attachment":[{"href":"https:\/\/www.thinkingafrica.org\/V2\/wp-json\/wp\/v2\/media?parent=726"}],"curies":[{"name":"wp","href":"https:\/\/api.w.org\/{rel}","templated":true}]}}