{"id":730,"date":"2013-06-06T23:32:31","date_gmt":"2013-06-06T21:32:31","guid":{"rendered":"http:\/\/www.thinkingafrica.org\/V2\/?page_id=730"},"modified":"2014-05-08T16:32:16","modified_gmt":"2014-05-08T14:32:16","slug":"arthur-banga","status":"publish","type":"page","link":"https:\/\/www.thinkingafrica.org\/V2\/thinking-africa\/experts-affilies\/arthur-banga\/","title":{"rendered":"Arthur Banga"},"content":{"rendered":"<p><strong>Arthur Banga<\/strong><\/p>\n<p><em>Qualification\/dipl\u00f4mes:<\/em> Docteur en histoire<br \/>\n<em>Expertise:<\/em> Relations internationales, R\u00e9solutions de conflits, Questions militaires.<br \/>\n<em>Sp\u00e9cialit\u00e9:<\/em> Afrique de l&rsquo;ouest, France, Op\u00e9rations de Maintien de la paix<\/p>\n<p><em>Contact:<\/em> arthurbanga2004@yahoo.fr<\/p>\n<p>Arthur Banga est docteur en histoire des Relations internationales de l&rsquo;universit\u00e9 Houphou\u00ebt-Boigny et en histoire militaire de l&rsquo;Ecole Pratique des Hautes Etudes de la Sorbonne. Chercheur \u00e0 l&rsquo;IRSEM, il est aussi vacataire \u00e0 l\u2019acad\u00e9mie de Cr\u00e9teil. Sa th\u00e8se de doctorat, soutenue en 2014, est intitul\u00e9e \u00ab\u00a0l\u2019aide militaire fran\u00e7aise dans la politique de d\u00e9fense de la C\u00f4te d&rsquo;Ivoire de 1960 \u00e0 2002\u00a0\u00bb.<\/p>\n<p>Ses objets de recherches sont la pr\u00e9sence militaire fran\u00e7aise en Afrique, les arm\u00e9es africaines, les conflits et la vie politique en C\u00f4te d&rsquo;Ivoire comme l&rsquo;illustre ses publications.<\/p>\n<p><strong>Publications:<\/strong><\/p>\n<p>&#8211; Arthur Banga, <em>\u00ab\u00a0Le mod\u00e8le gendarmique fran\u00e7ais\u00bb : cl\u00e9 de la naissance, du succ\u00e8s et de l\u2019\u00e9volution de la Gendarmerie ivoirienne\u00a0\u00bb<\/em>, in colloque international la Gendarmerie au XX\u00e8me si\u00e8cle, Paris I, juin 2013 (\u00e0 para\u00eetre chez PU de la Sorbonne).<br \/>\n&#8211; Arthur Banga, <em>\u00ab\u00a0L\u2019exaltation du sentiment national dans la rh\u00e9torique de mobilisation et de r\u00e9sistance du camp Laurent GBAGBO\u00a0\u00bb<\/em>, in Workshop de l\u2019IRSEM, Guerres, m\u00e9moire et identit\u00e9s, IRSEM, mars 2013 (\u00e0 para\u00eetre en septembre chez Nuvis).<br \/>\n&#8211; Arthur Banga, <em>\u00ab\u00a0Les int\u00e9r\u00eats strat\u00e9giques de la France en Afrique\u00a0\u00bb<\/em> in la lettre de l\u2019IRSEM n\u00b01 janvier 2013.<br \/>\n&#8211; Arthur Banga, <em>\u00ab\u00a0Le r\u00f4le des conseillers militaires fran\u00e7ais dans l\u2019\u00e9laboration de l\u2019outil de d\u00e9fense ivoirienne de 1960 \u00e0 1980\u00a0\u00bb<\/em> in Colloque international Pratiques militaires et globalisation, IEP d\u2019Aix en Provence, Juin 2012, \u00e0 paraitre aux \u00e9ditions Bernard Giovanangelie en septembre 2013.<br \/>\n&#8211; Arthur Banga, <em>\u00ab\u00a0les \u00e9crits sur la crise ivoirienne, quels regards\u00a0\u00bb<\/em> Colloque des doctorants de l&rsquo;universit\u00e9 de Cocody, 2009<br \/>\n&#8211; Arthur Banga, <em>\u00ab\u00a0La coop\u00e9ration militaire France \u2013 C\u00f4te d\u2019Ivoire de 1961 \u00e0 2002\u00a0\u00bb<\/em>. M\u00e9moire de D.E.A., Universit\u00e9 de Cocody-Abidjan, 2008, 50p.<br \/>\n&#8211; Arthur Banga, <em>\u00ab\u00a0Le conflit frontalier Cameroun-Nigeria des origines \u00e0 2006\u00a0\u00bb<\/em>. M\u00e9moire de ma\u00eetrise, Universit\u00e9 de Cocody-Abidjan, 2007, 122p.<\/p>\n","protected":false},"excerpt":{"rendered":"<p>Arthur Banga Qualification\/dipl\u00f4mes: Docteur en histoire Expertise: Relations internationales, R\u00e9solutions de conflits, Questions militaires. Sp\u00e9cialit\u00e9: Afrique de l&rsquo;ouest, France, Op\u00e9rations de Maintien de la paix Contact: arthurbanga2004@yahoo.fr Arthur Banga est docteur en histoire des Relations internationales de l&rsquo;universit\u00e9 Houphou\u00ebt-Boigny et en histoire militaire de l&rsquo;Ecole Pratique des Hautes Etudes de la Sorbonne. Chercheur \u00e0 l&rsquo;IRSEM, [&hellip;]<\/p>\n","protected":false},"author":1,"featured_media":0,"parent":637,"menu_order":0,"comment_status":"open","ping_status":"open","template":"","meta":{"footnotes":""},"class_list":["post-730","page","type-page","status-publish","hentry"],"yoast_head":"<!-- This site is optimized with the Yoast SEO plugin v27.3 - https:\/\/yoast.com\/product\/yoast-seo-wordpress\/ -->\n<title>Arthur Banga - Thinking Africa<\/title>\n<meta name=\"robots\" content=\"index, follow, max-snippet:-1, max-image-preview:large, max-video-preview:-1\" \/>\n<link rel=\"canonical\" href=\"https:\/\/www.thinkingafrica.org\/V2\/thinking-africa\/experts-affilies\/arthur-banga\/\" \/>\n<meta property=\"og:locale\" content=\"fr_FR\" \/>\n<meta property=\"og:type\" content=\"article\" \/>\n<meta property=\"og:title\" content=\"Arthur Banga - Thinking Africa\" \/>\n<meta property=\"og:description\" content=\"Arthur Banga Qualification\/dipl\u00f4mes: Docteur en histoire Expertise: Relations internationales, R\u00e9solutions de conflits, Questions militaires. Sp\u00e9cialit\u00e9: Afrique de l&rsquo;ouest, France, Op\u00e9rations de Maintien de la paix Contact: arthurbanga2004@yahoo.fr Arthur Banga est docteur en histoire des Relations internationales de l&rsquo;universit\u00e9 Houphou\u00ebt-Boigny et en histoire militaire de l&rsquo;Ecole Pratique des Hautes Etudes de la Sorbonne. Chercheur \u00e0 l&rsquo;IRSEM, [&hellip;]\" \/>\n<meta property=\"og:url\" content=\"https:\/\/www.thinkingafrica.org\/V2\/thinking-africa\/experts-affilies\/arthur-banga\/\" \/>\n<meta property=\"og:site_name\" content=\"Thinking Africa\" \/>\n<meta property=\"article:modified_time\" content=\"2014-05-08T14:32:16+00:00\" \/>\n<meta property=\"og:image\" content=\"https:\/\/www.thinkingafrica.org\/V2\/wp-content\/uploads\/2020\/05\/TA-Logo-transparent.png\" \/>\n\t<meta property=\"og:image:width\" content=\"512\" \/>\n\t<meta property=\"og:image:height\" content=\"512\" \/>\n\t<meta property=\"og:image:type\" content=\"image\/png\" \/>\n<meta name=\"twitter:card\" content=\"summary_large_image\" \/>\n<meta name=\"twitter:label1\" content=\"Dur\u00e9e de lecture estim\u00e9e\" \/>\n\t<meta name=\"twitter:data1\" content=\"2 minutes\" \/>\n<script type=\"application\/ld+json\" class=\"yoast-schema-graph\">{\"@context\":\"https:\\\/\\\/schema.org\",\"@graph\":[{\"@type\":\"WebPage\",\"@id\":\"https:\\\/\\\/www.thinkingafrica.org\\\/V2\\\/thinking-africa\\\/experts-affilies\\\/arthur-banga\\\/\",\"url\":\"https:\\\/\\\/www.thinkingafrica.org\\\/V2\\\/thinking-africa\\\/experts-affilies\\\/arthur-banga\\\/\",\"name\":\"Arthur Banga - Thinking Africa\",\"isPartOf\":{\"@id\":\"https:\\\/\\\/www.thinkingafrica.org\\\/V2\\\/#website\"},\"datePublished\":\"2013-06-06T21:32:31+00:00\",\"dateModified\":\"2014-05-08T14:32:16+00:00\",\"breadcrumb\":{\"@id\":\"https:\\\/\\\/www.thinkingafrica.org\\\/V2\\\/thinking-africa\\\/experts-affilies\\\/arthur-banga\\\/#breadcrumb\"},\"inLanguage\":\"fr-FR\",\"potentialAction\":[{\"@type\":\"ReadAction\",\"target\":[\"https:\\\/\\\/www.thinkingafrica.org\\\/V2\\\/thinking-africa\\\/experts-affilies\\\/arthur-banga\\\/\"]}]},{\"@type\":\"BreadcrumbList\",\"@id\":\"https:\\\/\\\/www.thinkingafrica.org\\\/V2\\\/thinking-africa\\\/experts-affilies\\\/arthur-banga\\\/#breadcrumb\",\"itemListElement\":[{\"@type\":\"ListItem\",\"position\":1,\"name\":\"Accueil\",\"item\":\"https:\\\/\\\/www.thinkingafrica.org\\\/V2\\\/\"},{\"@type\":\"ListItem\",\"position\":2,\"name\":\"Thinking Africa\",\"item\":\"https:\\\/\\\/www.thinkingafrica.org\\\/V2\\\/thinking-africa\\\/\"},{\"@type\":\"ListItem\",\"position\":3,\"name\":\"Experts affili\u00e9s\",\"item\":\"https:\\\/\\\/www.thinkingafrica.org\\\/V2\\\/thinking-africa\\\/experts-affilies\\\/\"},{\"@type\":\"ListItem\",\"position\":4,\"name\":\"Arthur Banga\"}]},{\"@type\":\"WebSite\",\"@id\":\"https:\\\/\\\/www.thinkingafrica.org\\\/V2\\\/#website\",\"url\":\"https:\\\/\\\/www.thinkingafrica.org\\\/V2\\\/\",\"name\":\"Thinking Africa\",\"description\":\"Recherche, r\u00e9flexions et ressources pour r\u00e9inventer le leadership africain\",\"potentialAction\":[{\"@type\":\"SearchAction\",\"target\":{\"@type\":\"EntryPoint\",\"urlTemplate\":\"https:\\\/\\\/www.thinkingafrica.org\\\/V2\\\/?s={search_term_string}\"},\"query-input\":{\"@type\":\"PropertyValueSpecification\",\"valueRequired\":true,\"valueName\":\"search_term_string\"}}],\"inLanguage\":\"fr-FR\"}]}<\/script>\n<!-- \/ Yoast SEO plugin. -->","yoast_head_json":{"title":"Arthur Banga - Thinking Africa","robots":{"index":"index","follow":"follow","max-snippet":"max-snippet:-1","max-image-preview":"max-image-preview:large","max-video-preview":"max-video-preview:-1"},"canonical":"https:\/\/www.thinkingafrica.org\/V2\/thinking-africa\/experts-affilies\/arthur-banga\/","og_locale":"fr_FR","og_type":"article","og_title":"Arthur Banga - Thinking Africa","og_description":"Arthur Banga Qualification\/dipl\u00f4mes: Docteur en histoire Expertise: Relations internationales, R\u00e9solutions de conflits, Questions militaires. Sp\u00e9cialit\u00e9: Afrique de l&rsquo;ouest, France, Op\u00e9rations de Maintien de la paix Contact: arthurbanga2004@yahoo.fr Arthur Banga est docteur en histoire des Relations internationales de l&rsquo;universit\u00e9 Houphou\u00ebt-Boigny et en histoire militaire de l&rsquo;Ecole Pratique des Hautes Etudes de la Sorbonne. Chercheur \u00e0 l&rsquo;IRSEM, [&hellip;]","og_url":"https:\/\/www.thinkingafrica.org\/V2\/thinking-africa\/experts-affilies\/arthur-banga\/","og_site_name":"Thinking Africa","article_modified_time":"2014-05-08T14:32:16+00:00","og_image":[{"width":512,"height":512,"url":"https:\/\/www.thinkingafrica.org\/V2\/wp-content\/uploads\/2020\/05\/TA-Logo-transparent.png","type":"image\/png"}],"twitter_card":"summary_large_image","twitter_misc":{"Dur\u00e9e de lecture estim\u00e9e":"2 minutes"},"schema":{"@context":"https:\/\/schema.org","@graph":[{"@type":"WebPage","@id":"https:\/\/www.thinkingafrica.org\/V2\/thinking-africa\/experts-affilies\/arthur-banga\/","url":"https:\/\/www.thinkingafrica.org\/V2\/thinking-africa\/experts-affilies\/arthur-banga\/","name":"Arthur Banga - Thinking Africa","isPartOf":{"@id":"https:\/\/www.thinkingafrica.org\/V2\/#website"},"datePublished":"2013-06-06T21:32:31+00:00","dateModified":"2014-05-08T14:32:16+00:00","breadcrumb":{"@id":"https:\/\/www.thinkingafrica.org\/V2\/thinking-africa\/experts-affilies\/arthur-banga\/#breadcrumb"},"inLanguage":"fr-FR","potentialAction":[{"@type":"ReadAction","target":["https:\/\/www.thinkingafrica.org\/V2\/thinking-africa\/experts-affilies\/arthur-banga\/"]}]},{"@type":"BreadcrumbList","@id":"https:\/\/www.thinkingafrica.org\/V2\/thinking-africa\/experts-affilies\/arthur-banga\/#breadcrumb","itemListElement":[{"@type":"ListItem","position":1,"name":"Accueil","item":"https:\/\/www.thinkingafrica.org\/V2\/"},{"@type":"ListItem","position":2,"name":"Thinking Africa","item":"https:\/\/www.thinkingafrica.org\/V2\/thinking-africa\/"},{"@type":"ListItem","position":3,"name":"Experts affili\u00e9s","item":"https:\/\/www.thinkingafrica.org\/V2\/thinking-africa\/experts-affilies\/"},{"@type":"ListItem","position":4,"name":"Arthur Banga"}]},{"@type":"WebSite","@id":"https:\/\/www.thinkingafrica.org\/V2\/#website","url":"https:\/\/www.thinkingafrica.org\/V2\/","name":"Thinking Africa","description":"Recherche, r\u00e9flexions et ressources pour r\u00e9inventer le leadership africain","potentialAction":[{"@type":"SearchAction","target":{"@type":"EntryPoint","urlTemplate":"https:\/\/www.thinkingafrica.org\/V2\/?s={search_term_string}"},"query-input":{"@type":"PropertyValueSpecification","valueRequired":true,"valueName":"search_term_string"}}],"inLanguage":"fr-FR"}]}},"_links":{"self":[{"href":"https:\/\/www.thinkingafrica.org\/V2\/wp-json\/wp\/v2\/pages\/730","targetHints":{"allow":["GET"]}}],"collection":[{"href":"https:\/\/www.thinkingafrica.org\/V2\/wp-json\/wp\/v2\/pages"}],"about":[{"href":"https:\/\/www.thinkingafrica.org\/V2\/wp-json\/wp\/v2\/types\/page"}],"author":[{"embeddable":true,"href":"https:\/\/www.thinkingafrica.org\/V2\/wp-json\/wp\/v2\/users\/1"}],"replies":[{"embeddable":true,"href":"https:\/\/www.thinkingafrica.org\/V2\/wp-json\/wp\/v2\/comments?post=730"}],"version-history":[{"count":5,"href":"https:\/\/www.thinkingafrica.org\/V2\/wp-json\/wp\/v2\/pages\/730\/revisions"}],"predecessor-version":[{"id":3057,"href":"https:\/\/www.thinkingafrica.org\/V2\/wp-json\/wp\/v2\/pages\/730\/revisions\/3057"}],"up":[{"embeddable":true,"href":"https:\/\/www.thinkingafrica.org\/V2\/wp-json\/wp\/v2\/pages\/637"}],"wp:attachment":[{"href":"https:\/\/www.thinkingafrica.org\/V2\/wp-json\/wp\/v2\/media?parent=730"}],"curies":[{"name":"wp","href":"https:\/\/api.w.org\/{rel}","templated":true}]}}