{"id":907,"date":"2013-08-21T22:16:24","date_gmt":"2013-08-21T20:16:24","guid":{"rendered":"http:\/\/www.thinkingafrica.org\/V2\/?page_id=907"},"modified":"2014-10-11T01:31:04","modified_gmt":"2014-10-10T23:31:04","slug":"netton-prince-tawa","status":"publish","type":"page","link":"https:\/\/www.thinkingafrica.org\/V2\/thinking-africa\/experts-affilies\/netton-prince-tawa\/","title":{"rendered":"Netton Prince Tawa"},"content":{"rendered":"<p><strong>Netton Prince Tawa<\/strong><\/p>\n<p><em>Qualifications\/Dipl\u00f4mes:<\/em> DEA en gestion et pr\u00e9vention des conflits, DEA en droit international public, Doctorant en sciences politiques (Paris 2) et chercheur au centre Thucydide<br \/>\n<em>Expertise:<\/em> Justice p\u00e9nale internationale, relations des anciennes puissances coloniales dans leurs rapports aux conflits arm\u00e9s en Afrique apr\u00e8s 1994<br \/>\n<em>Sp\u00e9cialit\u00e9:<\/em> Sierra Leone et C\u00f4te d&rsquo;Ivoire<\/p>\n<p><em>Contact:<\/em> nettonprince@yahoo.fr<\/p>\n<p><strong>Netton Prince Tawa <\/strong>est chercheur au centre Thucydide. Il est juriste, titulaire d\u2019un DEA en Droit option Droit international public avec une sp\u00e9cialisation en droit des conflits arm\u00e9s, titulaire d\u2019un DEA en Pr\u00e9vention, Gestion et R\u00e9solution des conflits d\u00e9livr\u00e9 par la Chaire Unesco pour la Gestion des conflits \u00e0 Abidjan et titulaire d\u2019un Certificat en Droit de l\u2019homme d\u00e9livr\u00e9 par l\u2019Institut international des Droits de l\u2019Homme de Strasbourg.<\/p>\n<p><span style=\"text-decoration: underline;\">Publications:<\/span><\/p>\n<p>&#8211; <em>\u00ab\u00a0Un jeune regard sur la Cour p\u00e9nale internationale telle qu\u2019elle devrait \u00eatre demain\u00a0\u00bb<\/em>, communication faite \u00e0 l\u2019occasion de la c\u00e9l\u00e9bration de la premi\u00e8re d\u00e9cennie d\u2019existence de la Cour p\u00e9nale internationale dans l\u2019enceinte de la Repr\u00e9sentation diplomatique de la France \u00e0 la Haye le 10 juillet 2012.<\/p>\n","protected":false},"excerpt":{"rendered":"<p>Netton Prince Tawa Qualifications\/Dipl\u00f4mes: DEA en gestion et pr\u00e9vention des conflits, DEA en droit international public, Doctorant en sciences politiques (Paris 2) et chercheur au centre Thucydide Expertise: Justice p\u00e9nale internationale, relations des anciennes puissances coloniales dans leurs rapports aux conflits arm\u00e9s en Afrique apr\u00e8s 1994 Sp\u00e9cialit\u00e9: Sierra Leone et C\u00f4te d&rsquo;Ivoire Contact: nettonprince@yahoo.fr Netton [&hellip;]<\/p>\n","protected":false},"author":1,"featured_media":0,"parent":637,"menu_order":0,"comment_status":"open","ping_status":"open","template":"","meta":{"footnotes":""},"class_list":["post-907","page","type-page","status-publish","hentry"],"yoast_head":"<!-- This site is optimized with the Yoast SEO plugin v27.3 - https:\/\/yoast.com\/product\/yoast-seo-wordpress\/ -->\n<title>Netton Prince Tawa - Thinking Africa<\/title>\n<meta name=\"robots\" content=\"index, follow, max-snippet:-1, max-image-preview:large, max-video-preview:-1\" \/>\n<link rel=\"canonical\" href=\"https:\/\/www.thinkingafrica.org\/V2\/thinking-africa\/experts-affilies\/netton-prince-tawa\/\" \/>\n<meta property=\"og:locale\" content=\"fr_FR\" \/>\n<meta property=\"og:type\" content=\"article\" \/>\n<meta property=\"og:title\" content=\"Netton Prince Tawa - Thinking Africa\" \/>\n<meta property=\"og:description\" content=\"Netton Prince Tawa Qualifications\/Dipl\u00f4mes: DEA en gestion et pr\u00e9vention des conflits, DEA en droit international public, Doctorant en sciences politiques (Paris 2) et chercheur au centre Thucydide Expertise: Justice p\u00e9nale internationale, relations des anciennes puissances coloniales dans leurs rapports aux conflits arm\u00e9s en Afrique apr\u00e8s 1994 Sp\u00e9cialit\u00e9: Sierra Leone et C\u00f4te d&rsquo;Ivoire Contact: nettonprince@yahoo.fr Netton [&hellip;]\" \/>\n<meta property=\"og:url\" content=\"https:\/\/www.thinkingafrica.org\/V2\/thinking-africa\/experts-affilies\/netton-prince-tawa\/\" \/>\n<meta property=\"og:site_name\" content=\"Thinking Africa\" \/>\n<meta property=\"article:modified_time\" content=\"2014-10-10T23:31:04+00:00\" \/>\n<meta property=\"og:image\" content=\"https:\/\/www.thinkingafrica.org\/V2\/wp-content\/uploads\/2020\/05\/TA-Logo-transparent.png\" \/>\n\t<meta property=\"og:image:width\" content=\"512\" \/>\n\t<meta property=\"og:image:height\" content=\"512\" \/>\n\t<meta property=\"og:image:type\" content=\"image\/png\" \/>\n<meta name=\"twitter:card\" content=\"summary_large_image\" \/>\n<meta name=\"twitter:label1\" content=\"Dur\u00e9e de lecture estim\u00e9e\" \/>\n\t<meta name=\"twitter:data1\" content=\"1 minute\" \/>\n<script type=\"application\/ld+json\" class=\"yoast-schema-graph\">{\"@context\":\"https:\\\/\\\/schema.org\",\"@graph\":[{\"@type\":\"WebPage\",\"@id\":\"https:\\\/\\\/www.thinkingafrica.org\\\/V2\\\/thinking-africa\\\/experts-affilies\\\/netton-prince-tawa\\\/\",\"url\":\"https:\\\/\\\/www.thinkingafrica.org\\\/V2\\\/thinking-africa\\\/experts-affilies\\\/netton-prince-tawa\\\/\",\"name\":\"Netton Prince Tawa - Thinking Africa\",\"isPartOf\":{\"@id\":\"https:\\\/\\\/www.thinkingafrica.org\\\/V2\\\/#website\"},\"datePublished\":\"2013-08-21T20:16:24+00:00\",\"dateModified\":\"2014-10-10T23:31:04+00:00\",\"breadcrumb\":{\"@id\":\"https:\\\/\\\/www.thinkingafrica.org\\\/V2\\\/thinking-africa\\\/experts-affilies\\\/netton-prince-tawa\\\/#breadcrumb\"},\"inLanguage\":\"fr-FR\",\"potentialAction\":[{\"@type\":\"ReadAction\",\"target\":[\"https:\\\/\\\/www.thinkingafrica.org\\\/V2\\\/thinking-africa\\\/experts-affilies\\\/netton-prince-tawa\\\/\"]}]},{\"@type\":\"BreadcrumbList\",\"@id\":\"https:\\\/\\\/www.thinkingafrica.org\\\/V2\\\/thinking-africa\\\/experts-affilies\\\/netton-prince-tawa\\\/#breadcrumb\",\"itemListElement\":[{\"@type\":\"ListItem\",\"position\":1,\"name\":\"Accueil\",\"item\":\"https:\\\/\\\/www.thinkingafrica.org\\\/V2\\\/\"},{\"@type\":\"ListItem\",\"position\":2,\"name\":\"Thinking Africa\",\"item\":\"https:\\\/\\\/www.thinkingafrica.org\\\/V2\\\/thinking-africa\\\/\"},{\"@type\":\"ListItem\",\"position\":3,\"name\":\"Experts affili\u00e9s\",\"item\":\"https:\\\/\\\/www.thinkingafrica.org\\\/V2\\\/thinking-africa\\\/experts-affilies\\\/\"},{\"@type\":\"ListItem\",\"position\":4,\"name\":\"Netton Prince Tawa\"}]},{\"@type\":\"WebSite\",\"@id\":\"https:\\\/\\\/www.thinkingafrica.org\\\/V2\\\/#website\",\"url\":\"https:\\\/\\\/www.thinkingafrica.org\\\/V2\\\/\",\"name\":\"Thinking Africa\",\"description\":\"Recherche, r\u00e9flexions et ressources pour r\u00e9inventer le leadership africain\",\"potentialAction\":[{\"@type\":\"SearchAction\",\"target\":{\"@type\":\"EntryPoint\",\"urlTemplate\":\"https:\\\/\\\/www.thinkingafrica.org\\\/V2\\\/?s={search_term_string}\"},\"query-input\":{\"@type\":\"PropertyValueSpecification\",\"valueRequired\":true,\"valueName\":\"search_term_string\"}}],\"inLanguage\":\"fr-FR\"}]}<\/script>\n<!-- \/ Yoast SEO plugin. -->","yoast_head_json":{"title":"Netton Prince Tawa - Thinking Africa","robots":{"index":"index","follow":"follow","max-snippet":"max-snippet:-1","max-image-preview":"max-image-preview:large","max-video-preview":"max-video-preview:-1"},"canonical":"https:\/\/www.thinkingafrica.org\/V2\/thinking-africa\/experts-affilies\/netton-prince-tawa\/","og_locale":"fr_FR","og_type":"article","og_title":"Netton Prince Tawa - Thinking Africa","og_description":"Netton Prince Tawa Qualifications\/Dipl\u00f4mes: DEA en gestion et pr\u00e9vention des conflits, DEA en droit international public, Doctorant en sciences politiques (Paris 2) et chercheur au centre Thucydide Expertise: Justice p\u00e9nale internationale, relations des anciennes puissances coloniales dans leurs rapports aux conflits arm\u00e9s en Afrique apr\u00e8s 1994 Sp\u00e9cialit\u00e9: Sierra Leone et C\u00f4te d&rsquo;Ivoire Contact: nettonprince@yahoo.fr Netton [&hellip;]","og_url":"https:\/\/www.thinkingafrica.org\/V2\/thinking-africa\/experts-affilies\/netton-prince-tawa\/","og_site_name":"Thinking Africa","article_modified_time":"2014-10-10T23:31:04+00:00","og_image":[{"width":512,"height":512,"url":"https:\/\/www.thinkingafrica.org\/V2\/wp-content\/uploads\/2020\/05\/TA-Logo-transparent.png","type":"image\/png"}],"twitter_card":"summary_large_image","twitter_misc":{"Dur\u00e9e de lecture estim\u00e9e":"1 minute"},"schema":{"@context":"https:\/\/schema.org","@graph":[{"@type":"WebPage","@id":"https:\/\/www.thinkingafrica.org\/V2\/thinking-africa\/experts-affilies\/netton-prince-tawa\/","url":"https:\/\/www.thinkingafrica.org\/V2\/thinking-africa\/experts-affilies\/netton-prince-tawa\/","name":"Netton Prince Tawa - Thinking Africa","isPartOf":{"@id":"https:\/\/www.thinkingafrica.org\/V2\/#website"},"datePublished":"2013-08-21T20:16:24+00:00","dateModified":"2014-10-10T23:31:04+00:00","breadcrumb":{"@id":"https:\/\/www.thinkingafrica.org\/V2\/thinking-africa\/experts-affilies\/netton-prince-tawa\/#breadcrumb"},"inLanguage":"fr-FR","potentialAction":[{"@type":"ReadAction","target":["https:\/\/www.thinkingafrica.org\/V2\/thinking-africa\/experts-affilies\/netton-prince-tawa\/"]}]},{"@type":"BreadcrumbList","@id":"https:\/\/www.thinkingafrica.org\/V2\/thinking-africa\/experts-affilies\/netton-prince-tawa\/#breadcrumb","itemListElement":[{"@type":"ListItem","position":1,"name":"Accueil","item":"https:\/\/www.thinkingafrica.org\/V2\/"},{"@type":"ListItem","position":2,"name":"Thinking Africa","item":"https:\/\/www.thinkingafrica.org\/V2\/thinking-africa\/"},{"@type":"ListItem","position":3,"name":"Experts affili\u00e9s","item":"https:\/\/www.thinkingafrica.org\/V2\/thinking-africa\/experts-affilies\/"},{"@type":"ListItem","position":4,"name":"Netton Prince Tawa"}]},{"@type":"WebSite","@id":"https:\/\/www.thinkingafrica.org\/V2\/#website","url":"https:\/\/www.thinkingafrica.org\/V2\/","name":"Thinking Africa","description":"Recherche, r\u00e9flexions et ressources pour r\u00e9inventer le leadership africain","potentialAction":[{"@type":"SearchAction","target":{"@type":"EntryPoint","urlTemplate":"https:\/\/www.thinkingafrica.org\/V2\/?s={search_term_string}"},"query-input":{"@type":"PropertyValueSpecification","valueRequired":true,"valueName":"search_term_string"}}],"inLanguage":"fr-FR"}]}},"_links":{"self":[{"href":"https:\/\/www.thinkingafrica.org\/V2\/wp-json\/wp\/v2\/pages\/907","targetHints":{"allow":["GET"]}}],"collection":[{"href":"https:\/\/www.thinkingafrica.org\/V2\/wp-json\/wp\/v2\/pages"}],"about":[{"href":"https:\/\/www.thinkingafrica.org\/V2\/wp-json\/wp\/v2\/types\/page"}],"author":[{"embeddable":true,"href":"https:\/\/www.thinkingafrica.org\/V2\/wp-json\/wp\/v2\/users\/1"}],"replies":[{"embeddable":true,"href":"https:\/\/www.thinkingafrica.org\/V2\/wp-json\/wp\/v2\/comments?post=907"}],"version-history":[{"count":4,"href":"https:\/\/www.thinkingafrica.org\/V2\/wp-json\/wp\/v2\/pages\/907\/revisions"}],"predecessor-version":[{"id":3367,"href":"https:\/\/www.thinkingafrica.org\/V2\/wp-json\/wp\/v2\/pages\/907\/revisions\/3367"}],"up":[{"embeddable":true,"href":"https:\/\/www.thinkingafrica.org\/V2\/wp-json\/wp\/v2\/pages\/637"}],"wp:attachment":[{"href":"https:\/\/www.thinkingafrica.org\/V2\/wp-json\/wp\/v2\/media?parent=907"}],"curies":[{"name":"wp","href":"https:\/\/api.w.org\/{rel}","templated":true}]}}