{"id":98,"date":"2012-12-29T15:55:07","date_gmt":"2012-12-29T14:55:07","guid":{"rendered":"http:\/\/www.thinkingafrica.org\/V2\/?page_id=98"},"modified":"2014-05-08T14:18:45","modified_gmt":"2014-05-08T12:18:45","slug":"said-abass-ahamed","status":"publish","type":"page","link":"https:\/\/www.thinkingafrica.org\/V2\/thinking-africa\/management\/said-abass-ahamed\/","title":{"rendered":"Said Abass Ahamed"},"content":{"rendered":"<p><img loading=\"lazy\" decoding=\"async\" class=\"alignnone size-full wp-image-416\" src=\"http:\/\/www.thinkingafrica.org\/V2\/wp-content\/uploads\/2012\/12\/Portrait-SAA.jpg\" alt=\"Portrait-SAA\" width=\"150\" height=\"150\" srcset=\"https:\/\/www.thinkingafrica.org\/V2\/wp-content\/uploads\/2012\/12\/Portrait-SAA.jpg 150w, https:\/\/www.thinkingafrica.org\/V2\/wp-content\/uploads\/2012\/12\/Portrait-SAA-100x100.jpg 100w, https:\/\/www.thinkingafrica.org\/V2\/wp-content\/uploads\/2012\/12\/Portrait-SAA-46x46.jpg 46w, https:\/\/www.thinkingafrica.org\/V2\/wp-content\/uploads\/2012\/12\/Portrait-SAA-76x76.jpg 76w\" sizes=\"auto, (max-width: 150px) 100vw, 150px\" \/><strong>Directeur<\/strong><\/p>\n<p><em>Qualifications\/ Dipl\u00f4mes<\/em>: Docteur en Science Politique<br \/>\n<em>Expertise<\/em>: M\u00e9diation, n\u00e9gociation, facilitation, leadership, r\u00e9solution de conflits, reconstruction post-conflit.<br \/>\n<em>Sp\u00e9cialit\u00e9<\/em>: <a href=\"http:\/\/www.thinkingafrica.org\/V2\/category\/zones\/afrique-centrale\/\">Afrique Centrale<\/a>, <a href=\"http:\/\/www.thinkingafrica.org\/V2\/category\/zones\/afrique-de-louest\/\">Afrique de l&rsquo;Ouest<\/a>.<\/p>\n<p><em>Contact<\/em>: ahamed@thinkingafrica.org<br \/>\n<div class=\"su-divider su-divider-style-default\" style=\"margin:15px 0;border-width:3px;border-color:#999999\"><a href=\"#\" style=\"color:#999999\">Aller en haut<\/a><\/div>\n<strong>Sa\u00efd Abass Ahamed<\/strong>, Directeur de Thinking Africa, est docteur en science politique \u00e0 l\u2019Universit\u00e9 Panth\u00e9on-Sorbonne \u00e0 Paris. Sa th\u00e8se s\u2019intitule D\u00e9mocratiser en temps de guerre: l\u2019intervention des Nations Unies et de L\u2019Union Europ\u00e9enne dans la transition Congolaise 1996 et 2006. Son m\u00e9moire de master portait \u00e9galement sur les relations entre L\u2019Europe et l\u2019Afrique dans le domaine de la politique, de l\u2019Etat de droit et de la protection des droits humains dans le cadre de l\u2019Accord de Lom\u00e9. Sa\u00efd Abass est pr\u00e9sentement professeur associ\u00e9 en n\u00e9gociation et en g\u00e9opolitique au Rouen Business School (Rouen, France).<\/p>\n<p>En 2008, Sa\u00efd Abass est devenu un facilitateur en n\u00e9gociation et en m\u00e9diation entre les politiciens congolais, les chefs militaires and certains groupes rebelles. Il a \u00e9t\u00e9 facilitateur dans le processus de reconstruction de l\u2019arm\u00e9e dans le cadre de la mise en place du centre de commande int\u00e9gr\u00e9. Enfin, a \u00e9t\u00e9 attach\u00e9 parlementaire \u00e0 l\u2019assembl\u00e9e nationale fran\u00e7aise sur les questions politiques africaines. Au bureau du procureur du Tribunal P\u00e9nal International pour le Rwanda, il a assista un procureur et r\u00e9digea des motions.<\/p>\n<p><strong>Publications<\/strong><br \/>\n&#8211; AHAMED Sa\u00efd Abass (2011) <em>\u00ab\u00a0Facilitation internationale et n\u00e9gociation politique en R\u00e9publique D\u00e9mocratique du Congo (RDC): un \u00e9tat de bellig\u00e9rance sans fin?\u00a0\u00bb<\/em> in M\u00e9langes en l\u2019honneur de Christophe Dupont in Entrer en N\u00e9gociation M\u00e9langes en l&rsquo;Honneur de Christophe Dupont, Larcier.<br \/>\n&#8211; AHAMED Sa\u00efd Abass (2006) <em>\u00ab\u00a0D\u00e9mocratiser en temps de guerre: le r\u00f4le des Nations Unies et de l\u2019Union Europ\u00e9enne en R\u00e9publique D\u00e9mocratique du Congo\u00a0\u00bb<\/em>. Annuaire des Grands Lacs, N\u00b0 10. Paris, l\u2019Harmattan.<\/p>\n","protected":false},"excerpt":{"rendered":"<p>Directeur Qualifications\/ Dipl\u00f4mes: Docteur en Science Politique Expertise: M\u00e9diation, n\u00e9gociation, facilitation, leadership, r\u00e9solution de conflits, reconstruction post-conflit. Sp\u00e9cialit\u00e9: Afrique Centrale, Afrique de l&rsquo;Ouest. Contact: ahamed@thinkingafrica.org Sa\u00efd Abass Ahamed, Directeur de Thinking Africa, est docteur en science politique \u00e0 l\u2019Universit\u00e9 Panth\u00e9on-Sorbonne \u00e0 Paris. Sa th\u00e8se s\u2019intitule D\u00e9mocratiser en temps de guerre: l\u2019intervention des Nations Unies et [&hellip;]<\/p>\n","protected":false},"author":1,"featured_media":0,"parent":624,"menu_order":0,"comment_status":"open","ping_status":"open","template":"","meta":{"footnotes":""},"class_list":["post-98","page","type-page","status-publish","hentry"],"yoast_head":"<!-- This site is optimized with the Yoast SEO plugin v27.3 - https:\/\/yoast.com\/product\/yoast-seo-wordpress\/ -->\n<title>Said Abass Ahamed - Thinking Africa<\/title>\n<meta name=\"robots\" content=\"index, follow, max-snippet:-1, max-image-preview:large, max-video-preview:-1\" \/>\n<link rel=\"canonical\" href=\"https:\/\/www.thinkingafrica.org\/V2\/thinking-africa\/management\/said-abass-ahamed\/\" \/>\n<meta property=\"og:locale\" content=\"fr_FR\" \/>\n<meta property=\"og:type\" content=\"article\" \/>\n<meta property=\"og:title\" content=\"Said Abass Ahamed - Thinking Africa\" \/>\n<meta property=\"og:description\" content=\"Directeur Qualifications\/ Dipl\u00f4mes: Docteur en Science Politique Expertise: M\u00e9diation, n\u00e9gociation, facilitation, leadership, r\u00e9solution de conflits, reconstruction post-conflit. Sp\u00e9cialit\u00e9: Afrique Centrale, Afrique de l&rsquo;Ouest. Contact: ahamed@thinkingafrica.org Sa\u00efd Abass Ahamed, Directeur de Thinking Africa, est docteur en science politique \u00e0 l\u2019Universit\u00e9 Panth\u00e9on-Sorbonne \u00e0 Paris. Sa th\u00e8se s\u2019intitule D\u00e9mocratiser en temps de guerre: l\u2019intervention des Nations Unies et [&hellip;]\" \/>\n<meta property=\"og:url\" content=\"https:\/\/www.thinkingafrica.org\/V2\/thinking-africa\/management\/said-abass-ahamed\/\" \/>\n<meta property=\"og:site_name\" content=\"Thinking Africa\" \/>\n<meta property=\"article:modified_time\" content=\"2014-05-08T12:18:45+00:00\" \/>\n<meta property=\"og:image\" content=\"http:\/\/www.thinkingafrica.org\/V2\/wp-content\/uploads\/2012\/12\/Portrait-SAA.jpg\" \/>\n<meta name=\"twitter:card\" content=\"summary_large_image\" \/>\n<meta name=\"twitter:label1\" content=\"Dur\u00e9e de lecture estim\u00e9e\" \/>\n\t<meta name=\"twitter:data1\" content=\"2 minutes\" \/>\n<script type=\"application\/ld+json\" class=\"yoast-schema-graph\">{\"@context\":\"https:\\\/\\\/schema.org\",\"@graph\":[{\"@type\":\"WebPage\",\"@id\":\"https:\\\/\\\/www.thinkingafrica.org\\\/V2\\\/thinking-africa\\\/management\\\/said-abass-ahamed\\\/\",\"url\":\"https:\\\/\\\/www.thinkingafrica.org\\\/V2\\\/thinking-africa\\\/management\\\/said-abass-ahamed\\\/\",\"name\":\"Said Abass Ahamed - Thinking Africa\",\"isPartOf\":{\"@id\":\"https:\\\/\\\/www.thinkingafrica.org\\\/V2\\\/#website\"},\"primaryImageOfPage\":{\"@id\":\"https:\\\/\\\/www.thinkingafrica.org\\\/V2\\\/thinking-africa\\\/management\\\/said-abass-ahamed\\\/#primaryimage\"},\"image\":{\"@id\":\"https:\\\/\\\/www.thinkingafrica.org\\\/V2\\\/thinking-africa\\\/management\\\/said-abass-ahamed\\\/#primaryimage\"},\"thumbnailUrl\":\"http:\\\/\\\/www.thinkingafrica.org\\\/V2\\\/wp-content\\\/uploads\\\/2012\\\/12\\\/Portrait-SAA.jpg\",\"datePublished\":\"2012-12-29T14:55:07+00:00\",\"dateModified\":\"2014-05-08T12:18:45+00:00\",\"breadcrumb\":{\"@id\":\"https:\\\/\\\/www.thinkingafrica.org\\\/V2\\\/thinking-africa\\\/management\\\/said-abass-ahamed\\\/#breadcrumb\"},\"inLanguage\":\"fr-FR\",\"potentialAction\":[{\"@type\":\"ReadAction\",\"target\":[\"https:\\\/\\\/www.thinkingafrica.org\\\/V2\\\/thinking-africa\\\/management\\\/said-abass-ahamed\\\/\"]}]},{\"@type\":\"ImageObject\",\"inLanguage\":\"fr-FR\",\"@id\":\"https:\\\/\\\/www.thinkingafrica.org\\\/V2\\\/thinking-africa\\\/management\\\/said-abass-ahamed\\\/#primaryimage\",\"url\":\"https:\\\/\\\/www.thinkingafrica.org\\\/V2\\\/wp-content\\\/uploads\\\/2012\\\/12\\\/Portrait-SAA.jpg\",\"contentUrl\":\"https:\\\/\\\/www.thinkingafrica.org\\\/V2\\\/wp-content\\\/uploads\\\/2012\\\/12\\\/Portrait-SAA.jpg\",\"width\":150,\"height\":150},{\"@type\":\"BreadcrumbList\",\"@id\":\"https:\\\/\\\/www.thinkingafrica.org\\\/V2\\\/thinking-africa\\\/management\\\/said-abass-ahamed\\\/#breadcrumb\",\"itemListElement\":[{\"@type\":\"ListItem\",\"position\":1,\"name\":\"Accueil\",\"item\":\"https:\\\/\\\/www.thinkingafrica.org\\\/V2\\\/\"},{\"@type\":\"ListItem\",\"position\":2,\"name\":\"Thinking Africa\",\"item\":\"https:\\\/\\\/www.thinkingafrica.org\\\/V2\\\/thinking-africa\\\/\"},{\"@type\":\"ListItem\",\"position\":3,\"name\":\"Management &#038; Support\",\"item\":\"https:\\\/\\\/www.thinkingafrica.org\\\/V2\\\/thinking-africa\\\/management\\\/\"},{\"@type\":\"ListItem\",\"position\":4,\"name\":\"Said Abass Ahamed\"}]},{\"@type\":\"WebSite\",\"@id\":\"https:\\\/\\\/www.thinkingafrica.org\\\/V2\\\/#website\",\"url\":\"https:\\\/\\\/www.thinkingafrica.org\\\/V2\\\/\",\"name\":\"Thinking Africa\",\"description\":\"Recherche, r\u00e9flexions et ressources pour r\u00e9inventer le leadership africain\",\"potentialAction\":[{\"@type\":\"SearchAction\",\"target\":{\"@type\":\"EntryPoint\",\"urlTemplate\":\"https:\\\/\\\/www.thinkingafrica.org\\\/V2\\\/?s={search_term_string}\"},\"query-input\":{\"@type\":\"PropertyValueSpecification\",\"valueRequired\":true,\"valueName\":\"search_term_string\"}}],\"inLanguage\":\"fr-FR\"}]}<\/script>\n<!-- \/ Yoast SEO plugin. -->","yoast_head_json":{"title":"Said Abass Ahamed - Thinking Africa","robots":{"index":"index","follow":"follow","max-snippet":"max-snippet:-1","max-image-preview":"max-image-preview:large","max-video-preview":"max-video-preview:-1"},"canonical":"https:\/\/www.thinkingafrica.org\/V2\/thinking-africa\/management\/said-abass-ahamed\/","og_locale":"fr_FR","og_type":"article","og_title":"Said Abass Ahamed - Thinking Africa","og_description":"Directeur Qualifications\/ Dipl\u00f4mes: Docteur en Science Politique Expertise: M\u00e9diation, n\u00e9gociation, facilitation, leadership, r\u00e9solution de conflits, reconstruction post-conflit. Sp\u00e9cialit\u00e9: Afrique Centrale, Afrique de l&rsquo;Ouest. Contact: ahamed@thinkingafrica.org Sa\u00efd Abass Ahamed, Directeur de Thinking Africa, est docteur en science politique \u00e0 l\u2019Universit\u00e9 Panth\u00e9on-Sorbonne \u00e0 Paris. Sa th\u00e8se s\u2019intitule D\u00e9mocratiser en temps de guerre: l\u2019intervention des Nations Unies et [&hellip;]","og_url":"https:\/\/www.thinkingafrica.org\/V2\/thinking-africa\/management\/said-abass-ahamed\/","og_site_name":"Thinking Africa","article_modified_time":"2014-05-08T12:18:45+00:00","og_image":[{"url":"http:\/\/www.thinkingafrica.org\/V2\/wp-content\/uploads\/2012\/12\/Portrait-SAA.jpg","type":"","width":"","height":""}],"twitter_card":"summary_large_image","twitter_misc":{"Dur\u00e9e de lecture estim\u00e9e":"2 minutes"},"schema":{"@context":"https:\/\/schema.org","@graph":[{"@type":"WebPage","@id":"https:\/\/www.thinkingafrica.org\/V2\/thinking-africa\/management\/said-abass-ahamed\/","url":"https:\/\/www.thinkingafrica.org\/V2\/thinking-africa\/management\/said-abass-ahamed\/","name":"Said Abass Ahamed - Thinking Africa","isPartOf":{"@id":"https:\/\/www.thinkingafrica.org\/V2\/#website"},"primaryImageOfPage":{"@id":"https:\/\/www.thinkingafrica.org\/V2\/thinking-africa\/management\/said-abass-ahamed\/#primaryimage"},"image":{"@id":"https:\/\/www.thinkingafrica.org\/V2\/thinking-africa\/management\/said-abass-ahamed\/#primaryimage"},"thumbnailUrl":"http:\/\/www.thinkingafrica.org\/V2\/wp-content\/uploads\/2012\/12\/Portrait-SAA.jpg","datePublished":"2012-12-29T14:55:07+00:00","dateModified":"2014-05-08T12:18:45+00:00","breadcrumb":{"@id":"https:\/\/www.thinkingafrica.org\/V2\/thinking-africa\/management\/said-abass-ahamed\/#breadcrumb"},"inLanguage":"fr-FR","potentialAction":[{"@type":"ReadAction","target":["https:\/\/www.thinkingafrica.org\/V2\/thinking-africa\/management\/said-abass-ahamed\/"]}]},{"@type":"ImageObject","inLanguage":"fr-FR","@id":"https:\/\/www.thinkingafrica.org\/V2\/thinking-africa\/management\/said-abass-ahamed\/#primaryimage","url":"https:\/\/www.thinkingafrica.org\/V2\/wp-content\/uploads\/2012\/12\/Portrait-SAA.jpg","contentUrl":"https:\/\/www.thinkingafrica.org\/V2\/wp-content\/uploads\/2012\/12\/Portrait-SAA.jpg","width":150,"height":150},{"@type":"BreadcrumbList","@id":"https:\/\/www.thinkingafrica.org\/V2\/thinking-africa\/management\/said-abass-ahamed\/#breadcrumb","itemListElement":[{"@type":"ListItem","position":1,"name":"Accueil","item":"https:\/\/www.thinkingafrica.org\/V2\/"},{"@type":"ListItem","position":2,"name":"Thinking Africa","item":"https:\/\/www.thinkingafrica.org\/V2\/thinking-africa\/"},{"@type":"ListItem","position":3,"name":"Management &#038; Support","item":"https:\/\/www.thinkingafrica.org\/V2\/thinking-africa\/management\/"},{"@type":"ListItem","position":4,"name":"Said Abass Ahamed"}]},{"@type":"WebSite","@id":"https:\/\/www.thinkingafrica.org\/V2\/#website","url":"https:\/\/www.thinkingafrica.org\/V2\/","name":"Thinking Africa","description":"Recherche, r\u00e9flexions et ressources pour r\u00e9inventer le leadership africain","potentialAction":[{"@type":"SearchAction","target":{"@type":"EntryPoint","urlTemplate":"https:\/\/www.thinkingafrica.org\/V2\/?s={search_term_string}"},"query-input":{"@type":"PropertyValueSpecification","valueRequired":true,"valueName":"search_term_string"}}],"inLanguage":"fr-FR"}]}},"_links":{"self":[{"href":"https:\/\/www.thinkingafrica.org\/V2\/wp-json\/wp\/v2\/pages\/98","targetHints":{"allow":["GET"]}}],"collection":[{"href":"https:\/\/www.thinkingafrica.org\/V2\/wp-json\/wp\/v2\/pages"}],"about":[{"href":"https:\/\/www.thinkingafrica.org\/V2\/wp-json\/wp\/v2\/types\/page"}],"author":[{"embeddable":true,"href":"https:\/\/www.thinkingafrica.org\/V2\/wp-json\/wp\/v2\/users\/1"}],"replies":[{"embeddable":true,"href":"https:\/\/www.thinkingafrica.org\/V2\/wp-json\/wp\/v2\/comments?post=98"}],"version-history":[{"count":13,"href":"https:\/\/www.thinkingafrica.org\/V2\/wp-json\/wp\/v2\/pages\/98\/revisions"}],"predecessor-version":[{"id":3029,"href":"https:\/\/www.thinkingafrica.org\/V2\/wp-json\/wp\/v2\/pages\/98\/revisions\/3029"}],"up":[{"embeddable":true,"href":"https:\/\/www.thinkingafrica.org\/V2\/wp-json\/wp\/v2\/pages\/624"}],"wp:attachment":[{"href":"https:\/\/www.thinkingafrica.org\/V2\/wp-json\/wp\/v2\/media?parent=98"}],"curies":[{"name":"wp","href":"https:\/\/api.w.org\/{rel}","templated":true}]}}